{"id":13658,"date":"2018-04-13T17:06:33","date_gmt":"2018-04-13T15:06:33","guid":{"rendered":"http:\/\/graphito-prevention.fr\/?page_id=13658"},"modified":"2018-09-13T10:36:37","modified_gmt":"2018-09-13T08:36:37","slug":"outils-danimation-collaboratif","status":"publish","type":"page","link":"https:\/\/graphito-prevention.fr\/de\/outils-supports\/outils-danimation-collaboratif\/","title":{"rendered":"Outils d&#8217;animation collaboratif"},"content":{"rendered":"<p><div class=\"fusion-fullwidth fullwidth-box fusion-builder-row-1 nonhundred-percent-fullwidth non-hundred-percent-height-scrolling\"  style='background-color: rgba(255,255,255,0);background-position: center center;background-repeat: no-repeat;padding-top:0px;padding-right:0px;padding-bottom:0px;padding-left:0px;'><div class=\"fusion-builder-row fusion-row \"><div  class=\"fusion-layout-column fusion_builder_column fusion_builder_column_1_1 fusion-builder-column-1 fusion-one-full fusion-column-first fusion-column-last 1_1\"  style='margin-top:0px;margin-bottom:20px;'>\n\t\t\t\t\t<div class=\"fusion-column-wrapper\" style=\"padding: 0px 0px 0px 0px;background-position:left top;background-repeat:no-repeat;-webkit-background-size:cover;-moz-background-size:cover;-o-background-size:cover;background-size:cover;\"   data-bg-url=\"\">\n\t\t\t\t\t\t<div class=\"fusion-text title-page\"><h1 style=\"text-align: center;\">OUTILS D&#8217;ANIMATION COLLABORATIF<\/h1>\n<\/div><span class=\"fusion-imageframe imageframe-none imageframe-1 hover-type-none\"><img decoding=\"async\" loading=\"lazy\" src=\"https:\/\/graphito-prevention.fr\/wp-content\/uploads\/2018\/06\/bar_titile.jpg\" data-orig-src=\"http:\/\/graphito-prevention.fr\/wp-content\/uploads\/2018\/06\/bar_titile.jpg\" width=\"1100\" height=\"6\" alt=\"\" title=\"bar_titile\" class=\"lazyload img-responsive wp-image-14674\" srcset=\"data:image\/svg+xml,%3Csvg%20xmlns%3D%27http%3A%2F%2Fwww.w3.org%2F2000%2Fsvg%27%20width%3D%271100%27%20height%3D%276%27%20viewBox%3D%270%200%201100%206%27%3E%3Crect%20width%3D%271100%27%20height%3D%2736%27%20fill-opacity%3D%220%22%2F%3E%3C%2Fsvg%3E\" data-srcset=\"https:\/\/graphito-prevention.fr\/wp-content\/uploads\/2018\/06\/bar_titile-200x1.jpg 200w, https:\/\/graphito-prevention.fr\/wp-content\/uploads\/2018\/06\/bar_titile-400x2.jpg 400w, https:\/\/graphito-prevention.fr\/wp-content\/uploads\/2018\/06\/bar_titile-600x3.jpg 600w, https:\/\/graphito-prevention.fr\/wp-content\/uploads\/2018\/06\/bar_titile-800x4.jpg 800w, https:\/\/graphito-prevention.fr\/wp-content\/uploads\/2018\/06\/bar_titile.jpg 1100w\" data-sizes=\"auto\" data-orig-sizes=\"(max-width: 800px) 100vw, 1100px\" \/><\/span><div class=\"fusion-clearfix\"><\/div>\n\n\t\t\t\t\t<\/div>\n\t\t\t\t<\/div><\/div><\/div><div class=\"fusion-fullwidth fullwidth-box fusion-builder-row-2 nonhundred-percent-fullwidth non-hundred-percent-height-scrolling\"  style='background-color: rgba(255,255,255,0);background-position: center center;background-repeat: no-repeat;padding-top:0px;padding-right:0px;padding-bottom:0px;padding-left:0px;'><div class=\"fusion-builder-row fusion-row \"><div  class=\"fusion-layout-column fusion_builder_column fusion_builder_column_1_1 fusion-builder-column-2 fusion-one-full fusion-column-first fusion-column-last 1_1\"  style='margin-top:0px;margin-bottom:20px;'>\n\t\t\t\t\t<div class=\"fusion-column-wrapper\" style=\"padding: 0px 0px 0px 0px;background-position:left top;background-repeat:no-repeat;-webkit-background-size:cover;-moz-background-size:cover;-o-background-size:cover;background-size:cover;\"   data-bg-url=\"\">\n\t\t\t\t\t\t<div class=\"fusion-text\"><p>Graphito Pr\u00e9vention d\u00e9veloppe un concept particulier permettant de faire adh\u00e9rer les salari\u00e9s \u00e0 la campagne de communication en pr\u00e9vention s\u00e9curit\u00e9 : il s\u2019agit de les rendre <strong>acteurs de la communication.<\/strong><\/p>\n<p>Gr\u00e2ce au challenge sc\u00e9nario, les salari\u00e9s imaginent et cr\u00e9ent eux-m\u00eames les messages et les visuels de leurs campagnes de communication. Ces messages peuvent prendre diff\u00e9rentes formes : mascotte, logo, affiches, d\u00e9pliants, vid\u00e9os, chasse aux risques\u00ae.<\/p>\n<p>D\u00e9couvrez des exemples clients.<\/p>\n<\/div><div class=\"fusion-clearfix\"><\/div>\n\n\t\t\t\t\t<\/div>\n\t\t\t\t<\/div><div  class=\"fusion-layout-column fusion_builder_column fusion_builder_column_1_3 fusion-builder-column-3 fusion-one-third fusion-column-first 1_3\"  style='margin-top:0px;margin-bottom:20px;width:33.33%;width:calc(33.33% - ( ( 4% + 4% ) * 0.3333 ) );margin-right: 4%;'>\n\t\t\t\t\t<div class=\"fusion-column-wrapper\" style=\"padding: 0px 0px 0px 0px;background-position:left top;background-repeat:no-repeat;-webkit-background-size:cover;-moz-background-size:cover;-o-background-size:cover;background-size:cover;\"   data-bg-url=\"\">\n\t\t\t\t\t\t<style type=\"text\/css\"><\/style><div class=\"fusion-title title fusion-title-1 fusion-title-text fusion-title-size-one\" style=\"margin-top:0px;margin-bottom:31px;\"><h1 class=\"title-heading-left\" style=\"margin:0;\">Challenge mascotte<\/h1><div class=\"title-sep-container\"><div class=\"title-sep sep-double sep-solid\" style=\"border-color:#e0dede;\"><\/div><\/div><\/div><div class=\"fusion-text\"><p>Mettez vos collaborateurs \u00e0 contribution et imaginez ensemble votre mascotte pr\u00e9vention.<\/p>\n<\/div><style type=\"text\/css\">.fusion-image-before-after-1 .fusion-image-before-after-handle {border-color:#ffffff;}.fusion-image-before-after-1 .fusion-image-before-after-left-arrow {border-right-color:#ffffff;}.fusion-image-before-after-1 .fusion-image-before-after-right-arrow {border-left-color:#ffffff;}.fusion-image-before-after-1 .fusion-image-before-after-handle::after {background:#ffffff;box-shadow: 0 3px 0 #ffffff, 0 0 12px rgba(51,51,51,.5);}.fusion-image-before-after-1 .fusion-image-before-after-handle::before {background:#ffffff;box-shadow: 0 3px 0 #ffffff, 0 0 12px rgba(51,51,51,.5);}.fusion-image-before-after-1 .fusion-image-before-after-handle {background:rgba(255,255,255,0);}.fusion-image-before-after-1 .fusion-image-before-after-before-label:before,.fusion-image-before-after-1 .fusion-image-before-after-after-label:before{font-size:13px;}.fusion-image-before-after-1 .fusion-image-before-after-before-label:before,.fusion-image-before-after-1 .fusion-image-before-after-after-label:before{color:#ffffff;background:rgba(255,255,255,0.15);}<\/style><div class=\"fusion-image-before-after-wrapper fusion-image-before-after-horizontal fusion-image-before-after-wrapper-1\"><div class=\"fusion-image-before-after-element fusion-image-before-after fusion-image-before-after-container fusion-image-before-after-1\" data-offset=\"0.5\" data-orientation=\"horizontal\" data-move-with-handle-only=\"true\" data-click-to-move=\"true\"><img alt=\"crayonn\u00e9\" class=\"fusion-image-before-after-before lazyload\" src=\"data:image\/gif;base64,R0lGODlhAQABAAAAACH5BAEKAAEALAAAAAABAAEAAAICTAEAOw==\" data-orig-src=\"http:\/\/graphito-prevention.fr\/wp-content\/uploads\/2018\/06\/CS-croqui-mascotte-223x300.jpg\"><img alt=\"mascotte finalis\u00e9e\" class=\"fusion-image-before-after-after lazyload\" src=\"data:image\/gif;base64,R0lGODlhAQABAAAAACH5BAEKAAEALAAAAAABAAEAAAICTAEAOw==\" data-orig-src=\"http:\/\/graphito-prevention.fr\/wp-content\/uploads\/2018\/06\/CS-resulta-mascotte-223x300.jpg\"><div class=\"fusion-image-before-after-overlay before-after-overlay-image-centered\"><div class=\"fusion-image-before-after-before-label\" data-content=\"crayonn\u00e9\"><\/div><div class=\"fusion-image-before-after-after-label\" data-content=\"mascotte finalis\u00e9e\"><\/div><\/div><div class=\"fusion-image-before-after-handle fusion-image-before-after-handle-default\"><span class=\"fusion-image-before-after-left-arrow\"><\/span><span class=\"fusion-image-before-after-right-arrow\"><\/span><\/div><\/div><\/div><div class=\"fusion-clearfix\"><\/div>\n\n\t\t\t\t\t<\/div>\n\t\t\t\t<\/div><div  class=\"fusion-layout-column fusion_builder_column fusion_builder_column_1_3 fusion-builder-column-4 fusion-one-third 1_3\"  style='margin-top:0px;margin-bottom:20px;width:33.33%;width:calc(33.33% - ( ( 4% + 4% ) * 0.3333 ) );margin-right: 4%;'>\n\t\t\t\t\t<div class=\"fusion-column-wrapper\" style=\"padding: 0px 0px 0px 0px;background-position:left top;background-repeat:no-repeat;-webkit-background-size:cover;-moz-background-size:cover;-o-background-size:cover;background-size:cover;\"   data-bg-url=\"\">\n\t\t\t\t\t\t<style type=\"text\/css\"><\/style><div class=\"fusion-title title fusion-title-2 fusion-title-text fusion-title-size-one\" style=\"margin-top:0px;margin-bottom:31px;\"><h1 class=\"title-heading-left\" style=\"margin:0;\">Challenge slogan<\/h1><div class=\"title-sep-container\"><div class=\"title-sep sep-double sep-solid\" style=\"border-color:#e0dede;\"><\/div><\/div><\/div><div class=\"fusion-text\"><p>Faites r\u00e9fl\u00e9chir vos collaborateurs aux messages pr\u00e9vention \u00e0 inscrire sur une affiche.<\/p>\n<\/div><style type=\"text\/css\">.fusion-image-before-after-2 .fusion-image-before-after-handle {border-color:#ffffff;}.fusion-image-before-after-2 .fusion-image-before-after-left-arrow {border-right-color:#ffffff;}.fusion-image-before-after-2 .fusion-image-before-after-right-arrow {border-left-color:#ffffff;}.fusion-image-before-after-2 .fusion-image-before-after-handle::after {background:#ffffff;box-shadow: 0 3px 0 #ffffff, 0 0 12px rgba(51,51,51,.5);}.fusion-image-before-after-2 .fusion-image-before-after-handle::before {background:#ffffff;box-shadow: 0 3px 0 #ffffff, 0 0 12px rgba(51,51,51,.5);}.fusion-image-before-after-2 .fusion-image-before-after-handle {background:rgba(255,255,255,0);}.fusion-image-before-after-2 .fusion-image-before-after-before-label:before,.fusion-image-before-after-2 .fusion-image-before-after-after-label:before{font-size:13px;}.fusion-image-before-after-2 .fusion-image-before-after-before-label:before,.fusion-image-before-after-2 .fusion-image-before-after-after-label:before{color:#ffffff;background:rgba(255,255,255,0.15);}<\/style><div class=\"fusion-image-before-after-wrapper fusion-image-before-after-horizontal fusion-image-before-after-wrapper-2\"><div class=\"fusion-image-before-after-element fusion-image-before-after fusion-image-before-after-container fusion-image-before-after-2\" data-offset=\"0.5\" data-orientation=\"horizontal\" data-move-with-handle-only=\"true\" data-click-to-move=\"true\"><img alt=\"crayonn\u00e9\" class=\"fusion-image-before-after-before lazyload\" src=\"data:image\/gif;base64,R0lGODlhAQABAAAAACH5BAEKAAEALAAAAAABAAEAAAICTAEAOw==\" data-orig-src=\"http:\/\/graphito-prevention.fr\/wp-content\/uploads\/2018\/06\/CS-croqui-logo-223x300.jpg\"><img alt=\"logo finalis\u00e9\" class=\"fusion-image-before-after-after lazyload\" src=\"data:image\/gif;base64,R0lGODlhAQABAAAAACH5BAEKAAEALAAAAAABAAEAAAICTAEAOw==\" data-orig-src=\"http:\/\/graphito-prevention.fr\/wp-content\/uploads\/2018\/06\/CS-resulta-logo-223x300.jpg\"><div class=\"fusion-image-before-after-overlay before-after-overlay-image-centered\"><div class=\"fusion-image-before-after-before-label\" data-content=\"crayonn\u00e9\"><\/div><div class=\"fusion-image-before-after-after-label\" data-content=\"logo finalis\u00e9\"><\/div><\/div><div class=\"fusion-image-before-after-handle fusion-image-before-after-handle-default\"><span class=\"fusion-image-before-after-left-arrow\"><\/span><span class=\"fusion-image-before-after-right-arrow\"><\/span><\/div><\/div><\/div><div class=\"fusion-clearfix\"><\/div>\n\n\t\t\t\t\t<\/div>\n\t\t\t\t<\/div><div  class=\"fusion-layout-column fusion_builder_column fusion_builder_column_1_3 fusion-builder-column-5 fusion-one-third fusion-column-last 1_3\"  style='margin-top:0px;margin-bottom:20px;width:33.33%;width:calc(33.33% - ( ( 4% + 4% ) * 0.3333 ) );'>\n\t\t\t\t\t<div class=\"fusion-column-wrapper\" style=\"padding: 0px 0px 0px 0px;background-position:left top;background-repeat:no-repeat;-webkit-background-size:cover;-moz-background-size:cover;-o-background-size:cover;background-size:cover;\"   data-bg-url=\"\">\n\t\t\t\t\t\t<style type=\"text\/css\"><\/style><div class=\"fusion-title title fusion-title-3 fusion-title-text fusion-title-size-one\" style=\"margin-top:0px;margin-bottom:31px;\"><h1 class=\"title-heading-left\" style=\"margin:0;\">Challenge affiches<\/h1><div class=\"title-sep-container\"><div class=\"title-sep sep-double sep-solid\" style=\"border-color:#e0dede;\"><\/div><\/div><\/div><div class=\"fusion-text\"><p>R\u00e9alisez une campagne d&#8217;affichage collaborative ! Cr\u00e9ez avec vos collaborateurs une s\u00e9rie d&#8217;affiches que vous pourrez exposer dans vos locaux.<\/p>\n<\/div><style type=\"text\/css\">.fusion-image-before-after-3 .fusion-image-before-after-handle {border-color:#ffffff;}.fusion-image-before-after-3 .fusion-image-before-after-left-arrow {border-right-color:#ffffff;}.fusion-image-before-after-3 .fusion-image-before-after-right-arrow {border-left-color:#ffffff;}.fusion-image-before-after-3 .fusion-image-before-after-handle::after {background:#ffffff;box-shadow: 0 3px 0 #ffffff, 0 0 12px rgba(51,51,51,.5);}.fusion-image-before-after-3 .fusion-image-before-after-handle::before {background:#ffffff;box-shadow: 0 3px 0 #ffffff, 0 0 12px rgba(51,51,51,.5);}.fusion-image-before-after-3 .fusion-image-before-after-handle {background:rgba(255,255,255,0);}.fusion-image-before-after-3 .fusion-image-before-after-before-label:before,.fusion-image-before-after-3 .fusion-image-before-after-after-label:before{font-size:13px;}.fusion-image-before-after-3 .fusion-image-before-after-before-label:before,.fusion-image-before-after-3 .fusion-image-before-after-after-label:before{color:#ffffff;background:rgba(255,255,255,0.15);}<\/style><div class=\"fusion-image-before-after-wrapper fusion-image-before-after-horizontal fusion-image-before-after-wrapper-3\"><div class=\"fusion-image-before-after-element fusion-image-before-after fusion-image-before-after-container fusion-image-before-after-3\" data-offset=\"0.5\" data-orientation=\"horizontal\" data-move-with-handle-only=\"true\" data-click-to-move=\"true\"><img alt=\"crayonn\u00e9\" class=\"fusion-image-before-after-before lazyload\" src=\"data:image\/gif;base64,R0lGODlhAQABAAAAACH5BAEKAAEALAAAAAABAAEAAAICTAEAOw==\" data-orig-src=\"http:\/\/graphito-prevention.fr\/wp-content\/uploads\/2018\/06\/CS-croqui-affiche-223x300.jpg\"><img alt=\"affiche finalis\u00e9e\" class=\"fusion-image-before-after-after lazyload\" src=\"data:image\/gif;base64,R0lGODlhAQABAAAAACH5BAEKAAEALAAAAAABAAEAAAICTAEAOw==\" data-orig-src=\"http:\/\/graphito-prevention.fr\/wp-content\/uploads\/2018\/06\/CS-resulta-affiche-223x300.jpg\"><div class=\"fusion-image-before-after-overlay before-after-overlay-image-centered\"><div class=\"fusion-image-before-after-before-label\" data-content=\"crayonn\u00e9\"><\/div><div class=\"fusion-image-before-after-after-label\" data-content=\"affiche finalis\u00e9e\"><\/div><\/div><div class=\"fusion-image-before-after-handle fusion-image-before-after-handle-default\"><span class=\"fusion-image-before-after-left-arrow\"><\/span><span class=\"fusion-image-before-after-right-arrow\"><\/span><\/div><\/div><\/div><div class=\"fusion-clearfix\"><\/div>\n\n\t\t\t\t\t<\/div>\n\t\t\t\t<\/div><\/div><\/div><div class=\"fusion-fullwidth fullwidth-box fusion-builder-row-3 fusion-parallax-none nonhundred-percent-fullwidth non-hundred-percent-height-scrolling lazyload\"  style='background-color: rgba(255,255,255,0);background-position: left bottom;background-repeat: repeat-x;padding-top:0px;padding-right:0px;padding-bottom:0px;padding-left:0px;' data-bg=\"http:\/\/graphito-prevention.fr\/wp-content\/uploads\/2018\/05\/creneau.jpg\"><div class=\"fusion-builder-row fusion-row \"><div  class=\"fusion-layout-column fusion_builder_column fusion_builder_column_1_1 fusion-builder-column-6 fusion-one-full fusion-column-first fusion-column-last 1_1\"  style='margin-top:0px;margin-bottom:20px;'>\n\t\t\t\t\t<div class=\"fusion-column-wrapper\" style=\"padding: 0px 0px 0px 0px;background-position:left top;background-repeat:no-repeat;-webkit-background-size:cover;-moz-background-size:cover;-o-background-size:cover;background-size:cover;\"   data-bg-url=\"\">\n\t\t\t\t\t\t<div class=\"fusion-clearfix\"><\/div>\n\n\t\t\t\t\t<\/div>\n\t\t\t\t<\/div><\/div><\/div><\/p>\n","protected":false},"excerpt":{"rendered":"","protected":false},"author":5,"featured_media":0,"parent":13159,"menu_order":0,"comment_status":"closed","ping_status":"closed","template":"100-width.php","meta":{"_monsterinsights_skip_tracking":false,"_monsterinsights_sitenote_active":false,"_monsterinsights_sitenote_note":"","_monsterinsights_sitenote_category":0},"yoast_head":"<!-- This site is optimized with the Yoast SEO plugin v20.1 - https:\/\/yoast.com\/wordpress\/plugins\/seo\/ -->\n<title>Outils d&#039;animation collaboratif - Graphito Prevention<\/title>\n<meta name=\"robots\" content=\"index, follow, max-snippet:-1, max-image-preview:large, max-video-preview:-1\" \/>\n<link rel=\"canonical\" href=\"https:\/\/graphito-prevention.fr\/outils-supports\/outils-danimation-collaboratif\/\" \/>\n<meta property=\"og:locale\" content=\"de_DE\" \/>\n<meta property=\"og:type\" content=\"article\" \/>\n<meta property=\"og:title\" content=\"Outils d&#039;animation collaboratif - Graphito Prevention\" \/>\n<meta property=\"og:url\" content=\"https:\/\/graphito-prevention.fr\/outils-supports\/outils-danimation-collaboratif\/\" \/>\n<meta property=\"og:site_name\" content=\"Graphito Prevention\" \/>\n<meta property=\"article:publisher\" content=\"https:\/\/www.facebook.com\/GraphitoPrevention\/\" \/>\n<meta property=\"article:modified_time\" content=\"2018-09-13T08:36:37+00:00\" \/>\n<meta name=\"twitter:card\" content=\"summary_large_image\" \/>\n<meta name=\"twitter:site\" content=\"@GraphitoPrev\" \/>\n<meta name=\"twitter:label1\" content=\"Gesch\u00e4tzte Lesezeit\" \/>\n\t<meta name=\"twitter:data1\" content=\"6\u00a0Minuten\" \/>\n<script type=\"application\/ld+json\" class=\"yoast-schema-graph\">{\"@context\":\"https:\/\/schema.org\",\"@graph\":[{\"@type\":\"WebPage\",\"@id\":\"https:\/\/graphito-prevention.fr\/outils-supports\/outils-danimation-collaboratif\/\",\"url\":\"https:\/\/graphito-prevention.fr\/outils-supports\/outils-danimation-collaboratif\/\",\"name\":\"Outils d'animation collaboratif - Graphito Prevention\",\"isPartOf\":{\"@id\":\"https:\/\/graphito-prevention.fr\/#website\"},\"datePublished\":\"2018-04-13T15:06:33+00:00\",\"dateModified\":\"2018-09-13T08:36:37+00:00\",\"breadcrumb\":{\"@id\":\"https:\/\/graphito-prevention.fr\/outils-supports\/outils-danimation-collaboratif\/#breadcrumb\"},\"inLanguage\":\"de\",\"potentialAction\":[{\"@type\":\"ReadAction\",\"target\":[\"https:\/\/graphito-prevention.fr\/outils-supports\/outils-danimation-collaboratif\/\"]}]},{\"@type\":\"BreadcrumbList\",\"@id\":\"https:\/\/graphito-prevention.fr\/outils-supports\/outils-danimation-collaboratif\/#breadcrumb\",\"itemListElement\":[{\"@type\":\"ListItem\",\"position\":1,\"name\":\"Accueil\",\"item\":\"https:\/\/graphito-prevention.fr\/\"},{\"@type\":\"ListItem\",\"position\":2,\"name\":\"Outils et supports\",\"item\":\"https:\/\/graphito-prevention.fr\/outils-supports\/\"},{\"@type\":\"ListItem\",\"position\":3,\"name\":\"Outils d&rsquo;animation collaboratif\"}]},{\"@type\":\"WebSite\",\"@id\":\"https:\/\/graphito-prevention.fr\/#website\",\"url\":\"https:\/\/graphito-prevention.fr\/\",\"name\":\"Graphito Prevention\",\"description\":\"Conseil et communication en pr\u00e9vention\",\"publisher\":{\"@id\":\"https:\/\/graphito-prevention.fr\/#organization\"},\"potentialAction\":[{\"@type\":\"SearchAction\",\"target\":{\"@type\":\"EntryPoint\",\"urlTemplate\":\"https:\/\/graphito-prevention.fr\/?s={search_term_string}\"},\"query-input\":\"required name=search_term_string\"}],\"inLanguage\":\"de\"},{\"@type\":\"Organization\",\"@id\":\"https:\/\/graphito-prevention.fr\/#organization\",\"name\":\"Graphito Cr\u00e9ation\",\"url\":\"https:\/\/graphito-prevention.fr\/\",\"logo\":{\"@type\":\"ImageObject\",\"inLanguage\":\"de\",\"@id\":\"https:\/\/graphito-prevention.fr\/#\/schema\/logo\/image\/\",\"url\":\"https:\/\/graphito-prevention.fr\/wp-content\/uploads\/2018\/03\/graphito-small.png\",\"contentUrl\":\"https:\/\/graphito-prevention.fr\/wp-content\/uploads\/2018\/03\/graphito-small.png\",\"width\":128,\"height\":54,\"caption\":\"Graphito Cr\u00e9ation\"},\"image\":{\"@id\":\"https:\/\/graphito-prevention.fr\/#\/schema\/logo\/image\/\"},\"sameAs\":[\"https:\/\/www.facebook.com\/GraphitoPrevention\/\",\"https:\/\/twitter.com\/GraphitoPrev\",\"https:\/\/www.linkedin.com\/company\/10174627\/\",\"https:\/\/www.youtube.com\/channel\/UCe0xe-hQZvvYjrWHIcfcPHA\"]}]}<\/script>\n<!-- \/ Yoast SEO plugin. -->","yoast_head_json":{"title":"Outils d'animation collaboratif - Graphito Prevention","robots":{"index":"index","follow":"follow","max-snippet":"max-snippet:-1","max-image-preview":"max-image-preview:large","max-video-preview":"max-video-preview:-1"},"canonical":"https:\/\/graphito-prevention.fr\/outils-supports\/outils-danimation-collaboratif\/","og_locale":"de_DE","og_type":"article","og_title":"Outils d'animation collaboratif - Graphito Prevention","og_url":"https:\/\/graphito-prevention.fr\/outils-supports\/outils-danimation-collaboratif\/","og_site_name":"Graphito Prevention","article_publisher":"https:\/\/www.facebook.com\/GraphitoPrevention\/","article_modified_time":"2018-09-13T08:36:37+00:00","twitter_card":"summary_large_image","twitter_site":"@GraphitoPrev","twitter_misc":{"Gesch\u00e4tzte Lesezeit":"6\u00a0Minuten"},"schema":{"@context":"https:\/\/schema.org","@graph":[{"@type":"WebPage","@id":"https:\/\/graphito-prevention.fr\/outils-supports\/outils-danimation-collaboratif\/","url":"https:\/\/graphito-prevention.fr\/outils-supports\/outils-danimation-collaboratif\/","name":"Outils d'animation collaboratif - Graphito Prevention","isPartOf":{"@id":"https:\/\/graphito-prevention.fr\/#website"},"datePublished":"2018-04-13T15:06:33+00:00","dateModified":"2018-09-13T08:36:37+00:00","breadcrumb":{"@id":"https:\/\/graphito-prevention.fr\/outils-supports\/outils-danimation-collaboratif\/#breadcrumb"},"inLanguage":"de","potentialAction":[{"@type":"ReadAction","target":["https:\/\/graphito-prevention.fr\/outils-supports\/outils-danimation-collaboratif\/"]}]},{"@type":"BreadcrumbList","@id":"https:\/\/graphito-prevention.fr\/outils-supports\/outils-danimation-collaboratif\/#breadcrumb","itemListElement":[{"@type":"ListItem","position":1,"name":"Accueil","item":"https:\/\/graphito-prevention.fr\/"},{"@type":"ListItem","position":2,"name":"Outils et supports","item":"https:\/\/graphito-prevention.fr\/outils-supports\/"},{"@type":"ListItem","position":3,"name":"Outils d&rsquo;animation collaboratif"}]},{"@type":"WebSite","@id":"https:\/\/graphito-prevention.fr\/#website","url":"https:\/\/graphito-prevention.fr\/","name":"Graphito Prevention","description":"Conseil et communication en pr\u00e9vention","publisher":{"@id":"https:\/\/graphito-prevention.fr\/#organization"},"potentialAction":[{"@type":"SearchAction","target":{"@type":"EntryPoint","urlTemplate":"https:\/\/graphito-prevention.fr\/?s={search_term_string}"},"query-input":"required name=search_term_string"}],"inLanguage":"de"},{"@type":"Organization","@id":"https:\/\/graphito-prevention.fr\/#organization","name":"Graphito Cr\u00e9ation","url":"https:\/\/graphito-prevention.fr\/","logo":{"@type":"ImageObject","inLanguage":"de","@id":"https:\/\/graphito-prevention.fr\/#\/schema\/logo\/image\/","url":"https:\/\/graphito-prevention.fr\/wp-content\/uploads\/2018\/03\/graphito-small.png","contentUrl":"https:\/\/graphito-prevention.fr\/wp-content\/uploads\/2018\/03\/graphito-small.png","width":128,"height":54,"caption":"Graphito Cr\u00e9ation"},"image":{"@id":"https:\/\/graphito-prevention.fr\/#\/schema\/logo\/image\/"},"sameAs":["https:\/\/www.facebook.com\/GraphitoPrevention\/","https:\/\/twitter.com\/GraphitoPrev","https:\/\/www.linkedin.com\/company\/10174627\/","https:\/\/www.youtube.com\/channel\/UCe0xe-hQZvvYjrWHIcfcPHA"]}]}},"_links":{"self":[{"href":"https:\/\/graphito-prevention.fr\/de\/wp-json\/wp\/v2\/pages\/13658"}],"collection":[{"href":"https:\/\/graphito-prevention.fr\/de\/wp-json\/wp\/v2\/pages"}],"about":[{"href":"https:\/\/graphito-prevention.fr\/de\/wp-json\/wp\/v2\/types\/page"}],"author":[{"embeddable":true,"href":"https:\/\/graphito-prevention.fr\/de\/wp-json\/wp\/v2\/users\/5"}],"replies":[{"embeddable":true,"href":"https:\/\/graphito-prevention.fr\/de\/wp-json\/wp\/v2\/comments?post=13658"}],"version-history":[{"count":15,"href":"https:\/\/graphito-prevention.fr\/de\/wp-json\/wp\/v2\/pages\/13658\/revisions"}],"predecessor-version":[{"id":15534,"href":"https:\/\/graphito-prevention.fr\/de\/wp-json\/wp\/v2\/pages\/13658\/revisions\/15534"}],"up":[{"embeddable":true,"href":"https:\/\/graphito-prevention.fr\/de\/wp-json\/wp\/v2\/pages\/13159"}],"wp:attachment":[{"href":"https:\/\/graphito-prevention.fr\/de\/wp-json\/wp\/v2\/media?parent=13658"}],"curies":[{"name":"wp","href":"https:\/\/api.w.org\/{rel}","templated":true}]}}