{"id":14322,"date":"2018-05-25T14:54:12","date_gmt":"2018-05-25T12:54:12","guid":{"rendered":"http:\/\/graphito-prevention.fr\/?page_id=14322"},"modified":"2020-03-25T12:29:41","modified_gmt":"2020-03-25T11:29:41","slug":"conditions-generales-utilisation","status":"publish","type":"page","link":"https:\/\/graphito-prevention.fr\/de\/conditions-generales-utilisation\/","title":{"rendered":"Conditions g\u00e9n\u00e9rales d&#8217;utilisation"},"content":{"rendered":"<p><div class=\"fusion-fullwidth fullwidth-box fusion-builder-row-7 nonhundred-percent-fullwidth non-hundred-percent-height-scrolling\"  style='background-color: rgba(255,255,255,0);background-position: center center;background-repeat: no-repeat;padding-top:0px;padding-right:0px;padding-bottom:0px;padding-left:0px;'><div class=\"fusion-builder-row fusion-row \"><div  class=\"fusion-layout-column fusion_builder_column fusion_builder_column_1_1 fusion-builder-column-7 fusion-one-full fusion-column-first fusion-column-last 1_1\"  style='margin-top:0px;margin-bottom:20px;'>\n\t\t\t\t\t<div class=\"fusion-column-wrapper\" style=\"background-position:left top;background-repeat:no-repeat;-webkit-background-size:cover;-moz-background-size:cover;-o-background-size:cover;background-size:cover;\"   data-bg-url=\"\">\n\t\t\t\t\t\t<div class=\"fusion-text title-page\"><h1 style=\"text-align: center;\"><strong>Conditions G\u00e9n\u00e9rales d\u2019Utilisation \u2013 Graphito Cr\u00e9ation<\/strong><\/h1>\n<\/div><span class=\"fusion-imageframe imageframe-none imageframe-3 hover-type-none\"><img decoding=\"async\" loading=\"lazy\" src=\"https:\/\/graphito-prevention.fr\/wp-content\/uploads\/2018\/06\/bar_titile.jpg\" data-orig-src=\"http:\/\/graphito-prevention.fr\/wp-content\/uploads\/2018\/06\/bar_titile.jpg\" width=\"1100\" height=\"6\" alt=\"\" title=\"bar_titile\" class=\"lazyload img-responsive wp-image-14674\" srcset=\"data:image\/svg+xml,%3Csvg%20xmlns%3D%27http%3A%2F%2Fwww.w3.org%2F2000%2Fsvg%27%20width%3D%271100%27%20height%3D%276%27%20viewBox%3D%270%200%201100%206%27%3E%3Crect%20width%3D%271100%27%20height%3D%2736%27%20fill-opacity%3D%220%22%2F%3E%3C%2Fsvg%3E\" data-srcset=\"https:\/\/graphito-prevention.fr\/wp-content\/uploads\/2018\/06\/bar_titile-200x1.jpg 200w, https:\/\/graphito-prevention.fr\/wp-content\/uploads\/2018\/06\/bar_titile-400x2.jpg 400w, https:\/\/graphito-prevention.fr\/wp-content\/uploads\/2018\/06\/bar_titile-600x3.jpg 600w, https:\/\/graphito-prevention.fr\/wp-content\/uploads\/2018\/06\/bar_titile-800x4.jpg 800w, https:\/\/graphito-prevention.fr\/wp-content\/uploads\/2018\/06\/bar_titile.jpg 1100w\" data-sizes=\"auto\" data-orig-sizes=\"(max-width: 800px) 100vw, 1100px\" \/><\/span><div class=\"fusion-clearfix\"><\/div>\n\n\t\t\t\t\t<\/div>\n\t\t\t\t<\/div><\/div><\/div><div class=\"fusion-fullwidth fullwidth-box fusion-builder-row-8 nonhundred-percent-fullwidth non-hundred-percent-height-scrolling\"  style='background-color: rgba(255,255,255,0);background-position: center center;background-repeat: no-repeat;padding-top:0px;padding-right:0px;padding-bottom:0px;padding-left:0px;'><div class=\"fusion-builder-row fusion-row \"><div  class=\"fusion-layout-column fusion_builder_column fusion_builder_column_1_1 fusion-builder-column-8 fusion-one-full fusion-column-first fusion-column-last 1_1\"  style='margin-top:0px;margin-bottom:0px;'>\n\t\t\t\t\t<div class=\"fusion-column-wrapper\" style=\"padding: 0px 0px 0px 0px;background-position:left top;background-repeat:no-repeat;-webkit-background-size:cover;-moz-background-size:cover;-o-background-size:cover;background-size:cover;\"   data-bg-url=\"\">\n\t\t\t\t\t\t<div class=\"fusion-text\"><ol>\n<li><strong>Objet <\/strong><\/li>\n<\/ol>\n<p>Les pr\u00e9sentes Conditions G\u00e9n\u00e9rales d\u2019Utilisation r\u00e9gissent l\u2019acc\u00e8s et l\u2019utilisation des Sites vitrine et e-commerce de Graphito Cr\u00e9ation.<\/p>\n<ol start=\"2\">\n<li><strong>D\u00e9finitions <\/strong><\/li>\n<\/ol>\n<p>Dans les pr\u00e9sentes Conditions G\u00e9n\u00e9rales d&#8217;Utilisation, les mots ou expressions commen\u00e7ant avec une majuscule auront la signification suivante :<\/p>\n<p><strong>\u00a0\u00ab\u00a0Adresse de courrier \u00e9lectronique (e-mail)\u00a0\u00bb <\/strong>: d\u00e9signe l\u2019adresse de courrier \u00e9lectronique renseign\u00e9e par l\u2019Utilisateur lors de la phase de cr\u00e9ation de son Compte. Cette Adresse pourra \u00eatre utilis\u00e9e par Graphito Cr\u00e9ation \u00e0 des fins commerciales uniquement.<\/p>\n<p><strong>\u00ab Charte Informatique et Libert\u00e9s \u00bb<\/strong> : d\u00e9signe le document accessible sur le Site, qui pr\u00e9sente les conditions suivant lesquelles Graphito Cr\u00e9ation traite les donn\u00e9es \u00e0 caract\u00e8re personnel qu\u2019elle recueille sur le Site. Cette charte fait partie int\u00e9grante des Conditions G\u00e9n\u00e9rales d&#8217;Utilisation telles que d\u00e9finies ci-dessous.<\/p>\n<p><strong>\u00ab\u00a0Client\u00a0\u00bb<\/strong> : d\u00e9signe toute personne physique ou morale disposant de la pleine capacit\u00e9 juridique et ayant ouvert un Compte sur le Site.<\/p>\n<p><strong>\u00a0\u00ab\u00a0Compte\u00a0\u00bb<\/strong> : d\u00e9signe le compte individuel d\u2019un Client, lui permettant d\u2019acc\u00e9der notamment aux services de Graphito Cr\u00e9ation et, notamment, la boutique en ligne et la plateforme Prevenline\u00ae.<\/p>\n<p><strong>\u00ab Conditions G\u00e9n\u00e9rales d\u2019Utilisation \u00bb<\/strong> ou <strong>\u00ab CGU \u00bb<\/strong> : d\u00e9signent les pr\u00e9sentes conditions d\u2019utilisation des Sites appartenant \u00e0 Graphito Cr\u00e9ation dont fait partie int\u00e9grante la Charte Informatique et Libert\u00e9s.<\/p>\n<p><strong>\u00a0\u00ab\u00a0Identifiant\u00a0\u00bb<\/strong> : d\u00e9signe l\u2019Adresse de courrier \u00e9lectronique renseign\u00e9e par l\u2019Utilisateur lors de son inscription.<\/p>\n<p><strong>\u00ab\u00a0Inscription\u00a0\u00bb<\/strong> : d\u00e9signe la proc\u00e9dure qui permet \u00e0 toute personne physique ou morale de saisir ses coordonn\u00e9es personnelles ou professionnelles et de cr\u00e9er un Compte.<\/p>\n<p><strong>\u00a0\u00ab\u00a0Mot de passe\u00a0\u00bb<\/strong> : d\u00e9signe une suite de caract\u00e8res renseign\u00e9e par l\u2019Utilisateur, constituant alors son code personnel, exclusif et confidentiel, lors de la cr\u00e9ation de son Compte et qui, associ\u00e9e \u00e0 l\u2019Identifiant, lui permet d\u2019acc\u00e9der \u00e0 son Compte.<\/p>\n<p><strong>\u00a0\u00ab Sites \u00bb<\/strong> : d\u00e9signe l\u2019ensemble des sites internet et plateformes en ligne appartenant \u00e0 Graphito Cr\u00e9ation.<\/p>\n<p><strong>\u00ab Utilisateur \u00bb<\/strong> : d\u00e9signe toute personne physique ou morale qui visite une ou plusieurs pages des Sites. Un Client est consid\u00e9r\u00e9 comme un Utilisateur.<\/p>\n<ol>\n<li><strong>Acceptation et modification des CGU et du Site <\/strong>\n<ol>\n<li>L&#8217;acc\u00e8s et l\u2019utilisation des Sites sont soumis \u00e0 l\u2019acceptation et au respect des pr\u00e9sentes Conditions G\u00e9n\u00e9rales d&#8217;Utilisation.<br \/>\nEn naviguant sur les Sites, quels que soient les moyens techniques d\u2019acc\u00e8s et les terminaux utilis\u00e9s, vous \u00eates pr\u00e9sum\u00e9 conna\u00eetre les pr\u00e9sentes CGU et en accepter les termes sans r\u00e9serve.<br \/>\nLes pr\u00e9sentes CGU s\u2019appliquent, autant que de besoin, \u00e0 toute d\u00e9clinaison ou extension du Site sur les r\u00e9seaux sociaux et\/ou communautaires existants ou \u00e0 venir.<\/li>\n<li>Les CGU peuvent \u00eatre modifi\u00e9es \u00e0 tout moment par Graphito Cr\u00e9ation du fait de la nature \u00e9volutive des Sites et des produits. Les Sites peuvent faire l&#8217;objet de divers am\u00e9nagements\u00a0: la mise \u00e0 disposition de nouvelles fonctionnalit\u00e9s, la suppression ou la modification de certaines d\u2019entre elles. En cas de d\u00e9saccord avec les CGU, aucun usage des Sites ne saurait \u00eatre effectu\u00e9 par l\u2019Utilisateur.<\/li>\n<\/ol>\n<\/li>\n<li><strong>Propri\u00e9t\u00e9 intellectuelle<\/strong><\/li>\n<\/ol>\n<p>Les Sites constituent des \u0153uvres prot\u00e9g\u00e9es par les lois en vigueur sur la propri\u00e9t\u00e9 intellectuelle dont Graphito Cr\u00e9ation est l\u2019auteur.<\/p>\n<p>La structure g\u00e9n\u00e9rale, les textes, les images anim\u00e9es ou non et tous les \u00e9l\u00e9ments composant le Site, sont prot\u00e9g\u00e9s et rel\u00e8vent de la l\u00e9gislation fran\u00e7aise sur le droit d&#8217;auteur et la propri\u00e9t\u00e9 intellectuelle. Tous les droits de reproduction sont r\u00e9serv\u00e9s, y compris pour les documents t\u00e9l\u00e9chargeables et les repr\u00e9sentations iconographiques et photographiques.<\/p>\n<p>Toute reproduction, repr\u00e9sentation, modification, publication, transmission, d\u00e9naturation, totale ou partielle du Site ou de son contenu, par quelque proc\u00e9d\u00e9 que ce soit et sur quelque support que ce soit, est interdite. Toute exploitation non autoris\u00e9e du Site ou de son contenu, des informations qui y sont divulgu\u00e9es, engagerait la responsabilit\u00e9 de l&#8217;Utilisateur et constituerait une contrefa\u00e7on sanctionn\u00e9e par les articles L 335-2 et suivants du code de la propri\u00e9t\u00e9 intellectuelle.<\/p>\n<p><strong>\u00a0\u00a0\u00a0\u00a0\u00a0 3. Donn\u00e9es personnelles<\/strong><\/p>\n<p>Pour toute information concernant le traitement de vos donn\u00e9es personnelles par Graphito Cr\u00e9ation, veuillez vous r\u00e9f\u00e9rer \u00e0 la Charte Informatique et Libert\u00e9s.<\/p>\n<p><strong>\u00a0\u00a0\u00a0\u00a0\u00a0 4. Responsabilit\u00e9 <\/strong><\/p>\n<p><strong>4.1 Responsabilit\u00e9 de l\u2019Utilisateur<\/strong><\/p>\n<p>Tous mat\u00e9riels et logiciels n\u00e9cessaires \u00e0 l\u2019acc\u00e8s et \u00e0 l\u2019utilisation des Sites restent exclusivement \u00e0 la charge de l\u2019Utilisateur qui est donc seul responsable du bon fonctionnement de son \u00e9quipement ainsi que de son acc\u00e8s \u00e0 internet.<\/p>\n<p>Il lui appartient ainsi de prendre toutes mesures appropri\u00e9es de fa\u00e7on \u00e0 prot\u00e9ger ses propres donn\u00e9es, syst\u00e8mes informatiques et\/ou logiciel de la contamination par d\u2019\u00e9ventuels virus.<\/p>\n<p>L\u2019Utilisateur est seul responsable de l\u2019utilisation qu\u2019il fait des Sites.<\/p>\n<p>L\u2019Utilisateur\/Client est responsable de tous les dommages qu&#8217;il pourra causer \u00e0 Graphito Cr\u00e9ation du fait du non-respect des CGU.<\/p>\n<p>En cas de manquements de l\u2019Utilisateur aux pr\u00e9sentes CGU, l\u2019acc\u00e8s aux Services sera automatiquement bloqu\u00e9, sans pr\u00e9judice de toute action judiciaire qui pourrait \u00eatre intent\u00e9e par Graphito Cr\u00e9ation et de tous dommages et int\u00e9r\u00eats qui pourraient \u00eatre r\u00e9clam\u00e9s.<\/p>\n<p>L\u2019Utilisateur s\u2019engage \u00e0 ne pas cr\u00e9er de lien hypertexte sans l\u2019accord de Graphito Cr\u00e9ation. Il s&#8217;engage \u00e0 informer Graphito Cr\u00e9ation sans d\u00e9lai, par tous moyens, de toute erreur, faute ou irr\u00e9gularit\u00e9 qu\u2019il constaterait dans l\u2019utilisation du Site et\/ou des Services, et ce, d\u00e8s qu\u2019il en a connaissance.<\/p>\n<p>Afin de r\u00e9pondre \u00e0 une alerte de s\u00e9curit\u00e9 (contr\u00f4le anti-virus, etc.), \u00e0 la demande d\u2019une autorit\u00e9 (administrative, judiciaire ou toute autorit\u00e9 habilit\u00e9e), \u00e0 une alerte \u00e9manant d\u2019un autre Utilisateur, Graphito Cr\u00e9ation se r\u00e9serve le droit, le cas \u00e9ch\u00e9ant :<\/p>\n<ul>\n<li>de conserver, \u00e0 des fins de preuve, toute information ne respectant pas les r\u00e8gles fix\u00e9es par les Conditions G\u00e9n\u00e9rales d\u2019Utilisation ;<\/li>\n<li>de conserver, \u00e0 des fins de preuve, tous logs, traces de connexion ou donn\u00e9es \u00e0 caract\u00e8re personnel ou non prouvant l\u2019imputabilit\u00e9 \u00e0 l\u2019Utilisateur des comportements ou actions en cause ;<\/li>\n<li>de modifier, rejeter et\/ou supprimer l\u2019acc\u00e8s \u00e0 toute information ne respectant pas les r\u00e8gles fix\u00e9es aux pr\u00e9sentes CGU ;<\/li>\n<li>d\u2019appliquer les stipulations de l\u2019article 6 \u00ab R\u00e9siliation &#8211; Manquement \u2013 Suspension \u00bb des CGU.<\/li>\n<\/ul>\n<p><strong>4.2 Responsabilit\u00e9 de Graphito Cr\u00e9ation<\/strong><\/p>\n<p>Graphito Cr\u00e9ation met en \u0153uvre tous les moyens raisonnables \u00e0 sa disposition pour assurer un acc\u00e8s de qualit\u00e9 aux Sites.<\/p>\n<p>Les Sites sont accessibles 24 heures sur 24, 7 jours sur 7, sauf en cas de force majeure ou de survenance d&#8217;un \u00e9v\u00e9nement hors du contr\u00f4le de Graphito Cr\u00e9ation et sous r\u00e9serve des \u00e9ventuelles pannes et interventions de maintenance n\u00e9cessaires au bon fonctionnement des Sites.<\/p>\n<p>Graphito Cr\u00e9ation ne peut, en outre, \u00eatre tenu responsable de tout dysfonctionnement du r\u00e9seau et\/ou des serveurs ou de tout autre \u00e9v\u00e9nement \u00e9chappant \u00e0 son contr\u00f4le, qui emp\u00eacherait ou d\u00e9graderait l&#8217;acc\u00e8s au Site et\/ou aux Services.<\/p>\n<p>Graphito Cr\u00e9ation se r\u00e9serve la possibilit\u00e9 d&#8217;interrompre, de suspendre momentan\u00e9ment ou de modifier sans pr\u00e9avis l&#8217;acc\u00e8s \u00e0 tout ou partie du Site et\/ ou des Services, afin d&#8217;en assurer la maintenance, ou pour toute autre raison, sans que l&#8217;interruption n&#8217;ouvre droit \u00e0 aucune obligation ni indemnisation.<\/p>\n<p>Graphito Cr\u00e9ation ne pourra \u00eatre responsable des dommages pouvant \u00eatre caus\u00e9s du fait :<\/p>\n<ul>\n<li>de l\u2019utilisation des Services par l\u2019Utilisateur\/Client de mani\u00e8re non conforme aux pr\u00e9sentes CGU et \u00e0 la r\u00e9glementation en vigueur ;<\/li>\n<li>du param\u00e9trage de l\u2019ordinateur de l\u2019Utilisateur\/Client lui permettant de s&#8217;identifier automatiquement et de laisser ainsi tout tiers utiliser le Site ou les Services avec son Compte ou en usurpant son identit\u00e9. En cons\u00e9quence, pour limiter ce risque, l\u2019Utilisateur\/le Client est invit\u00e9 \u00e0 s\u00e9curiser l\u2019acc\u00e8s \u00e0 son Compte (suppression des cookies et de l\u2019identification automatique, etc.).<\/li>\n<\/ul>\n<p><strong>5. Liens hypertextes<\/strong><\/p>\n<ol>\n<li>Le Site peut contenir des liens hypertextes menant vers d\u2019autres sites internet sur lesquels Graphito Cr\u00e9ation n\u2019exerce aucun contr\u00f4le. Malgr\u00e9 les v\u00e9rifications effectu\u00e9es avant la mise en place de tout lien hypertexte sur son site internet, Graphito Cr\u00e9ation d\u00e9cline toute responsabilit\u00e9 quant aux contenus de ces sites et des mises \u00e0 jour qui pourraient leur \u00eatre apport\u00e9es.<\/li>\n<li>Graphito Cr\u00e9ation autorise la mise en place de liens hypertextes vers toute page ou document de son Site. Cette mise en place de lien ne pourra se faire que sous r\u00e9serve que les auteurs du lien en aient pr\u00e9alablement inform\u00e9 le webmestre du Site. Sont naturellement exclus de cette autorisation les sites diffusant des informations \u00e0 caract\u00e8re illicite, violent, pol\u00e9mique, pornographique, x\u00e9nophobe ou pouvant porter atteinte \u00e0 la sensibilit\u00e9 du plus grand nombre. Enfin, Graphito Cr\u00e9ation se r\u00e9serve le droit de faire supprimer \u00e0 tout moment un lien hypertexte pointant vers son Site, si elle l\u2019estime non conforme \u00e0 sa politique \u00e9ditoriale.<\/li>\n<\/ol>\n<p><strong>6. Divers<\/strong><\/p>\n<p>Si une quelconque des clauses est tenue pour nulle et non avenue, elle sera r\u00e9put\u00e9e non \u00e9crite mais n&#8217;entra\u00eenera pas la nullit\u00e9 des autres clauses. Le d\u00e9faut pour Graphito Cr\u00e9ation d&#8217;exercer l&#8217;un des quelconques droits r\u00e9sultant des pr\u00e9sentes CGU ne constitue pas une renonciation \u00e0 faire valoir ses droits.<\/p>\n<p><strong>7. Droit applicable<\/strong><\/p>\n<p>Les Conditions G\u00e9n\u00e9rales d\u2019Utilisation sont soumises au Droit fran\u00e7ais.<\/p>\n<\/div><div class=\"fusion-clearfix\"><\/div>\n\n\t\t\t\t\t<\/div>\n\t\t\t\t<\/div><\/div><\/div><div class=\"fusion-fullwidth fullwidth-box fusion-builder-row-9 fusion-parallax-none nonhundred-percent-fullwidth non-hundred-percent-height-scrolling lazyload\"  style='background-color: rgba(255,255,255,0);background-position: left bottom;background-repeat: repeat-x;padding-top:0px;padding-right:0px;padding-bottom:0px;padding-left:0px;' data-bg=\"http:\/\/graphito-prevention.fr\/wp-content\/uploads\/2018\/05\/creneau.jpg\"><div class=\"fusion-builder-row fusion-row \"><div  class=\"fusion-layout-column fusion_builder_column fusion_builder_column_1_1 fusion-builder-column-9 fusion-one-full fusion-column-first fusion-column-last 1_1\"  style='margin-top:0px;margin-bottom:20px;'>\n\t\t\t\t\t<div class=\"fusion-column-wrapper\" style=\"background-position:left top;background-repeat:no-repeat;-webkit-background-size:cover;-moz-background-size:cover;-o-background-size:cover;background-size:cover;\"   data-bg-url=\"\">\n\t\t\t\t\t\t<div class=\"fusion-clearfix\"><\/div>\n\n\t\t\t\t\t<\/div>\n\t\t\t\t<\/div><\/div><\/div><\/p>","protected":false},"excerpt":{"rendered":"","protected":false},"author":5,"featured_media":0,"parent":0,"menu_order":0,"comment_status":"closed","ping_status":"closed","template":"100-width.php","meta":{"_monsterinsights_skip_tracking":false,"_monsterinsights_sitenote_active":false,"_monsterinsights_sitenote_note":"","_monsterinsights_sitenote_category":0},"yoast_head":"<!-- This site is optimized with the Yoast SEO plugin v20.1 - https:\/\/yoast.com\/wordpress\/plugins\/seo\/ -->\n<title>Conditions g\u00e9n\u00e9rales d&#039;utilisation - Graphito Prevention<\/title>\n<meta name=\"robots\" content=\"index, follow, max-snippet:-1, max-image-preview:large, max-video-preview:-1\" \/>\n<link rel=\"canonical\" href=\"https:\/\/graphito-prevention.fr\/conditions-generales-utilisation\/\" \/>\n<meta property=\"og:locale\" content=\"de_DE\" \/>\n<meta property=\"og:type\" content=\"article\" \/>\n<meta property=\"og:title\" content=\"Conditions g\u00e9n\u00e9rales d&#039;utilisation - Graphito Prevention\" \/>\n<meta property=\"og:url\" content=\"https:\/\/graphito-prevention.fr\/conditions-generales-utilisation\/\" \/>\n<meta property=\"og:site_name\" content=\"Graphito Prevention\" \/>\n<meta property=\"article:publisher\" content=\"https:\/\/www.facebook.com\/GraphitoPrevention\/\" \/>\n<meta property=\"article:modified_time\" content=\"2020-03-25T11:29:41+00:00\" \/>\n<meta name=\"twitter:card\" content=\"summary_large_image\" \/>\n<meta name=\"twitter:site\" content=\"@GraphitoPrev\" \/>\n<meta name=\"twitter:label1\" content=\"Gesch\u00e4tzte Lesezeit\" \/>\n\t<meta name=\"twitter:data1\" content=\"32\u00a0Minuten\" \/>\n<script type=\"application\/ld+json\" class=\"yoast-schema-graph\">{\"@context\":\"https:\/\/schema.org\",\"@graph\":[{\"@type\":\"WebPage\",\"@id\":\"https:\/\/graphito-prevention.fr\/conditions-generales-utilisation\/\",\"url\":\"https:\/\/graphito-prevention.fr\/conditions-generales-utilisation\/\",\"name\":\"Conditions g\u00e9n\u00e9rales d'utilisation - Graphito Prevention\",\"isPartOf\":{\"@id\":\"https:\/\/graphito-prevention.fr\/#website\"},\"datePublished\":\"2018-05-25T12:54:12+00:00\",\"dateModified\":\"2020-03-25T11:29:41+00:00\",\"breadcrumb\":{\"@id\":\"https:\/\/graphito-prevention.fr\/conditions-generales-utilisation\/#breadcrumb\"},\"inLanguage\":\"de\",\"potentialAction\":[{\"@type\":\"ReadAction\",\"target\":[\"https:\/\/graphito-prevention.fr\/conditions-generales-utilisation\/\"]}]},{\"@type\":\"BreadcrumbList\",\"@id\":\"https:\/\/graphito-prevention.fr\/conditions-generales-utilisation\/#breadcrumb\",\"itemListElement\":[{\"@type\":\"ListItem\",\"position\":1,\"name\":\"Accueil\",\"item\":\"https:\/\/graphito-prevention.fr\/\"},{\"@type\":\"ListItem\",\"position\":2,\"name\":\"Conditions g\u00e9n\u00e9rales d&rsquo;utilisation\"}]},{\"@type\":\"WebSite\",\"@id\":\"https:\/\/graphito-prevention.fr\/#website\",\"url\":\"https:\/\/graphito-prevention.fr\/\",\"name\":\"Graphito Prevention\",\"description\":\"Conseil et communication en pr\u00e9vention\",\"publisher\":{\"@id\":\"https:\/\/graphito-prevention.fr\/#organization\"},\"potentialAction\":[{\"@type\":\"SearchAction\",\"target\":{\"@type\":\"EntryPoint\",\"urlTemplate\":\"https:\/\/graphito-prevention.fr\/?s={search_term_string}\"},\"query-input\":\"required name=search_term_string\"}],\"inLanguage\":\"de\"},{\"@type\":\"Organization\",\"@id\":\"https:\/\/graphito-prevention.fr\/#organization\",\"name\":\"Graphito Cr\u00e9ation\",\"url\":\"https:\/\/graphito-prevention.fr\/\",\"logo\":{\"@type\":\"ImageObject\",\"inLanguage\":\"de\",\"@id\":\"https:\/\/graphito-prevention.fr\/#\/schema\/logo\/image\/\",\"url\":\"https:\/\/graphito-prevention.fr\/wp-content\/uploads\/2018\/03\/graphito-small.png\",\"contentUrl\":\"https:\/\/graphito-prevention.fr\/wp-content\/uploads\/2018\/03\/graphito-small.png\",\"width\":128,\"height\":54,\"caption\":\"Graphito Cr\u00e9ation\"},\"image\":{\"@id\":\"https:\/\/graphito-prevention.fr\/#\/schema\/logo\/image\/\"},\"sameAs\":[\"https:\/\/www.facebook.com\/GraphitoPrevention\/\",\"https:\/\/twitter.com\/GraphitoPrev\",\"https:\/\/www.linkedin.com\/company\/10174627\/\",\"https:\/\/www.youtube.com\/channel\/UCe0xe-hQZvvYjrWHIcfcPHA\"]}]}<\/script>\n<!-- \/ Yoast SEO plugin. -->","yoast_head_json":{"title":"Conditions g\u00e9n\u00e9rales d'utilisation - Graphito Prevention","robots":{"index":"index","follow":"follow","max-snippet":"max-snippet:-1","max-image-preview":"max-image-preview:large","max-video-preview":"max-video-preview:-1"},"canonical":"https:\/\/graphito-prevention.fr\/conditions-generales-utilisation\/","og_locale":"de_DE","og_type":"article","og_title":"Conditions g\u00e9n\u00e9rales d'utilisation - Graphito Prevention","og_url":"https:\/\/graphito-prevention.fr\/conditions-generales-utilisation\/","og_site_name":"Graphito Prevention","article_publisher":"https:\/\/www.facebook.com\/GraphitoPrevention\/","article_modified_time":"2020-03-25T11:29:41+00:00","twitter_card":"summary_large_image","twitter_site":"@GraphitoPrev","twitter_misc":{"Gesch\u00e4tzte Lesezeit":"32\u00a0Minuten"},"schema":{"@context":"https:\/\/schema.org","@graph":[{"@type":"WebPage","@id":"https:\/\/graphito-prevention.fr\/conditions-generales-utilisation\/","url":"https:\/\/graphito-prevention.fr\/conditions-generales-utilisation\/","name":"Conditions g\u00e9n\u00e9rales d'utilisation - Graphito Prevention","isPartOf":{"@id":"https:\/\/graphito-prevention.fr\/#website"},"datePublished":"2018-05-25T12:54:12+00:00","dateModified":"2020-03-25T11:29:41+00:00","breadcrumb":{"@id":"https:\/\/graphito-prevention.fr\/conditions-generales-utilisation\/#breadcrumb"},"inLanguage":"de","potentialAction":[{"@type":"ReadAction","target":["https:\/\/graphito-prevention.fr\/conditions-generales-utilisation\/"]}]},{"@type":"BreadcrumbList","@id":"https:\/\/graphito-prevention.fr\/conditions-generales-utilisation\/#breadcrumb","itemListElement":[{"@type":"ListItem","position":1,"name":"Accueil","item":"https:\/\/graphito-prevention.fr\/"},{"@type":"ListItem","position":2,"name":"Conditions g\u00e9n\u00e9rales d&rsquo;utilisation"}]},{"@type":"WebSite","@id":"https:\/\/graphito-prevention.fr\/#website","url":"https:\/\/graphito-prevention.fr\/","name":"Graphito Prevention","description":"Conseil et communication en pr\u00e9vention","publisher":{"@id":"https:\/\/graphito-prevention.fr\/#organization"},"potentialAction":[{"@type":"SearchAction","target":{"@type":"EntryPoint","urlTemplate":"https:\/\/graphito-prevention.fr\/?s={search_term_string}"},"query-input":"required name=search_term_string"}],"inLanguage":"de"},{"@type":"Organization","@id":"https:\/\/graphito-prevention.fr\/#organization","name":"Graphito Cr\u00e9ation","url":"https:\/\/graphito-prevention.fr\/","logo":{"@type":"ImageObject","inLanguage":"de","@id":"https:\/\/graphito-prevention.fr\/#\/schema\/logo\/image\/","url":"https:\/\/graphito-prevention.fr\/wp-content\/uploads\/2018\/03\/graphito-small.png","contentUrl":"https:\/\/graphito-prevention.fr\/wp-content\/uploads\/2018\/03\/graphito-small.png","width":128,"height":54,"caption":"Graphito Cr\u00e9ation"},"image":{"@id":"https:\/\/graphito-prevention.fr\/#\/schema\/logo\/image\/"},"sameAs":["https:\/\/www.facebook.com\/GraphitoPrevention\/","https:\/\/twitter.com\/GraphitoPrev","https:\/\/www.linkedin.com\/company\/10174627\/","https:\/\/www.youtube.com\/channel\/UCe0xe-hQZvvYjrWHIcfcPHA"]}]}},"_links":{"self":[{"href":"https:\/\/graphito-prevention.fr\/de\/wp-json\/wp\/v2\/pages\/14322"}],"collection":[{"href":"https:\/\/graphito-prevention.fr\/de\/wp-json\/wp\/v2\/pages"}],"about":[{"href":"https:\/\/graphito-prevention.fr\/de\/wp-json\/wp\/v2\/types\/page"}],"author":[{"embeddable":true,"href":"https:\/\/graphito-prevention.fr\/de\/wp-json\/wp\/v2\/users\/5"}],"replies":[{"embeddable":true,"href":"https:\/\/graphito-prevention.fr\/de\/wp-json\/wp\/v2\/comments?post=14322"}],"version-history":[{"count":6,"href":"https:\/\/graphito-prevention.fr\/de\/wp-json\/wp\/v2\/pages\/14322\/revisions"}],"predecessor-version":[{"id":18655,"href":"https:\/\/graphito-prevention.fr\/de\/wp-json\/wp\/v2\/pages\/14322\/revisions\/18655"}],"wp:attachment":[{"href":"https:\/\/graphito-prevention.fr\/de\/wp-json\/wp\/v2\/media?parent=14322"}],"curies":[{"name":"wp","href":"https:\/\/api.w.org\/{rel}","templated":true}]}}