{"id":14330,"date":"2018-05-25T17:03:07","date_gmt":"2018-05-25T15:03:07","guid":{"rendered":"http:\/\/graphito-prevention.fr\/?page_id=14330"},"modified":"2020-03-26T11:03:24","modified_gmt":"2020-03-26T10:03:24","slug":"mentions-legales","status":"publish","type":"page","link":"https:\/\/graphito-prevention.fr\/de\/mentions-legales\/","title":{"rendered":"Mentions l\u00e9gales"},"content":{"rendered":"<p><div class=\"fusion-fullwidth fullwidth-box fusion-builder-row-7 nonhundred-percent-fullwidth non-hundred-percent-height-scrolling\"  style='background-color: rgba(255,255,255,0);background-position: center center;background-repeat: no-repeat;padding-top:0px;padding-right:0px;padding-bottom:0px;padding-left:0px;'><div class=\"fusion-builder-row fusion-row \"><div  class=\"fusion-layout-column fusion_builder_column fusion_builder_column_1_1 fusion-builder-column-7 fusion-one-full fusion-column-first fusion-column-last 1_1\"  style='margin-top:0px;margin-bottom:20px;'>\n\t\t\t\t\t<div class=\"fusion-column-wrapper\" style=\"background-position:left top;background-repeat:no-repeat;-webkit-background-size:cover;-moz-background-size:cover;-o-background-size:cover;background-size:cover;\"   data-bg-url=\"\">\n\t\t\t\t\t\t<div class=\"fusion-text title-page\"><h1 style=\"text-align: center;\">MENTIONS LEGALES<\/h1>\n<\/div><span class=\"fusion-imageframe imageframe-none imageframe-3 hover-type-none\"><img decoding=\"async\" loading=\"lazy\" src=\"https:\/\/graphito-prevention.fr\/wp-content\/uploads\/2018\/06\/bar_titile.jpg\" data-orig-src=\"http:\/\/graphito-prevention.fr\/wp-content\/uploads\/2018\/06\/bar_titile.jpg\" width=\"1100\" height=\"6\" alt=\"\" title=\"bar_titile\" class=\"lazyload img-responsive wp-image-14674\" srcset=\"data:image\/svg+xml,%3Csvg%20xmlns%3D%27http%3A%2F%2Fwww.w3.org%2F2000%2Fsvg%27%20width%3D%271100%27%20height%3D%276%27%20viewBox%3D%270%200%201100%206%27%3E%3Crect%20width%3D%271100%27%20height%3D%2736%27%20fill-opacity%3D%220%22%2F%3E%3C%2Fsvg%3E\" data-srcset=\"https:\/\/graphito-prevention.fr\/wp-content\/uploads\/2018\/06\/bar_titile-200x1.jpg 200w, https:\/\/graphito-prevention.fr\/wp-content\/uploads\/2018\/06\/bar_titile-400x2.jpg 400w, https:\/\/graphito-prevention.fr\/wp-content\/uploads\/2018\/06\/bar_titile-600x3.jpg 600w, https:\/\/graphito-prevention.fr\/wp-content\/uploads\/2018\/06\/bar_titile-800x4.jpg 800w, https:\/\/graphito-prevention.fr\/wp-content\/uploads\/2018\/06\/bar_titile.jpg 1100w\" data-sizes=\"auto\" data-orig-sizes=\"(max-width: 800px) 100vw, 1100px\" \/><\/span><div class=\"fusion-clearfix\"><\/div>\n\n\t\t\t\t\t<\/div>\n\t\t\t\t<\/div><\/div><\/div><div class=\"fusion-fullwidth fullwidth-box fusion-builder-row-8 nonhundred-percent-fullwidth non-hundred-percent-height-scrolling\"  style='background-color: rgba(255,255,255,0);background-position: center center;background-repeat: no-repeat;padding-top:0px;padding-right:0px;padding-bottom:0px;padding-left:0px;'><div class=\"fusion-builder-row fusion-row \"><div  class=\"fusion-layout-column fusion_builder_column fusion_builder_column_1_1 fusion-builder-column-8 fusion-one-full fusion-column-first fusion-column-last 1_1\"  style='margin-top:0px;margin-bottom:0px;'>\n\t\t\t\t\t<div class=\"fusion-column-wrapper\" style=\"padding: 0px 0px 0px 0px;background-position:left top;background-repeat:no-repeat;-webkit-background-size:cover;-moz-background-size:cover;-o-background-size:cover;background-size:cover;\"   data-bg-url=\"\">\n\t\t\t\t\t\t<div class=\"fusion-text\"><h4>Pr\u00e9sentation du site h<a href=\"http:\/\/graphito-prevention.fr\/\">ttp:\/\/graphito-prevention.fr\/<\/a><\/h4>\n<p>Le site <a href=\"http:\/\/graphito-prevention.fr\/\">http:\/\/graphito-prevention.fr\/<\/a> est la propri\u00e9t\u00e9 de Graphito cr\u00e9ation. Ce site est optimis\u00e9 pour un \u00e9cran 1024 x 768 et pour les navigateurs I.E v.7 et sup\u00e9rieurs et Mozilla 1.5 et sup\u00e9rieurs.<\/p>\n<h4>Pour contacter le webmaster<\/h4>\n<p>Si vous avez rep\u00e9r\u00e9 une anomalie ou si vous souhaitez entrer en contact avec le gestionnaire principal du site, contactez Graphito cr\u00e9ation.<\/p>\n<h4>Respect de la l\u00e9gislation<\/h4>\n<p>Les informations fournies sur <a href=\"http:\/\/graphito-prevention.fr\/\">http:\/\/graphito-prevention.fr\/<\/a> le sont \u00e0 titre informatif. Graphito Cr\u00e9ation ne saurait garantir l&#8217;exactitude, la compl\u00e9tude, l&#8217;actualit\u00e9 des informations sur ce site. Les informations de ce site peuvent contenir des inexactitudes techniques ou des erreurs typographiques. Ces informations peuvent \u00eatre p\u00e9riodiquement modifi\u00e9es et les modifications seront incorpor\u00e9es dans les nouvelles \u00e9ditions. Graphito Cr\u00e9ation peut, \u00e0 tout moment, sans pr\u00e9avis, apporter des am\u00e9liorations ou des changements aux produits, aux programmes ou aux services d\u00e9crits sur ce site.<\/p>\n<p>Toute reproduction, repr\u00e9sentation, modification, publication, transmission, d\u00e9naturation, totale ou partielle du site ou de son contenu, par quelque proc\u00e9d\u00e9 que ce soit et sur quelque support que ce soit, est interdite. Toute exploitation non autoris\u00e9e du site ou de son contenu, des informations qui y sont divulgu\u00e9es, engagerait la responsabilit\u00e9 de l&#8217;utilisateur et constituerait une contrefa\u00e7on sanctionn\u00e9e par les articles L 335-2 et suivants du code de la propri\u00e9t\u00e9 intellectuelle.<\/p>\n<h4>Les liens hypertextes<\/h4>\n<p>Le site <a href=\"http:\/\/graphito-prevention.fr\/\">http:\/\/graphito-prevention.fr\/<\/a> donne acc\u00e8s \u00e0 d&#8217;autres sites via des liens hypertextes. Graphito Cr\u00e9ation n&#8217;\u00e9tant pas syst\u00e9matiquement le gestionnaire de ces sites, il ne peut en contr\u00f4ler le contenu. En cons\u00e9quence, Graphito Cr\u00e9ation ne pourra en aucun cas \u00eatre tenu pour responsable du contenu des sites ainsi accessibles ou des \u00e9ventuelles collectes et transmission de donn\u00e9es personnelles, installation de cookies et tout autre proc\u00e9d\u00e9 tendant aux m\u00eames fins, effectu\u00e9s par ces sites.<\/p>\n<h4>D\u00e9claration CNIL :<\/h4>\n<p>Directeur de la publication du site\u00a0: Monsieur Fabrice REBOULLET.<\/p>\n<h4>GRAPHITO CREATION<\/h4>\n<p>SIRET : 41086857400030<br \/>\nNAF : 7311 Z<br \/>\nN\u00b0 TVA INTRACOMMUNAUTAIRE : FR 594 108 685 74<br \/>\nCAPITAL SOCIAL : 15\u00a0000,00 Euros<br \/>\nRCS AVIGNON 410 868\u00a0574<\/p>\n<p>Conform\u00e9ment \u00e0 la loi n\u00b078-17 Informatique et Libert\u00e9s du 6 Janvier 1978 modifi\u00e9e par la loi n\u00b02004-801 du 6 ao\u00fbt 2004, vous disposez d&#8217;un droit d&#8217;acc\u00e8s, de rectification et d\u2019opposition aux donn\u00e9es personnelles vous concernant. Vous pouvez exercer ce droit en vous adressant \u00e0 Graphito Cr\u00e9ation, P\u00f4le Technologique Agroparc, impasse des pr\u00e8les, BP 71527, 84916 AVIGNON CEDEX 9 (tel. 04 90 13 40 00), en indiquant vos nom, pr\u00e9nom, e-mail, adresse et, si possible, votre r\u00e9f\u00e9rence client. Conform\u00e9ment \u00e0 la r\u00e9glementation en vigueur, votre demande doit \u00eatre sign\u00e9e et accompagn\u00e9e de la photocopie d\u2019un titre d\u2019identit\u00e9 portant votre signature et pr\u00e9ciser l\u2019adresse \u00e0 laquelle doit vous parvenir la r\u00e9ponse.<\/p>\n<\/div><div class=\"fusion-clearfix\"><\/div>\n\n\t\t\t\t\t<\/div>\n\t\t\t\t<\/div><\/div><\/div><div class=\"fusion-fullwidth fullwidth-box fusion-builder-row-9 fusion-parallax-none nonhundred-percent-fullwidth non-hundred-percent-height-scrolling lazyload\"  style='background-color: rgba(255,255,255,0);background-position: left bottom;background-repeat: repeat-x;padding-top:0px;padding-right:0px;padding-bottom:0px;padding-left:0px;' data-bg=\"http:\/\/graphito-prevention.fr\/wp-content\/uploads\/2018\/05\/creneau.jpg\"><div class=\"fusion-builder-row fusion-row \"><div  class=\"fusion-layout-column fusion_builder_column fusion_builder_column_1_1 fusion-builder-column-9 fusion-one-full fusion-column-first fusion-column-last 1_1\"  style='margin-top:0px;margin-bottom:20px;'>\n\t\t\t\t\t<div class=\"fusion-column-wrapper\" style=\"background-position:left top;background-repeat:no-repeat;-webkit-background-size:cover;-moz-background-size:cover;-o-background-size:cover;background-size:cover;\"   data-bg-url=\"\">\n\t\t\t\t\t\t<div class=\"fusion-clearfix\"><\/div>\n\n\t\t\t\t\t<\/div>\n\t\t\t\t<\/div><\/div><\/div><\/p>","protected":false},"excerpt":{"rendered":"","protected":false},"author":5,"featured_media":0,"parent":0,"menu_order":0,"comment_status":"closed","ping_status":"closed","template":"100-width.php","meta":{"_monsterinsights_skip_tracking":false,"_monsterinsights_sitenote_active":false,"_monsterinsights_sitenote_note":"","_monsterinsights_sitenote_category":0},"yoast_head":"<!-- This site is optimized with the Yoast SEO plugin v20.1 - https:\/\/yoast.com\/wordpress\/plugins\/seo\/ -->\n<title>Mentions l\u00e9gales - Graphito Prevention<\/title>\n<meta name=\"robots\" content=\"index, follow, max-snippet:-1, max-image-preview:large, max-video-preview:-1\" \/>\n<link rel=\"canonical\" href=\"https:\/\/graphito-prevention.fr\/mentions-legales\/\" \/>\n<meta property=\"og:locale\" content=\"de_DE\" \/>\n<meta property=\"og:type\" content=\"article\" \/>\n<meta property=\"og:title\" content=\"Mentions l\u00e9gales - Graphito Prevention\" \/>\n<meta property=\"og:url\" content=\"https:\/\/graphito-prevention.fr\/mentions-legales\/\" \/>\n<meta property=\"og:site_name\" content=\"Graphito Prevention\" \/>\n<meta property=\"article:publisher\" content=\"https:\/\/www.facebook.com\/GraphitoPrevention\/\" \/>\n<meta property=\"article:modified_time\" content=\"2020-03-26T10:03:24+00:00\" \/>\n<meta name=\"twitter:card\" content=\"summary_large_image\" \/>\n<meta name=\"twitter:site\" content=\"@GraphitoPrev\" \/>\n<meta name=\"twitter:label1\" content=\"Gesch\u00e4tzte Lesezeit\" \/>\n\t<meta name=\"twitter:data1\" content=\"16\u00a0Minuten\" \/>\n<script type=\"application\/ld+json\" class=\"yoast-schema-graph\">{\"@context\":\"https:\/\/schema.org\",\"@graph\":[{\"@type\":\"WebPage\",\"@id\":\"https:\/\/graphito-prevention.fr\/mentions-legales\/\",\"url\":\"https:\/\/graphito-prevention.fr\/mentions-legales\/\",\"name\":\"Mentions l\u00e9gales - Graphito Prevention\",\"isPartOf\":{\"@id\":\"https:\/\/graphito-prevention.fr\/#website\"},\"datePublished\":\"2018-05-25T15:03:07+00:00\",\"dateModified\":\"2020-03-26T10:03:24+00:00\",\"breadcrumb\":{\"@id\":\"https:\/\/graphito-prevention.fr\/mentions-legales\/#breadcrumb\"},\"inLanguage\":\"de\",\"potentialAction\":[{\"@type\":\"ReadAction\",\"target\":[\"https:\/\/graphito-prevention.fr\/mentions-legales\/\"]}]},{\"@type\":\"BreadcrumbList\",\"@id\":\"https:\/\/graphito-prevention.fr\/mentions-legales\/#breadcrumb\",\"itemListElement\":[{\"@type\":\"ListItem\",\"position\":1,\"name\":\"Accueil\",\"item\":\"https:\/\/graphito-prevention.fr\/\"},{\"@type\":\"ListItem\",\"position\":2,\"name\":\"Mentions l\u00e9gales\"}]},{\"@type\":\"WebSite\",\"@id\":\"https:\/\/graphito-prevention.fr\/#website\",\"url\":\"https:\/\/graphito-prevention.fr\/\",\"name\":\"Graphito Prevention\",\"description\":\"Conseil et communication en pr\u00e9vention\",\"publisher\":{\"@id\":\"https:\/\/graphito-prevention.fr\/#organization\"},\"potentialAction\":[{\"@type\":\"SearchAction\",\"target\":{\"@type\":\"EntryPoint\",\"urlTemplate\":\"https:\/\/graphito-prevention.fr\/?s={search_term_string}\"},\"query-input\":\"required name=search_term_string\"}],\"inLanguage\":\"de\"},{\"@type\":\"Organization\",\"@id\":\"https:\/\/graphito-prevention.fr\/#organization\",\"name\":\"Graphito Cr\u00e9ation\",\"url\":\"https:\/\/graphito-prevention.fr\/\",\"logo\":{\"@type\":\"ImageObject\",\"inLanguage\":\"de\",\"@id\":\"https:\/\/graphito-prevention.fr\/#\/schema\/logo\/image\/\",\"url\":\"https:\/\/graphito-prevention.fr\/wp-content\/uploads\/2018\/03\/graphito-small.png\",\"contentUrl\":\"https:\/\/graphito-prevention.fr\/wp-content\/uploads\/2018\/03\/graphito-small.png\",\"width\":128,\"height\":54,\"caption\":\"Graphito Cr\u00e9ation\"},\"image\":{\"@id\":\"https:\/\/graphito-prevention.fr\/#\/schema\/logo\/image\/\"},\"sameAs\":[\"https:\/\/www.facebook.com\/GraphitoPrevention\/\",\"https:\/\/twitter.com\/GraphitoPrev\",\"https:\/\/www.linkedin.com\/company\/10174627\/\",\"https:\/\/www.youtube.com\/channel\/UCe0xe-hQZvvYjrWHIcfcPHA\"]}]}<\/script>\n<!-- \/ Yoast SEO plugin. -->","yoast_head_json":{"title":"Mentions l\u00e9gales - Graphito Prevention","robots":{"index":"index","follow":"follow","max-snippet":"max-snippet:-1","max-image-preview":"max-image-preview:large","max-video-preview":"max-video-preview:-1"},"canonical":"https:\/\/graphito-prevention.fr\/mentions-legales\/","og_locale":"de_DE","og_type":"article","og_title":"Mentions l\u00e9gales - Graphito Prevention","og_url":"https:\/\/graphito-prevention.fr\/mentions-legales\/","og_site_name":"Graphito Prevention","article_publisher":"https:\/\/www.facebook.com\/GraphitoPrevention\/","article_modified_time":"2020-03-26T10:03:24+00:00","twitter_card":"summary_large_image","twitter_site":"@GraphitoPrev","twitter_misc":{"Gesch\u00e4tzte Lesezeit":"16\u00a0Minuten"},"schema":{"@context":"https:\/\/schema.org","@graph":[{"@type":"WebPage","@id":"https:\/\/graphito-prevention.fr\/mentions-legales\/","url":"https:\/\/graphito-prevention.fr\/mentions-legales\/","name":"Mentions l\u00e9gales - Graphito Prevention","isPartOf":{"@id":"https:\/\/graphito-prevention.fr\/#website"},"datePublished":"2018-05-25T15:03:07+00:00","dateModified":"2020-03-26T10:03:24+00:00","breadcrumb":{"@id":"https:\/\/graphito-prevention.fr\/mentions-legales\/#breadcrumb"},"inLanguage":"de","potentialAction":[{"@type":"ReadAction","target":["https:\/\/graphito-prevention.fr\/mentions-legales\/"]}]},{"@type":"BreadcrumbList","@id":"https:\/\/graphito-prevention.fr\/mentions-legales\/#breadcrumb","itemListElement":[{"@type":"ListItem","position":1,"name":"Accueil","item":"https:\/\/graphito-prevention.fr\/"},{"@type":"ListItem","position":2,"name":"Mentions l\u00e9gales"}]},{"@type":"WebSite","@id":"https:\/\/graphito-prevention.fr\/#website","url":"https:\/\/graphito-prevention.fr\/","name":"Graphito Prevention","description":"Conseil et communication en pr\u00e9vention","publisher":{"@id":"https:\/\/graphito-prevention.fr\/#organization"},"potentialAction":[{"@type":"SearchAction","target":{"@type":"EntryPoint","urlTemplate":"https:\/\/graphito-prevention.fr\/?s={search_term_string}"},"query-input":"required name=search_term_string"}],"inLanguage":"de"},{"@type":"Organization","@id":"https:\/\/graphito-prevention.fr\/#organization","name":"Graphito Cr\u00e9ation","url":"https:\/\/graphito-prevention.fr\/","logo":{"@type":"ImageObject","inLanguage":"de","@id":"https:\/\/graphito-prevention.fr\/#\/schema\/logo\/image\/","url":"https:\/\/graphito-prevention.fr\/wp-content\/uploads\/2018\/03\/graphito-small.png","contentUrl":"https:\/\/graphito-prevention.fr\/wp-content\/uploads\/2018\/03\/graphito-small.png","width":128,"height":54,"caption":"Graphito Cr\u00e9ation"},"image":{"@id":"https:\/\/graphito-prevention.fr\/#\/schema\/logo\/image\/"},"sameAs":["https:\/\/www.facebook.com\/GraphitoPrevention\/","https:\/\/twitter.com\/GraphitoPrev","https:\/\/www.linkedin.com\/company\/10174627\/","https:\/\/www.youtube.com\/channel\/UCe0xe-hQZvvYjrWHIcfcPHA"]}]}},"_links":{"self":[{"href":"https:\/\/graphito-prevention.fr\/de\/wp-json\/wp\/v2\/pages\/14330"}],"collection":[{"href":"https:\/\/graphito-prevention.fr\/de\/wp-json\/wp\/v2\/pages"}],"about":[{"href":"https:\/\/graphito-prevention.fr\/de\/wp-json\/wp\/v2\/types\/page"}],"author":[{"embeddable":true,"href":"https:\/\/graphito-prevention.fr\/de\/wp-json\/wp\/v2\/users\/5"}],"replies":[{"embeddable":true,"href":"https:\/\/graphito-prevention.fr\/de\/wp-json\/wp\/v2\/comments?post=14330"}],"version-history":[{"count":3,"href":"https:\/\/graphito-prevention.fr\/de\/wp-json\/wp\/v2\/pages\/14330\/revisions"}],"predecessor-version":[{"id":18678,"href":"https:\/\/graphito-prevention.fr\/de\/wp-json\/wp\/v2\/pages\/14330\/revisions\/18678"}],"wp:attachment":[{"href":"https:\/\/graphito-prevention.fr\/de\/wp-json\/wp\/v2\/media?parent=14330"}],"curies":[{"name":"wp","href":"https:\/\/api.w.org\/{rel}","templated":true}]}}