{"id":14874,"date":"2018-06-21T10:50:29","date_gmt":"2018-06-21T08:50:29","guid":{"rendered":"http:\/\/graphito-prevention.fr\/?page_id=14874"},"modified":"2025-06-03T15:00:34","modified_gmt":"2025-06-03T13:00:34","slug":"theatre","status":"publish","type":"page","link":"https:\/\/graphito-prevention.fr\/de\/safety-day\/theatre\/","title":{"rendered":"Th\u00e9\u00e2tre"},"content":{"rendered":"<p><div class=\"fusion-fullwidth fullwidth-box fusion-builder-row-7 nonhundred-percent-fullwidth non-hundred-percent-height-scrolling\"  style='background-color: rgba(255,255,255,0);background-position: center center;background-repeat: no-repeat;padding-top:0px;padding-right:0px;padding-bottom:0px;padding-left:0px;'><div class=\"fusion-builder-row fusion-row \"><div  class=\"fusion-layout-column fusion_builder_column fusion_builder_column_1_1 fusion-builder-column-14 fusion-one-full fusion-column-first fusion-column-last 1_1\"  style='margin-top:0px;margin-bottom:20px;'>\n\t\t\t\t\t<div class=\"fusion-column-wrapper\" style=\"padding: 0px 0px 0px 0px;background-position:left top;background-repeat:no-repeat;-webkit-background-size:cover;-moz-background-size:cover;-o-background-size:cover;background-size:cover;\"   data-bg-url=\"\">\n\t\t\t\t\t\t<div class=\"fusion-text title-page\"><h1 style=\"text-align: center;\">TH<span class=\"st\">\u00c9<\/span>\u00c2TRE<\/h1>\n<\/div><div class=\"imageframe-align-center\"><span class=\"fusion-imageframe imageframe-none imageframe-10 hover-type-none\"><img decoding=\"async\" loading=\"lazy\" src=\"https:\/\/graphito-prevention.fr\/wp-content\/uploads\/2018\/06\/bar_titile.jpg\" data-orig-src=\"http:\/\/graphito-prevention.fr\/wp-content\/uploads\/2018\/06\/bar_titile.jpg\" width=\"1100\" height=\"6\" alt=\"\" title=\"bar_titile\" class=\"lazyload img-responsive wp-image-14674\" srcset=\"data:image\/svg+xml,%3Csvg%20xmlns%3D%27http%3A%2F%2Fwww.w3.org%2F2000%2Fsvg%27%20width%3D%271100%27%20height%3D%276%27%20viewBox%3D%270%200%201100%206%27%3E%3Crect%20width%3D%271100%27%20height%3D%2736%27%20fill-opacity%3D%220%22%2F%3E%3C%2Fsvg%3E\" data-srcset=\"https:\/\/graphito-prevention.fr\/wp-content\/uploads\/2018\/06\/bar_titile-200x1.jpg 200w, https:\/\/graphito-prevention.fr\/wp-content\/uploads\/2018\/06\/bar_titile-400x2.jpg 400w, https:\/\/graphito-prevention.fr\/wp-content\/uploads\/2018\/06\/bar_titile-600x3.jpg 600w, https:\/\/graphito-prevention.fr\/wp-content\/uploads\/2018\/06\/bar_titile-800x4.jpg 800w, https:\/\/graphito-prevention.fr\/wp-content\/uploads\/2018\/06\/bar_titile.jpg 1100w\" data-sizes=\"auto\" data-orig-sizes=\"(max-width: 800px) 100vw, 1100px\" \/><\/span><\/div><div class=\"fusion-clearfix\"><\/div>\n\n\t\t\t\t\t<\/div>\n\t\t\t\t<\/div><\/div><\/div><div class=\"fusion-fullwidth fullwidth-box fusion-builder-row-8 nonhundred-percent-fullwidth non-hundred-percent-height-scrolling\"  style='background-color: rgba(255,255,255,0);background-position: center center;background-repeat: no-repeat;padding-top:0px;padding-right:0px;padding-bottom:0px;padding-left:0px;'><div class=\"fusion-builder-row fusion-row \"><div  class=\"fusion-layout-column fusion_builder_column fusion_builder_column_1_1 fusion-builder-column-15 fusion-one-full fusion-column-first fusion-column-last 1_1\"  style='margin-top:0px;margin-bottom:20px;'>\n\t\t\t\t\t<div class=\"fusion-column-wrapper\" style=\"padding: 0px 0px 0px 0px;background-position:left top;background-repeat:no-repeat;-webkit-background-size:cover;-moz-background-size:cover;-o-background-size:cover;background-size:cover;\"   data-bg-url=\"\">\n\t\t\t\t\t\t<div class=\"fusion-text\"><p>4 formes de th\u00e9atre pr\u00e9vention disponibles sur tous vos th\u00e8mes de journ\u00e9e s\u00e9curit\u00e9. La personnalisation et cr\u00e9ation sur-mesure possible<\/p>\n<\/div><div class=\"fusion-clearfix\"><\/div>\n\n\t\t\t\t\t<\/div>\n\t\t\t\t<\/div><div  class=\"fusion-layout-column fusion_builder_column fusion_builder_column_1_3 fusion-builder-column-16 fusion-one-third fusion-column-first 1_3\"  style='margin-top:0px;margin-bottom:20px;width:33.33%;width:calc(33.33% - ( ( 4% + 4% ) * 0.3333 ) );margin-right: 4%;'>\n\t\t\t\t\t<div class=\"fusion-column-wrapper\" style=\"padding: 0px 0px 0px 0px;background-position:left top;background-repeat:no-repeat;-webkit-background-size:cover;-moz-background-size:cover;-o-background-size:cover;background-size:cover;\"   data-bg-url=\"\">\n\t\t\t\t\t\t<span class=\"fusion-imageframe imageframe-none imageframe-11 hover-type-none image-border-bottom\"><a class=\"fusion-no-lightbox\" href=\"http:\/\/graphito-prevention.fr\/2018\/05\/31\/atelier-theatre-thematique\/\" target=\"_self\" aria-label=\"thematique\"><img decoding=\"async\" loading=\"lazy\" src=\"https:\/\/graphito-prevention.fr\/wp-content\/uploads\/2018\/07\/thematique-1.jpg\" data-orig-src=\"http:\/\/graphito-prevention.fr\/wp-content\/uploads\/2018\/07\/thematique-1-300x300.jpg\" width=\"300\" height=\"300\" alt=\"th\u00e9\u00e2tre th\u00e9matique\" class=\"lazyload img-responsive wp-image-15483\" srcset=\"data:image\/svg+xml,%3Csvg%20xmlns%3D%27http%3A%2F%2Fwww.w3.org%2F2000%2Fsvg%27%20width%3D%27819%27%20height%3D%27819%27%20viewBox%3D%270%200%20819%20819%27%3E%3Crect%20width%3D%27819%27%20height%3D%273819%27%20fill-opacity%3D%220%22%2F%3E%3C%2Fsvg%3E\" data-srcset=\"https:\/\/graphito-prevention.fr\/wp-content\/uploads\/2018\/07\/thematique-1-200x200.jpg 200w, https:\/\/graphito-prevention.fr\/wp-content\/uploads\/2018\/07\/thematique-1-400x400.jpg 400w, https:\/\/graphito-prevention.fr\/wp-content\/uploads\/2018\/07\/thematique-1-600x600.jpg 600w, https:\/\/graphito-prevention.fr\/wp-content\/uploads\/2018\/07\/thematique-1-800x800.jpg 800w, https:\/\/graphito-prevention.fr\/wp-content\/uploads\/2018\/07\/thematique-1.jpg 819w\" data-sizes=\"auto\" data-orig-sizes=\"(max-width: 800px) 100vw, 400px\" \/><\/a><\/span><div class=\"fusion-text\"><p style=\"text-align: center;\">TH<span class=\"st\">\u00c9<\/span>\u00c2TRE TH<span class=\"st\">\u00c9<\/span>MATIQUE<\/p>\n<\/div><div class=\"fusion-clearfix\"><\/div>\n\n\t\t\t\t\t<\/div>\n\t\t\t\t<\/div><div  class=\"fusion-layout-column fusion_builder_column fusion_builder_column_1_3 fusion-builder-column-17 fusion-one-third 1_3\"  style='margin-top:0px;margin-bottom:20px;width:33.33%;width:calc(33.33% - ( ( 4% + 4% ) * 0.3333 ) );margin-right: 4%;'>\n\t\t\t\t\t<div class=\"fusion-column-wrapper\" style=\"padding: 0px 0px 0px 0px;background-position:left top;background-repeat:no-repeat;-webkit-background-size:cover;-moz-background-size:cover;-o-background-size:cover;background-size:cover;\"   data-bg-url=\"\">\n\t\t\t\t\t\t<span class=\"fusion-imageframe imageframe-none imageframe-12 hover-type-none image-border-bottom\"><a class=\"fusion-no-lightbox\" href=\"http:\/\/graphito-prevention.fr\/2018\/06\/18\/imposture\/\" target=\"_self\" aria-label=\"imposture\"><img decoding=\"async\" loading=\"lazy\" src=\"https:\/\/graphito-prevention.fr\/wp-content\/uploads\/2018\/07\/imposture-1.jpg\" data-orig-src=\"http:\/\/graphito-prevention.fr\/wp-content\/uploads\/2018\/07\/imposture-1-300x300.jpg\" width=\"300\" height=\"300\" alt=\"th\u00e9\u00e2tre d&#039;imposture\" class=\"lazyload img-responsive wp-image-15482\" srcset=\"data:image\/svg+xml,%3Csvg%20xmlns%3D%27http%3A%2F%2Fwww.w3.org%2F2000%2Fsvg%27%20width%3D%271890%27%20height%3D%271890%27%20viewBox%3D%270%200%201890%201890%27%3E%3Crect%20width%3D%271890%27%20height%3D%2731890%27%20fill-opacity%3D%220%22%2F%3E%3C%2Fsvg%3E\" data-srcset=\"https:\/\/graphito-prevention.fr\/wp-content\/uploads\/2018\/07\/imposture-1-200x200.jpg 200w, https:\/\/graphito-prevention.fr\/wp-content\/uploads\/2018\/07\/imposture-1-400x400.jpg 400w, https:\/\/graphito-prevention.fr\/wp-content\/uploads\/2018\/07\/imposture-1-600x600.jpg 600w, https:\/\/graphito-prevention.fr\/wp-content\/uploads\/2018\/07\/imposture-1-800x800.jpg 800w, https:\/\/graphito-prevention.fr\/wp-content\/uploads\/2018\/07\/imposture-1-1200x1200.jpg 1200w, https:\/\/graphito-prevention.fr\/wp-content\/uploads\/2018\/07\/imposture-1.jpg 1890w\" data-sizes=\"auto\" data-orig-sizes=\"(max-width: 800px) 100vw, 400px\" \/><\/a><\/span><div class=\"fusion-text\"><p style=\"text-align: center;\">L&#8217;IMPOSTURE<strong><br \/>\n<\/strong><\/p>\n<\/div><div class=\"fusion-clearfix\"><\/div>\n\n\t\t\t\t\t<\/div>\n\t\t\t\t<\/div><div  class=\"fusion-layout-column fusion_builder_column fusion_builder_column_1_3 fusion-builder-column-18 fusion-one-third fusion-column-last 1_3\"  style='margin-top:0px;margin-bottom:20px;width:33.33%;width:calc(33.33% - ( ( 4% + 4% ) * 0.3333 ) );'>\n\t\t\t\t\t<div class=\"fusion-column-wrapper\" style=\"padding: 0px 0px 0px 0px;background-position:left top;background-repeat:no-repeat;-webkit-background-size:cover;-moz-background-size:cover;-o-background-size:cover;background-size:cover;\"   data-bg-url=\"\">\n\t\t\t\t\t\t<span class=\"fusion-imageframe imageframe-none imageframe-13 hover-type-none image-border-bottom\"><a class=\"fusion-no-lightbox\" href=\"http:\/\/graphito-prevention.fr\/2018\/06\/21\/theatre-forum\/\" target=\"_self\" aria-label=\"Forum\"><img decoding=\"async\" loading=\"lazy\" src=\"https:\/\/graphito-prevention.fr\/wp-content\/uploads\/2018\/07\/Forum-1.jpg\" data-orig-src=\"http:\/\/graphito-prevention.fr\/wp-content\/uploads\/2018\/07\/Forum-1-300x300.jpg\" width=\"300\" height=\"300\" alt=\"th\u00e9\u00e2tre forum\" class=\"lazyload img-responsive wp-image-15484\" srcset=\"data:image\/svg+xml,%3Csvg%20xmlns%3D%27http%3A%2F%2Fwww.w3.org%2F2000%2Fsvg%27%20width%3D%27819%27%20height%3D%27819%27%20viewBox%3D%270%200%20819%20819%27%3E%3Crect%20width%3D%27819%27%20height%3D%273819%27%20fill-opacity%3D%220%22%2F%3E%3C%2Fsvg%3E\" data-srcset=\"https:\/\/graphito-prevention.fr\/wp-content\/uploads\/2018\/07\/Forum-1-200x200.jpg 200w, https:\/\/graphito-prevention.fr\/wp-content\/uploads\/2018\/07\/Forum-1-400x400.jpg 400w, https:\/\/graphito-prevention.fr\/wp-content\/uploads\/2018\/07\/Forum-1-600x600.jpg 600w, https:\/\/graphito-prevention.fr\/wp-content\/uploads\/2018\/07\/Forum-1-800x800.jpg 800w, https:\/\/graphito-prevention.fr\/wp-content\/uploads\/2018\/07\/Forum-1.jpg 819w\" data-sizes=\"auto\" data-orig-sizes=\"(max-width: 800px) 100vw, 400px\" \/><\/a><\/span><div class=\"fusion-text\"><p style=\"text-align: center;\">TH<span class=\"st\">\u00c9<\/span>\u00c2TRE FORUM<\/p>\n<\/div><div class=\"fusion-clearfix\"><\/div>\n\n\t\t\t\t\t<\/div>\n\t\t\t\t<\/div><\/div><\/div><div class=\"fusion-fullwidth fullwidth-box fusion-builder-row-9 fusion-parallax-none nonhundred-percent-fullwidth non-hundred-percent-height-scrolling lazyload\"  style='background-color: rgba(255,255,255,0);background-position: left bottom;background-repeat: repeat-x;padding-top:0px;padding-right:0px;padding-bottom:0px;padding-left:0px;' data-bg=\"http:\/\/graphito-prevention.fr\/wp-content\/uploads\/2018\/05\/creneau.jpg\"><div class=\"fusion-builder-row fusion-row \"><div  class=\"fusion-layout-column fusion_builder_column fusion_builder_column_1_1 fusion-builder-column-19 fusion-one-full fusion-column-first fusion-column-last 1_1\"  style='margin-top:0px;margin-bottom:20px;'>\n\t\t\t\t\t<div class=\"fusion-column-wrapper\" style=\"padding: 0px 0px 0px 0px;background-position:left top;background-repeat:no-repeat;-webkit-background-size:cover;-moz-background-size:cover;-o-background-size:cover;background-size:cover;\"   data-bg-url=\"\">\n\t\t\t\t\t\t<div class=\"fusion-clearfix\"><\/div>\n\n\t\t\t\t\t<\/div>\n\t\t\t\t<\/div><\/div><\/div><\/p>","protected":false},"excerpt":{"rendered":"","protected":false},"author":5,"featured_media":0,"parent":13151,"menu_order":0,"comment_status":"closed","ping_status":"closed","template":"100-width.php","meta":{"_monsterinsights_skip_tracking":false,"_monsterinsights_sitenote_active":false,"_monsterinsights_sitenote_note":"","_monsterinsights_sitenote_category":0},"yoast_head":"<!-- This site is optimized with the Yoast SEO plugin v20.1 - https:\/\/yoast.com\/wordpress\/plugins\/seo\/ -->\n<title>Th\u00e9\u00e2tre d&#039;entreprise - Graphito Prevention<\/title>\n<meta name=\"description\" content=\"Graphito Pr\u00e9vention propose diff\u00e9rentes formes de th\u00e9\u00e2tre d&#039;entreprise. Venez les d\u00e9couvrir : th\u00e9\u00e2tre th\u00e9matique, imposture ou th\u00e9\u00e2tre forum.\" \/>\n<meta name=\"robots\" content=\"index, follow, max-snippet:-1, max-image-preview:large, max-video-preview:-1\" \/>\n<link rel=\"canonical\" href=\"https:\/\/graphito-prevention.fr\/safety-day\/theatre\/\" \/>\n<meta property=\"og:locale\" content=\"de_DE\" \/>\n<meta property=\"og:type\" content=\"article\" \/>\n<meta property=\"og:title\" content=\"Th\u00e9\u00e2tre d&#039;entreprise - Graphito Prevention\" \/>\n<meta property=\"og:description\" content=\"Graphito Pr\u00e9vention propose diff\u00e9rentes formes de th\u00e9\u00e2tre d&#039;entreprise. Venez les d\u00e9couvrir : th\u00e9\u00e2tre th\u00e9matique, imposture ou th\u00e9\u00e2tre forum.\" \/>\n<meta property=\"og:url\" content=\"https:\/\/graphito-prevention.fr\/safety-day\/theatre\/\" \/>\n<meta property=\"og:site_name\" content=\"Graphito Prevention\" \/>\n<meta property=\"article:publisher\" content=\"https:\/\/www.facebook.com\/GraphitoPrevention\/\" \/>\n<meta property=\"article:modified_time\" content=\"2025-06-03T13:00:34+00:00\" \/>\n<meta name=\"twitter:card\" content=\"summary_large_image\" \/>\n<meta name=\"twitter:site\" content=\"@GraphitoPrev\" \/>\n<meta name=\"twitter:label1\" content=\"Gesch\u00e4tzte Lesezeit\" \/>\n\t<meta name=\"twitter:data1\" content=\"3\u00a0Minuten\" \/>\n<script type=\"application\/ld+json\" class=\"yoast-schema-graph\">{\"@context\":\"https:\/\/schema.org\",\"@graph\":[{\"@type\":\"WebPage\",\"@id\":\"https:\/\/graphito-prevention.fr\/safety-day\/theatre\/\",\"url\":\"https:\/\/graphito-prevention.fr\/safety-day\/theatre\/\",\"name\":\"Th\u00e9\u00e2tre d'entreprise - Graphito Prevention\",\"isPartOf\":{\"@id\":\"https:\/\/graphito-prevention.fr\/#website\"},\"datePublished\":\"2018-06-21T08:50:29+00:00\",\"dateModified\":\"2025-06-03T13:00:34+00:00\",\"description\":\"Graphito Pr\u00e9vention propose diff\u00e9rentes formes de th\u00e9\u00e2tre d'entreprise. Venez les d\u00e9couvrir : th\u00e9\u00e2tre th\u00e9matique, imposture ou th\u00e9\u00e2tre forum.\",\"breadcrumb\":{\"@id\":\"https:\/\/graphito-prevention.fr\/safety-day\/theatre\/#breadcrumb\"},\"inLanguage\":\"de\",\"potentialAction\":[{\"@type\":\"ReadAction\",\"target\":[\"https:\/\/graphito-prevention.fr\/safety-day\/theatre\/\"]}]},{\"@type\":\"BreadcrumbList\",\"@id\":\"https:\/\/graphito-prevention.fr\/safety-day\/theatre\/#breadcrumb\",\"itemListElement\":[{\"@type\":\"ListItem\",\"position\":1,\"name\":\"Accueil\",\"item\":\"https:\/\/graphito-prevention.fr\/\"},{\"@type\":\"ListItem\",\"position\":2,\"name\":\"Safety day\",\"item\":\"https:\/\/graphito-prevention.fr\/safety-day\/\"},{\"@type\":\"ListItem\",\"position\":3,\"name\":\"Th\u00e9\u00e2tre\"}]},{\"@type\":\"WebSite\",\"@id\":\"https:\/\/graphito-prevention.fr\/#website\",\"url\":\"https:\/\/graphito-prevention.fr\/\",\"name\":\"Graphito Prevention\",\"description\":\"Conseil et communication en pr\u00e9vention\",\"publisher\":{\"@id\":\"https:\/\/graphito-prevention.fr\/#organization\"},\"potentialAction\":[{\"@type\":\"SearchAction\",\"target\":{\"@type\":\"EntryPoint\",\"urlTemplate\":\"https:\/\/graphito-prevention.fr\/?s={search_term_string}\"},\"query-input\":\"required name=search_term_string\"}],\"inLanguage\":\"de\"},{\"@type\":\"Organization\",\"@id\":\"https:\/\/graphito-prevention.fr\/#organization\",\"name\":\"Graphito Cr\u00e9ation\",\"url\":\"https:\/\/graphito-prevention.fr\/\",\"logo\":{\"@type\":\"ImageObject\",\"inLanguage\":\"de\",\"@id\":\"https:\/\/graphito-prevention.fr\/#\/schema\/logo\/image\/\",\"url\":\"https:\/\/graphito-prevention.fr\/wp-content\/uploads\/2018\/03\/graphito-small.png\",\"contentUrl\":\"https:\/\/graphito-prevention.fr\/wp-content\/uploads\/2018\/03\/graphito-small.png\",\"width\":128,\"height\":54,\"caption\":\"Graphito Cr\u00e9ation\"},\"image\":{\"@id\":\"https:\/\/graphito-prevention.fr\/#\/schema\/logo\/image\/\"},\"sameAs\":[\"https:\/\/www.facebook.com\/GraphitoPrevention\/\",\"https:\/\/twitter.com\/GraphitoPrev\",\"https:\/\/www.linkedin.com\/company\/10174627\/\",\"https:\/\/www.youtube.com\/channel\/UCe0xe-hQZvvYjrWHIcfcPHA\"]}]}<\/script>\n<!-- \/ Yoast SEO plugin. -->","yoast_head_json":{"title":"Th\u00e9\u00e2tre d'entreprise - Graphito Prevention","description":"Graphito Pr\u00e9vention propose diff\u00e9rentes formes de th\u00e9\u00e2tre d'entreprise. Venez les d\u00e9couvrir : th\u00e9\u00e2tre th\u00e9matique, imposture ou th\u00e9\u00e2tre forum.","robots":{"index":"index","follow":"follow","max-snippet":"max-snippet:-1","max-image-preview":"max-image-preview:large","max-video-preview":"max-video-preview:-1"},"canonical":"https:\/\/graphito-prevention.fr\/safety-day\/theatre\/","og_locale":"de_DE","og_type":"article","og_title":"Th\u00e9\u00e2tre d'entreprise - Graphito Prevention","og_description":"Graphito Pr\u00e9vention propose diff\u00e9rentes formes de th\u00e9\u00e2tre d'entreprise. Venez les d\u00e9couvrir : th\u00e9\u00e2tre th\u00e9matique, imposture ou th\u00e9\u00e2tre forum.","og_url":"https:\/\/graphito-prevention.fr\/safety-day\/theatre\/","og_site_name":"Graphito Prevention","article_publisher":"https:\/\/www.facebook.com\/GraphitoPrevention\/","article_modified_time":"2025-06-03T13:00:34+00:00","twitter_card":"summary_large_image","twitter_site":"@GraphitoPrev","twitter_misc":{"Gesch\u00e4tzte Lesezeit":"3\u00a0Minuten"},"schema":{"@context":"https:\/\/schema.org","@graph":[{"@type":"WebPage","@id":"https:\/\/graphito-prevention.fr\/safety-day\/theatre\/","url":"https:\/\/graphito-prevention.fr\/safety-day\/theatre\/","name":"Th\u00e9\u00e2tre d'entreprise - Graphito Prevention","isPartOf":{"@id":"https:\/\/graphito-prevention.fr\/#website"},"datePublished":"2018-06-21T08:50:29+00:00","dateModified":"2025-06-03T13:00:34+00:00","description":"Graphito Pr\u00e9vention propose diff\u00e9rentes formes de th\u00e9\u00e2tre d'entreprise. Venez les d\u00e9couvrir : th\u00e9\u00e2tre th\u00e9matique, imposture ou th\u00e9\u00e2tre forum.","breadcrumb":{"@id":"https:\/\/graphito-prevention.fr\/safety-day\/theatre\/#breadcrumb"},"inLanguage":"de","potentialAction":[{"@type":"ReadAction","target":["https:\/\/graphito-prevention.fr\/safety-day\/theatre\/"]}]},{"@type":"BreadcrumbList","@id":"https:\/\/graphito-prevention.fr\/safety-day\/theatre\/#breadcrumb","itemListElement":[{"@type":"ListItem","position":1,"name":"Accueil","item":"https:\/\/graphito-prevention.fr\/"},{"@type":"ListItem","position":2,"name":"Safety day","item":"https:\/\/graphito-prevention.fr\/safety-day\/"},{"@type":"ListItem","position":3,"name":"Th\u00e9\u00e2tre"}]},{"@type":"WebSite","@id":"https:\/\/graphito-prevention.fr\/#website","url":"https:\/\/graphito-prevention.fr\/","name":"Graphito Prevention","description":"Conseil et communication en pr\u00e9vention","publisher":{"@id":"https:\/\/graphito-prevention.fr\/#organization"},"potentialAction":[{"@type":"SearchAction","target":{"@type":"EntryPoint","urlTemplate":"https:\/\/graphito-prevention.fr\/?s={search_term_string}"},"query-input":"required name=search_term_string"}],"inLanguage":"de"},{"@type":"Organization","@id":"https:\/\/graphito-prevention.fr\/#organization","name":"Graphito Cr\u00e9ation","url":"https:\/\/graphito-prevention.fr\/","logo":{"@type":"ImageObject","inLanguage":"de","@id":"https:\/\/graphito-prevention.fr\/#\/schema\/logo\/image\/","url":"https:\/\/graphito-prevention.fr\/wp-content\/uploads\/2018\/03\/graphito-small.png","contentUrl":"https:\/\/graphito-prevention.fr\/wp-content\/uploads\/2018\/03\/graphito-small.png","width":128,"height":54,"caption":"Graphito Cr\u00e9ation"},"image":{"@id":"https:\/\/graphito-prevention.fr\/#\/schema\/logo\/image\/"},"sameAs":["https:\/\/www.facebook.com\/GraphitoPrevention\/","https:\/\/twitter.com\/GraphitoPrev","https:\/\/www.linkedin.com\/company\/10174627\/","https:\/\/www.youtube.com\/channel\/UCe0xe-hQZvvYjrWHIcfcPHA"]}]}},"_links":{"self":[{"href":"https:\/\/graphito-prevention.fr\/de\/wp-json\/wp\/v2\/pages\/14874"}],"collection":[{"href":"https:\/\/graphito-prevention.fr\/de\/wp-json\/wp\/v2\/pages"}],"about":[{"href":"https:\/\/graphito-prevention.fr\/de\/wp-json\/wp\/v2\/types\/page"}],"author":[{"embeddable":true,"href":"https:\/\/graphito-prevention.fr\/de\/wp-json\/wp\/v2\/users\/5"}],"replies":[{"embeddable":true,"href":"https:\/\/graphito-prevention.fr\/de\/wp-json\/wp\/v2\/comments?post=14874"}],"version-history":[{"count":15,"href":"https:\/\/graphito-prevention.fr\/de\/wp-json\/wp\/v2\/pages\/14874\/revisions"}],"predecessor-version":[{"id":19894,"href":"https:\/\/graphito-prevention.fr\/de\/wp-json\/wp\/v2\/pages\/14874\/revisions\/19894"}],"up":[{"embeddable":true,"href":"https:\/\/graphito-prevention.fr\/de\/wp-json\/wp\/v2\/pages\/13151"}],"wp:attachment":[{"href":"https:\/\/graphito-prevention.fr\/de\/wp-json\/wp\/v2\/media?parent=14874"}],"curies":[{"name":"wp","href":"https:\/\/api.w.org\/{rel}","templated":true}]}}