{"id":14898,"date":"2018-06-22T09:55:17","date_gmt":"2018-06-22T07:55:17","guid":{"rendered":"http:\/\/graphito-prevention.fr\/?page_id=14898"},"modified":"2021-09-13T09:27:27","modified_gmt":"2021-09-13T07:27:27","slug":"videos-minutes-prev","status":"publish","type":"page","link":"https:\/\/graphito-prevention.fr\/de\/conseil\/videos-minutes-prev\/","title":{"rendered":"Vid\u00e9os minutes prev&#8216;"},"content":{"rendered":"<p><div class=\"fusion-fullwidth fullwidth-box fusion-builder-row-9 nonhundred-percent-fullwidth non-hundred-percent-height-scrolling\"  style='background-color: rgba(255,255,255,0);background-position: center center;background-repeat: no-repeat;padding-top:0px;padding-right:0px;padding-bottom:0px;padding-left:0px;'><div class=\"fusion-builder-row fusion-row \"><div  class=\"fusion-layout-column fusion_builder_column fusion_builder_column_1_1 fusion-builder-column-33 fusion-one-full fusion-column-first fusion-column-last 1_1\"  style='margin-top:0px;margin-bottom:20px;'>\n\t\t\t\t\t<div class=\"fusion-column-wrapper\" style=\"padding: 0px 0px 0px 0px;background-position:left top;background-repeat:no-repeat;-webkit-background-size:cover;-moz-background-size:cover;-o-background-size:cover;background-size:cover;\"   data-bg-url=\"\">\n\t\t\t\t\t\t<div class=\"fusion-text title-page\"><h1 style=\"text-align: center;\">MINUTES PREV&#8216;<\/h1>\n<\/div><span class=\"fusion-imageframe imageframe-none imageframe-3 hover-type-none\"><img decoding=\"async\" loading=\"lazy\" src=\"https:\/\/graphito-prevention.fr\/wp-content\/uploads\/2018\/06\/bar_titile.jpg\" data-orig-src=\"http:\/\/graphito-prevention.fr\/wp-content\/uploads\/2018\/06\/bar_titile.jpg\" width=\"1100\" height=\"6\" alt=\"\" title=\"bar_titile\" class=\"lazyload img-responsive wp-image-14674\" srcset=\"data:image\/svg+xml,%3Csvg%20xmlns%3D%27http%3A%2F%2Fwww.w3.org%2F2000%2Fsvg%27%20width%3D%271100%27%20height%3D%276%27%20viewBox%3D%270%200%201100%206%27%3E%3Crect%20width%3D%271100%27%20height%3D%2736%27%20fill-opacity%3D%220%22%2F%3E%3C%2Fsvg%3E\" data-srcset=\"https:\/\/graphito-prevention.fr\/wp-content\/uploads\/2018\/06\/bar_titile-200x1.jpg 200w, https:\/\/graphito-prevention.fr\/wp-content\/uploads\/2018\/06\/bar_titile-400x2.jpg 400w, https:\/\/graphito-prevention.fr\/wp-content\/uploads\/2018\/06\/bar_titile-600x3.jpg 600w, https:\/\/graphito-prevention.fr\/wp-content\/uploads\/2018\/06\/bar_titile-800x4.jpg 800w, https:\/\/graphito-prevention.fr\/wp-content\/uploads\/2018\/06\/bar_titile.jpg 1100w\" data-sizes=\"auto\" data-orig-sizes=\"(max-width: 800px) 100vw, 1100px\" \/><\/span><div class=\"fusion-clearfix\"><\/div>\n\n\t\t\t\t\t<\/div>\n\t\t\t\t<\/div><\/div><\/div><div class=\"fusion-fullwidth fullwidth-box fusion-builder-row-10 nonhundred-percent-fullwidth non-hundred-percent-height-scrolling\"  style='background-color: rgba(255,255,255,0);background-position: center center;background-repeat: no-repeat;padding-top:0px;padding-right:0px;padding-bottom:0px;padding-left:0px;'><div class=\"fusion-builder-row fusion-row \"><div  class=\"fusion-layout-column fusion_builder_column fusion_builder_column_1_1 fusion-builder-column-34 fusion-one-full fusion-column-first fusion-column-last 1_1\"  style='margin-top:0px;margin-bottom:20px;'>\n\t\t\t\t\t<div class=\"fusion-column-wrapper\" style=\"padding: 0px 0px 0px 0px;background-position:left top;background-repeat:no-repeat;-webkit-background-size:cover;-moz-background-size:cover;-o-background-size:cover;background-size:cover;\"   data-bg-url=\"\">\n\t\t\t\t\t\t<div class=\"fusion-text\"><h2>Graphito publie tous les 15 jours des minutes prev&#8216; afin de vous apporter des r\u00e9ponses \u00e0 vos questionnements en pr\u00e9vention.<\/h2>\n<h2>Pour de rien louper, abonnez-vous \u00e0 nos pages LinkedIn et Youtube : <div class=\"fusion-social-links\"><div class=\"fusion-social-networks\"><div class=\"fusion-social-networks-wrapper\"><a class=\"fusion-social-network-icon fusion-tooltip fusion-linkedin fusion-icon-linkedin\" style=\"color:#bebdbd;\" aria-label=\"fusion-linkedin\" target=\"_blank\" rel=\"noopener noreferrer\" href=\"https:\/\/www.linkedin.com\/organization\/10174\" data-placement=\"top\" data-title=\"LinkedIn\" data-toggle=\"tooltip\" title=\"LinkedIn\"><\/a><a class=\"fusion-social-network-icon fusion-tooltip fusion-youtube fusion-icon-youtube\" style=\"color:#bebdbd;\" aria-label=\"fusion-youtube\" target=\"_blank\" rel=\"noopener noreferrer\" href=\"https:\/\/www.youtube.com\/channel\/UCe0xe-hQZvvYjrWHIcfcPHA\" data-placement=\"top\" data-title=\"YouTube\" data-toggle=\"tooltip\" title=\"YouTube\"><\/a><\/div><\/div><\/div><\/h2>\n<\/div><div class=\"fusion-clearfix\"><\/div>\n\n\t\t\t\t\t<\/div>\n\t\t\t\t<\/div><\/div><\/div><div class=\"fusion-fullwidth fullwidth-box fusion-builder-row-11 nonhundred-percent-fullwidth non-hundred-percent-height-scrolling\"  style='background-color: rgba(255,255,255,0);background-position: center center;background-repeat: no-repeat;padding-top:0px;padding-right:0px;padding-bottom:0px;padding-left:0px;'><div class=\"fusion-builder-row fusion-row \"><div  class=\"fusion-layout-column fusion_builder_column fusion_builder_column_1_3 fusion-builder-column-35 fusion-one-third fusion-column-first 1_3\"  style='margin-top:0px;margin-bottom:20px;width:33.33%;width:calc(33.33% - ( ( 4% + 4% ) * 0.3333 ) );margin-right: 4%;'>\n\t\t\t\t\t<div class=\"fusion-column-wrapper\" style=\"padding: 0px 0px 0px 0px;background-position:left top;background-repeat:no-repeat;-webkit-background-size:cover;-moz-background-size:cover;-o-background-size:cover;background-size:cover;\"   data-bg-url=\"\">\n\t\t\t\t\t\t<div class=\"fusion-video fusion-youtube\" style=\"max-width:600px;max-height:360px;\"><div class=\"video-shortcode\"><iframe title=\"YouTube video player\" src=\"https:\/\/www.youtube.com\/embed\/E3a8WYkk7Yg?wmode=transparent&autoplay=0\" width=\"600\" height=\"360\" allowfullscreen allow=\"autoplay; fullscreen\"><\/iframe><\/div><\/div><div class=\"fusion-clearfix\"><\/div>\n\n\t\t\t\t\t<\/div>\n\t\t\t\t<\/div><div  class=\"fusion-layout-column fusion_builder_column fusion_builder_column_1_3 fusion-builder-column-36 fusion-one-third 1_3\"  style='margin-top:0px;margin-bottom:20px;width:33.33%;width:calc(33.33% - ( ( 4% + 4% ) * 0.3333 ) );margin-right: 4%;'>\n\t\t\t\t\t<div class=\"fusion-column-wrapper\" style=\"padding: 0px 0px 0px 0px;background-position:left top;background-repeat:no-repeat;-webkit-background-size:cover;-moz-background-size:cover;-o-background-size:cover;background-size:cover;\"   data-bg-url=\"\">\n\t\t\t\t\t\t<div class=\"fusion-video fusion-youtube\" style=\"max-width:600px;max-height:360px;\"><div class=\"video-shortcode\"><iframe title=\"YouTube video player\" src=\"https:\/\/www.youtube.com\/embed\/cikm9Hzo6FM?wmode=transparent&autoplay=0\" width=\"600\" height=\"360\" allowfullscreen allow=\"autoplay; fullscreen\"><\/iframe><\/div><\/div><div class=\"fusion-clearfix\"><\/div>\n\n\t\t\t\t\t<\/div>\n\t\t\t\t<\/div><div  class=\"fusion-layout-column fusion_builder_column fusion_builder_column_1_3 fusion-builder-column-37 fusion-one-third fusion-column-last 1_3\"  style='margin-top:0px;margin-bottom:20px;width:33.33%;width:calc(33.33% - ( ( 4% + 4% ) * 0.3333 ) );'>\n\t\t\t\t\t<div class=\"fusion-column-wrapper\" style=\"padding: 0px 0px 0px 0px;background-position:left top;background-repeat:no-repeat;-webkit-background-size:cover;-moz-background-size:cover;-o-background-size:cover;background-size:cover;\"   data-bg-url=\"\">\n\t\t\t\t\t\t<div class=\"fusion-video fusion-youtube\" style=\"max-width:600px;max-height:360px;\"><div class=\"video-shortcode\"><iframe title=\"YouTube video player\" src=\"https:\/\/www.youtube.com\/embed\/NcsE5HurarI?wmode=transparent&autoplay=0\" width=\"600\" height=\"360\" allowfullscreen allow=\"autoplay; fullscreen\"><\/iframe><\/div><\/div><div class=\"fusion-clearfix\"><\/div>\n\n\t\t\t\t\t<\/div>\n\t\t\t\t<\/div><\/div><\/div><div class=\"fusion-fullwidth fullwidth-box fusion-builder-row-12 nonhundred-percent-fullwidth non-hundred-percent-height-scrolling\"  style='background-color: rgba(255,255,255,0);background-position: center center;background-repeat: no-repeat;padding-top:0px;padding-right:0px;padding-bottom:0px;padding-left:0px;'><div class=\"fusion-builder-row fusion-row \"><div  class=\"fusion-layout-column fusion_builder_column fusion_builder_column_1_3 fusion-builder-column-38 fusion-one-third fusion-column-first 1_3\"  style='margin-top:0px;margin-bottom:20px;width:33.33%;width:calc(33.33% - ( ( 4% + 4% ) * 0.3333 ) );margin-right: 4%;'>\n\t\t\t\t\t<div class=\"fusion-column-wrapper\" style=\"padding: 0px 0px 0px 0px;background-position:left top;background-repeat:no-repeat;-webkit-background-size:cover;-moz-background-size:cover;-o-background-size:cover;background-size:cover;\"   data-bg-url=\"\">\n\t\t\t\t\t\t<div class=\"fusion-video fusion-youtube\" style=\"max-width:600px;max-height:360px;\"><div class=\"video-shortcode\"><iframe title=\"YouTube video player\" src=\"https:\/\/www.youtube.com\/embed\/lM0C56h9nI8?wmode=transparent&autoplay=0\" width=\"600\" height=\"360\" allowfullscreen allow=\"autoplay; fullscreen\"><\/iframe><\/div><\/div><div class=\"fusion-clearfix\"><\/div>\n\n\t\t\t\t\t<\/div>\n\t\t\t\t<\/div><div  class=\"fusion-layout-column fusion_builder_column fusion_builder_column_1_3 fusion-builder-column-39 fusion-one-third 1_3\"  style='margin-top:0px;margin-bottom:20px;width:33.33%;width:calc(33.33% - ( ( 4% + 4% ) * 0.3333 ) );margin-right: 4%;'>\n\t\t\t\t\t<div class=\"fusion-column-wrapper\" style=\"padding: 0px 0px 0px 0px;background-position:left top;background-repeat:no-repeat;-webkit-background-size:cover;-moz-background-size:cover;-o-background-size:cover;background-size:cover;\"   data-bg-url=\"\">\n\t\t\t\t\t\t<div class=\"fusion-video fusion-youtube\" style=\"max-width:600px;max-height:360px;\"><div class=\"video-shortcode\"><iframe title=\"YouTube video player\" src=\"https:\/\/www.youtube.com\/embed\/LfnnaEOocRM?wmode=transparent&autoplay=0\" width=\"600\" height=\"360\" allowfullscreen allow=\"autoplay; fullscreen\"><\/iframe><\/div><\/div><div class=\"fusion-clearfix\"><\/div>\n\n\t\t\t\t\t<\/div>\n\t\t\t\t<\/div><div  class=\"fusion-layout-column fusion_builder_column fusion_builder_column_1_3 fusion-builder-column-40 fusion-one-third fusion-column-last 1_3\"  style='margin-top:0px;margin-bottom:20px;width:33.33%;width:calc(33.33% - ( ( 4% + 4% ) * 0.3333 ) );'>\n\t\t\t\t\t<div class=\"fusion-column-wrapper\" style=\"padding: 0px 0px 0px 0px;background-position:left top;background-repeat:no-repeat;-webkit-background-size:cover;-moz-background-size:cover;-o-background-size:cover;background-size:cover;\"   data-bg-url=\"\">\n\t\t\t\t\t\t<div class=\"fusion-video fusion-youtube\" style=\"max-width:600px;max-height:360px;\"><div class=\"video-shortcode\"><iframe title=\"YouTube video player\" src=\"https:\/\/www.youtube.com\/embed\/8u-gcPn-ec0?wmode=transparent&autoplay=0\" width=\"600\" height=\"360\" allowfullscreen allow=\"autoplay; fullscreen\"><\/iframe><\/div><\/div><div class=\"fusion-clearfix\"><\/div>\n\n\t\t\t\t\t<\/div>\n\t\t\t\t<\/div><div  class=\"fusion-layout-column fusion_builder_column fusion_builder_column_1_3 fusion-builder-column-41 fusion-one-third fusion-column-first 1_3\"  style='margin-top:0px;margin-bottom:20px;width:33.33%;width:calc(33.33% - ( ( 4% + 4% ) * 0.3333 ) );margin-right: 4%;'>\n\t\t\t\t\t<div class=\"fusion-column-wrapper\" style=\"padding: 0px 0px 0px 0px;background-position:left top;background-repeat:no-repeat;-webkit-background-size:cover;-moz-background-size:cover;-o-background-size:cover;background-size:cover;\"   data-bg-url=\"\">\n\t\t\t\t\t\t<div class=\"fusion-video fusion-youtube\" style=\"max-width:600px;max-height:360px;\"><div class=\"video-shortcode\"><iframe title=\"YouTube video player\" src=\"https:\/\/www.youtube.com\/embed\/uaJpZyENrR4?wmode=transparent&autoplay=0\" width=\"600\" height=\"360\" allowfullscreen allow=\"autoplay; fullscreen\"><\/iframe><\/div><\/div><div class=\"fusion-clearfix\"><\/div>\n\n\t\t\t\t\t<\/div>\n\t\t\t\t<\/div><div  class=\"fusion-layout-column fusion_builder_column fusion_builder_column_1_3 fusion-builder-column-42 fusion-one-third 1_3\"  style='margin-top:0px;margin-bottom:20px;width:33.33%;width:calc(33.33% - ( ( 4% + 4% ) * 0.3333 ) );margin-right: 4%;'>\n\t\t\t\t\t<div class=\"fusion-column-wrapper\" style=\"padding: 0px 0px 0px 0px;background-position:left top;background-repeat:no-repeat;-webkit-background-size:cover;-moz-background-size:cover;-o-background-size:cover;background-size:cover;\"   data-bg-url=\"\">\n\t\t\t\t\t\t<div class=\"fusion-video fusion-youtube\" style=\"max-width:600px;max-height:360px;\"><div class=\"video-shortcode\"><iframe title=\"YouTube video player\" src=\"https:\/\/www.youtube.com\/embed\/0z5t1RKzxv0?wmode=transparent&autoplay=0\" width=\"600\" height=\"360\" allowfullscreen allow=\"autoplay; fullscreen\"><\/iframe><\/div><\/div><div class=\"fusion-clearfix\"><\/div>\n\n\t\t\t\t\t<\/div>\n\t\t\t\t<\/div><div  class=\"fusion-layout-column fusion_builder_column fusion_builder_column_1_3 fusion-builder-column-43 fusion-one-third fusion-column-last 1_3\"  style='margin-top:0px;margin-bottom:20px;width:33.33%;width:calc(33.33% - ( ( 4% + 4% ) * 0.3333 ) );'>\n\t\t\t\t\t<div class=\"fusion-column-wrapper\" style=\"padding: 0px 0px 0px 0px;background-position:left top;background-repeat:no-repeat;-webkit-background-size:cover;-moz-background-size:cover;-o-background-size:cover;background-size:cover;\"   data-bg-url=\"\">\n\t\t\t\t\t\t<div class=\"fusion-video fusion-youtube\" style=\"max-width:600px;max-height:360px;\"><div class=\"video-shortcode\"><iframe title=\"YouTube video player\" src=\"https:\/\/www.youtube.com\/embed\/voX55m3FWFA?wmode=transparent&autoplay=0\" width=\"600\" height=\"360\" allowfullscreen allow=\"autoplay; fullscreen\"><\/iframe><\/div><\/div><div class=\"fusion-clearfix\"><\/div>\n\n\t\t\t\t\t<\/div>\n\t\t\t\t<\/div><div  class=\"fusion-layout-column fusion_builder_column fusion_builder_column_1_3 fusion-builder-column-44 fusion-one-third fusion-column-first 1_3\"  style='margin-top:0px;margin-bottom:20px;width:33.33%;width:calc(33.33% - ( ( 4% ) * 0.3333 ) );margin-right: 4%;'>\n\t\t\t\t\t<div class=\"fusion-column-wrapper\" style=\"padding: 0px 0px 0px 0px;background-position:left top;background-repeat:no-repeat;-webkit-background-size:cover;-moz-background-size:cover;-o-background-size:cover;background-size:cover;\"   data-bg-url=\"\">\n\t\t\t\t\t\t<div class=\"fusion-video fusion-youtube\" style=\"max-width:600px;max-height:360px;\"><div class=\"video-shortcode\"><iframe title=\"YouTube video player\" src=\"https:\/\/www.youtube.com\/embed\/tyQYWLWYiRw?wmode=transparent&autoplay=0\" width=\"600\" height=\"360\" allowfullscreen allow=\"autoplay; fullscreen\"><\/iframe><\/div><\/div><div class=\"fusion-clearfix\"><\/div>\n\n\t\t\t\t\t<\/div>\n\t\t\t\t<\/div><\/div><\/div><\/p>","protected":false},"excerpt":{"rendered":"","protected":false},"author":5,"featured_media":0,"parent":13136,"menu_order":0,"comment_status":"closed","ping_status":"closed","template":"","meta":{"_monsterinsights_skip_tracking":false,"_monsterinsights_sitenote_active":false,"_monsterinsights_sitenote_note":"","_monsterinsights_sitenote_category":0},"yoast_head":"<!-- This site is optimized with the Yoast SEO plugin v20.1 - https:\/\/yoast.com\/wordpress\/plugins\/seo\/ -->\n<title>Vid\u00e9os minutes prev&#039; - Graphito Prevention<\/title>\n<meta name=\"robots\" content=\"index, follow, max-snippet:-1, max-image-preview:large, max-video-preview:-1\" \/>\n<link rel=\"canonical\" href=\"https:\/\/graphito-prevention.fr\/conseil\/videos-minutes-prev\/\" \/>\n<meta property=\"og:locale\" content=\"de_DE\" \/>\n<meta property=\"og:type\" content=\"article\" \/>\n<meta property=\"og:title\" content=\"Vid\u00e9os minutes prev&#039; - Graphito Prevention\" \/>\n<meta property=\"og:url\" content=\"https:\/\/graphito-prevention.fr\/conseil\/videos-minutes-prev\/\" \/>\n<meta property=\"og:site_name\" content=\"Graphito Prevention\" \/>\n<meta property=\"article:publisher\" content=\"https:\/\/www.facebook.com\/GraphitoPrevention\/\" \/>\n<meta property=\"article:modified_time\" content=\"2021-09-13T07:27:27+00:00\" \/>\n<meta name=\"twitter:card\" content=\"summary_large_image\" \/>\n<meta name=\"twitter:site\" content=\"@GraphitoPrev\" \/>\n<meta name=\"twitter:label1\" content=\"Gesch\u00e4tzte Lesezeit\" \/>\n\t<meta name=\"twitter:data1\" content=\"30\u00a0Minuten\" \/>\n<script type=\"application\/ld+json\" class=\"yoast-schema-graph\">{\"@context\":\"https:\/\/schema.org\",\"@graph\":[{\"@type\":\"WebPage\",\"@id\":\"https:\/\/graphito-prevention.fr\/conseil\/videos-minutes-prev\/\",\"url\":\"https:\/\/graphito-prevention.fr\/conseil\/videos-minutes-prev\/\",\"name\":\"Vid\u00e9os minutes prev' - Graphito Prevention\",\"isPartOf\":{\"@id\":\"https:\/\/graphito-prevention.fr\/#website\"},\"datePublished\":\"2018-06-22T07:55:17+00:00\",\"dateModified\":\"2021-09-13T07:27:27+00:00\",\"breadcrumb\":{\"@id\":\"https:\/\/graphito-prevention.fr\/conseil\/videos-minutes-prev\/#breadcrumb\"},\"inLanguage\":\"de\",\"potentialAction\":[{\"@type\":\"ReadAction\",\"target\":[\"https:\/\/graphito-prevention.fr\/conseil\/videos-minutes-prev\/\"]}]},{\"@type\":\"BreadcrumbList\",\"@id\":\"https:\/\/graphito-prevention.fr\/conseil\/videos-minutes-prev\/#breadcrumb\",\"itemListElement\":[{\"@type\":\"ListItem\",\"position\":1,\"name\":\"Accueil\",\"item\":\"https:\/\/graphito-prevention.fr\/\"},{\"@type\":\"ListItem\",\"position\":2,\"name\":\"Conseil\",\"item\":\"https:\/\/graphito-prevention.fr\/conseil\/\"},{\"@type\":\"ListItem\",\"position\":3,\"name\":\"Vid\u00e9os minutes prev&rsquo;\"}]},{\"@type\":\"WebSite\",\"@id\":\"https:\/\/graphito-prevention.fr\/#website\",\"url\":\"https:\/\/graphito-prevention.fr\/\",\"name\":\"Graphito Prevention\",\"description\":\"Conseil et communication en pr\u00e9vention\",\"publisher\":{\"@id\":\"https:\/\/graphito-prevention.fr\/#organization\"},\"potentialAction\":[{\"@type\":\"SearchAction\",\"target\":{\"@type\":\"EntryPoint\",\"urlTemplate\":\"https:\/\/graphito-prevention.fr\/?s={search_term_string}\"},\"query-input\":\"required name=search_term_string\"}],\"inLanguage\":\"de\"},{\"@type\":\"Organization\",\"@id\":\"https:\/\/graphito-prevention.fr\/#organization\",\"name\":\"Graphito Cr\u00e9ation\",\"url\":\"https:\/\/graphito-prevention.fr\/\",\"logo\":{\"@type\":\"ImageObject\",\"inLanguage\":\"de\",\"@id\":\"https:\/\/graphito-prevention.fr\/#\/schema\/logo\/image\/\",\"url\":\"https:\/\/graphito-prevention.fr\/wp-content\/uploads\/2018\/03\/graphito-small.png\",\"contentUrl\":\"https:\/\/graphito-prevention.fr\/wp-content\/uploads\/2018\/03\/graphito-small.png\",\"width\":128,\"height\":54,\"caption\":\"Graphito Cr\u00e9ation\"},\"image\":{\"@id\":\"https:\/\/graphito-prevention.fr\/#\/schema\/logo\/image\/\"},\"sameAs\":[\"https:\/\/www.facebook.com\/GraphitoPrevention\/\",\"https:\/\/twitter.com\/GraphitoPrev\",\"https:\/\/www.linkedin.com\/company\/10174627\/\",\"https:\/\/www.youtube.com\/channel\/UCe0xe-hQZvvYjrWHIcfcPHA\"]}]}<\/script>\n<!-- \/ Yoast SEO plugin. -->","yoast_head_json":{"title":"Vid\u00e9os minutes prev' - Graphito Prevention","robots":{"index":"index","follow":"follow","max-snippet":"max-snippet:-1","max-image-preview":"max-image-preview:large","max-video-preview":"max-video-preview:-1"},"canonical":"https:\/\/graphito-prevention.fr\/conseil\/videos-minutes-prev\/","og_locale":"de_DE","og_type":"article","og_title":"Vid\u00e9os minutes prev' - Graphito Prevention","og_url":"https:\/\/graphito-prevention.fr\/conseil\/videos-minutes-prev\/","og_site_name":"Graphito Prevention","article_publisher":"https:\/\/www.facebook.com\/GraphitoPrevention\/","article_modified_time":"2021-09-13T07:27:27+00:00","twitter_card":"summary_large_image","twitter_site":"@GraphitoPrev","twitter_misc":{"Gesch\u00e4tzte Lesezeit":"30\u00a0Minuten"},"schema":{"@context":"https:\/\/schema.org","@graph":[{"@type":"WebPage","@id":"https:\/\/graphito-prevention.fr\/conseil\/videos-minutes-prev\/","url":"https:\/\/graphito-prevention.fr\/conseil\/videos-minutes-prev\/","name":"Vid\u00e9os minutes prev' - Graphito Prevention","isPartOf":{"@id":"https:\/\/graphito-prevention.fr\/#website"},"datePublished":"2018-06-22T07:55:17+00:00","dateModified":"2021-09-13T07:27:27+00:00","breadcrumb":{"@id":"https:\/\/graphito-prevention.fr\/conseil\/videos-minutes-prev\/#breadcrumb"},"inLanguage":"de","potentialAction":[{"@type":"ReadAction","target":["https:\/\/graphito-prevention.fr\/conseil\/videos-minutes-prev\/"]}]},{"@type":"BreadcrumbList","@id":"https:\/\/graphito-prevention.fr\/conseil\/videos-minutes-prev\/#breadcrumb","itemListElement":[{"@type":"ListItem","position":1,"name":"Accueil","item":"https:\/\/graphito-prevention.fr\/"},{"@type":"ListItem","position":2,"name":"Conseil","item":"https:\/\/graphito-prevention.fr\/conseil\/"},{"@type":"ListItem","position":3,"name":"Vid\u00e9os minutes prev&rsquo;"}]},{"@type":"WebSite","@id":"https:\/\/graphito-prevention.fr\/#website","url":"https:\/\/graphito-prevention.fr\/","name":"Graphito Prevention","description":"Conseil et communication en pr\u00e9vention","publisher":{"@id":"https:\/\/graphito-prevention.fr\/#organization"},"potentialAction":[{"@type":"SearchAction","target":{"@type":"EntryPoint","urlTemplate":"https:\/\/graphito-prevention.fr\/?s={search_term_string}"},"query-input":"required name=search_term_string"}],"inLanguage":"de"},{"@type":"Organization","@id":"https:\/\/graphito-prevention.fr\/#organization","name":"Graphito Cr\u00e9ation","url":"https:\/\/graphito-prevention.fr\/","logo":{"@type":"ImageObject","inLanguage":"de","@id":"https:\/\/graphito-prevention.fr\/#\/schema\/logo\/image\/","url":"https:\/\/graphito-prevention.fr\/wp-content\/uploads\/2018\/03\/graphito-small.png","contentUrl":"https:\/\/graphito-prevention.fr\/wp-content\/uploads\/2018\/03\/graphito-small.png","width":128,"height":54,"caption":"Graphito Cr\u00e9ation"},"image":{"@id":"https:\/\/graphito-prevention.fr\/#\/schema\/logo\/image\/"},"sameAs":["https:\/\/www.facebook.com\/GraphitoPrevention\/","https:\/\/twitter.com\/GraphitoPrev","https:\/\/www.linkedin.com\/company\/10174627\/","https:\/\/www.youtube.com\/channel\/UCe0xe-hQZvvYjrWHIcfcPHA"]}]}},"_links":{"self":[{"href":"https:\/\/graphito-prevention.fr\/de\/wp-json\/wp\/v2\/pages\/14898"}],"collection":[{"href":"https:\/\/graphito-prevention.fr\/de\/wp-json\/wp\/v2\/pages"}],"about":[{"href":"https:\/\/graphito-prevention.fr\/de\/wp-json\/wp\/v2\/types\/page"}],"author":[{"embeddable":true,"href":"https:\/\/graphito-prevention.fr\/de\/wp-json\/wp\/v2\/users\/5"}],"replies":[{"embeddable":true,"href":"https:\/\/graphito-prevention.fr\/de\/wp-json\/wp\/v2\/comments?post=14898"}],"version-history":[{"count":24,"href":"https:\/\/graphito-prevention.fr\/de\/wp-json\/wp\/v2\/pages\/14898\/revisions"}],"predecessor-version":[{"id":19220,"href":"https:\/\/graphito-prevention.fr\/de\/wp-json\/wp\/v2\/pages\/14898\/revisions\/19220"}],"up":[{"embeddable":true,"href":"https:\/\/graphito-prevention.fr\/de\/wp-json\/wp\/v2\/pages\/13136"}],"wp:attachment":[{"href":"https:\/\/graphito-prevention.fr\/de\/wp-json\/wp\/v2\/media?parent=14898"}],"curies":[{"name":"wp","href":"https:\/\/api.w.org\/{rel}","templated":true}]}}