{"id":13157,"date":"2018-03-05T15:12:02","date_gmt":"2018-03-05T14:12:02","guid":{"rendered":"http:\/\/graphito-prevention.fr\/?page_id=13157"},"modified":"2023-10-10T12:03:09","modified_gmt":"2023-10-10T10:03:09","slug":"conferences-actives","status":"publish","type":"page","link":"https:\/\/graphito-prevention.fr\/en\/safety-day\/conferences-actives\/","title":{"rendered":"Conf\u00e9rences"},"content":{"rendered":"<p><div class=\"fusion-fullwidth fullwidth-box fusion-builder-row-7 nonhundred-percent-fullwidth non-hundred-percent-height-scrolling\"  style='background-color: rgba(255,255,255,0);background-position: center center;background-repeat: no-repeat;padding-top:0px;padding-right:0px;padding-bottom:0px;padding-left:0px;'><div class=\"fusion-builder-row fusion-row \"><div  class=\"fusion-layout-column fusion_builder_column fusion_builder_column_1_1 fusion-builder-column-8 fusion-one-full fusion-column-first fusion-column-last 1_1\"  style='margin-top:0px;margin-bottom:20px;'>\n\t\t\t\t\t<div class=\"fusion-column-wrapper\" style=\"padding: 0px 0px 0px 0px;background-position:left top;background-repeat:no-repeat;-webkit-background-size:cover;-moz-background-size:cover;-o-background-size:cover;background-size:cover;\"   data-bg-url=\"\">\n\t\t\t\t\t\t<div class=\"fusion-text title-page\"><h1 style=\"text-align: center;\">CONFERENCES<\/h1>\n<\/div><span class=\"fusion-imageframe imageframe-none imageframe-2 hover-type-none\"><img decoding=\"async\" loading=\"lazy\" src=\"https:\/\/graphito-prevention.fr\/wp-content\/uploads\/2018\/06\/bar_titile.jpg\" data-orig-src=\"http:\/\/graphito-prevention.fr\/wp-content\/uploads\/2018\/06\/bar_titile.jpg\" width=\"1100\" height=\"6\" alt=\"\" title=\"bar_titile\" class=\"lazyload img-responsive wp-image-14674\" srcset=\"data:image\/svg+xml,%3Csvg%20xmlns%3D%27http%3A%2F%2Fwww.w3.org%2F2000%2Fsvg%27%20width%3D%271100%27%20height%3D%276%27%20viewBox%3D%270%200%201100%206%27%3E%3Crect%20width%3D%271100%27%20height%3D%2736%27%20fill-opacity%3D%220%22%2F%3E%3C%2Fsvg%3E\" data-srcset=\"https:\/\/graphito-prevention.fr\/wp-content\/uploads\/2018\/06\/bar_titile-200x1.jpg 200w, https:\/\/graphito-prevention.fr\/wp-content\/uploads\/2018\/06\/bar_titile-400x2.jpg 400w, https:\/\/graphito-prevention.fr\/wp-content\/uploads\/2018\/06\/bar_titile-600x3.jpg 600w, https:\/\/graphito-prevention.fr\/wp-content\/uploads\/2018\/06\/bar_titile-800x4.jpg 800w, https:\/\/graphito-prevention.fr\/wp-content\/uploads\/2018\/06\/bar_titile.jpg 1100w\" data-sizes=\"auto\" data-orig-sizes=\"(max-width: 800px) 100vw, 1100px\" \/><\/span><div class=\"fusion-clearfix\"><\/div>\n\n\t\t\t\t\t<\/div>\n\t\t\t\t<\/div><\/div><\/div><div class=\"fusion-fullwidth fullwidth-box fusion-builder-row-8 nonhundred-percent-fullwidth non-hundred-percent-height-scrolling\"  style='background-color: rgba(255,255,255,0);background-position: center center;background-repeat: no-repeat;padding-top:0px;padding-right:0px;padding-bottom:0px;padding-left:0px;'><div class=\"fusion-builder-row fusion-row \"><div  class=\"fusion-layout-column fusion_builder_column fusion_builder_column_1_2 fusion-builder-column-9 fusion-one-half fusion-column-first 1_2\"  style='margin-top:0px;margin-bottom:20px;width:50%;width:calc(50% - ( ( 4% ) * 0.5 ) );margin-right: 4%;'>\n\t\t\t\t\t<div class=\"fusion-column-wrapper\" style=\"padding: 0px 0px 0px 0px;background-position:left top;background-repeat:no-repeat;-webkit-background-size:cover;-moz-background-size:cover;-o-background-size:cover;background-size:cover;\"   data-bg-url=\"\">\n\t\t\t\t\t\t<div class=\"fusion-text\"><h2><span style=\"color: #95b500;\"><strong>What is an active conference ?<\/strong><\/span><\/h2>\n<p>As its name suggests, an active conference puts participants into action. The goal is to transform the usual conference codes to avoid being on an only top-down pattern: one person talks and the others listen.<\/p>\n<p><strong>During these conferences, the public is regularly put into action or involved through exercises<\/strong>, time for reflection, exchange, role-playing, proposing ideas&#8230;<\/p>\n<p>The conferences can be combined with other activities such as games or mega-quizzes.<\/p>\n<p>The freer the space is, the easier it will be to involve the spectators who become spect&#8217;actors.<\/p>\n<\/div><div class=\"fusion-counters-box counters-box row fusion-clearfix fusion-columns-4 counter-box-bg\"><div class=\"fusion-counter-box fusion-column col-counter-box counter-box-wrapper col-lg-3 col-md-3 col-sm-3\" data-animationOffset=\"100%\"><div class=\"counter-box-container\" style=\"border: 1px solid #e0dede;\"><div class=\"content-box-percentage content-box-counter\" style=\"color:#577810;font-size:24px;line-height:normal;\"><i class=\"counter-box-icon fontawesome-icon fa-clock far\" style=\"font-size:24px;\"><\/i><span class=\"display-counter\" data-value=\"30\" data-direction=\"up\" data-decimals=\"0\">0<\/span><span class=\"unit\">m<\/span><\/div><div class=\"counter-box-content\" style=\"color:#747474;font-size:13px;\">minimum<\/div><\/div><\/div><div class=\"fusion-counter-box fusion-column col-counter-box counter-box-wrapper col-lg-3 col-md-3 col-sm-3\" data-animationOffset=\"100%\"><div class=\"counter-box-container\" style=\"border: 1px solid #e0dede;\"><div class=\"content-box-percentage content-box-counter\" style=\"color:#577810;font-size:24px;line-height:normal;\"><i class=\"counter-box-icon fontawesome-icon fa-clock far\" style=\"font-size:24px;\"><\/i><span class=\"display-counter\" data-value=\"2\" data-direction=\"up\" data-decimals=\"0\">0<\/span><span class=\"unit\">H<\/span><\/div><div class=\"counter-box-content\" style=\"color:#747474;font-size:13px;\">maximum<\/div><\/div><\/div><div class=\"fusion-counter-box fusion-column col-counter-box counter-box-wrapper col-lg-3 col-md-3 col-sm-3\" data-animationOffset=\"100%\"><div class=\"counter-box-container\" style=\"border: 1px solid #e0dede;\"><div class=\"content-box-percentage content-box-counter\" style=\"color:#577810;font-size:24px;line-height:normal;\"><i class=\"counter-box-icon fontawesome-icon fa-user fas\" style=\"font-size:24px;\"><\/i><span class=\"display-counter\" data-value=\"30\" data-direction=\"up\" data-decimals=\"0\">0<\/span><\/div><div class=\"counter-box-content\" style=\"color:#747474;font-size:13px;\">minimum<\/div><\/div><\/div><div class=\"fusion-counter-box fusion-column col-counter-box counter-box-wrapper col-lg-3 col-md-3 col-sm-3\" data-animationOffset=\"100%\"><div class=\"counter-box-container\" style=\"border: 1px solid #e0dede;\"><div class=\"content-box-percentage content-box-counter\" style=\"color:#577810;font-size:24px;line-height:normal;\"><i class=\"counter-box-icon fontawesome-icon fa-user fas\" style=\"font-size:24px;\"><\/i><span class=\"display-counter\" data-value=\"400\" data-direction=\"up\" data-decimals=\"0\">0<\/span><\/div><div class=\"counter-box-content\" style=\"color:#747474;font-size:13px;\">maximum<\/div><\/div><\/div><\/div><div class=\"clearfix\"><\/div><div class=\"fusion-button-wrapper\"><style type=\"text\/css\">.fusion-button.button-2 {border-radius:1px;}<\/style><a class=\"fusion-button button-flat fusion-button-default-size button-default button-2 fusion-button-default-span fusion-button-default-type\" target=\"_self\" href=\"http:\/\/graphito-prevention.fr\/formulaire-conferences\/\"><span class=\"fusion-button-text\">Organize an active conference<\/span><\/a><\/div><div class=\"fusion-clearfix\"><\/div>\n\n\t\t\t\t\t<\/div>\n\t\t\t\t<\/div><div  class=\"fusion-layout-column fusion_builder_column fusion_builder_column_1_2 fusion-builder-column-10 fusion-one-half fusion-column-last 1_2\"  style='margin-top:0px;margin-bottom:20px;width:50%;width:calc(50% - ( ( 4% ) * 0.5 ) );'>\n\t\t\t\t\t<div class=\"fusion-column-wrapper\" style=\"padding: 0px 0px 0px 0px;background-position:left top;background-repeat:no-repeat;-webkit-background-size:cover;-moz-background-size:cover;-o-background-size:cover;background-size:cover;\"   data-bg-url=\"\">\n\t\t\t\t\t\t<div class=\"fusion-image-carousel fusion-image-carousel-auto fusion-carousel-border no-margin-bottom\"><div class=\"fusion-carousel\" data-autoplay=\"yes\" data-columns=\"1\" data-itemmargin=\"13\" data-itemwidth=\"180\" data-touchscroll=\"no\" data-imagesize=\"auto\"><div class=\"fusion-carousel-positioner\"><ul class=\"fusion-carousel-holder\"><li class=\"fusion-carousel-item\"><div class=\"fusion-carousel-item-wrapper\"><div class=\"fusion-image-wrapper hover-type-none\"><img width=\"3264\" height=\"2448\" src=\"https:\/\/graphito-prevention.fr\/wp-content\/uploads\/2018\/05\/IMG_6912-e1526992846719.jpg\" class=\"attachment-full size-full lazyload\" alt=\"conferences actives - Graphito Pr\u00e9vention\" decoding=\"async\" loading=\"lazy\" srcset=\"data:image\/svg+xml,%3Csvg%20xmlns%3D%27http%3A%2F%2Fwww.w3.org%2F2000%2Fsvg%27%20width%3D%273264%27%20height%3D%272448%27%20viewBox%3D%270%200%203264%202448%27%3E%3Crect%20width%3D%273264%27%20height%3D%2732448%27%20fill-opacity%3D%220%22%2F%3E%3C%2Fsvg%3E\" data-orig-src=\"https:\/\/graphito-prevention.fr\/wp-content\/uploads\/2018\/05\/IMG_6912-e1526992846719.jpg\" data-srcset=\"https:\/\/graphito-prevention.fr\/wp-content\/uploads\/2018\/05\/IMG_6912-e1526992846719-200x150.jpg 200w, https:\/\/graphito-prevention.fr\/wp-content\/uploads\/2018\/05\/IMG_6912-e1526992846719-300x225.jpg 300w, https:\/\/graphito-prevention.fr\/wp-content\/uploads\/2018\/05\/IMG_6912-e1526992846719-400x300.jpg 400w, https:\/\/graphito-prevention.fr\/wp-content\/uploads\/2018\/05\/IMG_6912-e1526992846719-600x450.jpg 600w, https:\/\/graphito-prevention.fr\/wp-content\/uploads\/2018\/05\/IMG_6912-e1526992846719-768x576.jpg 768w, https:\/\/graphito-prevention.fr\/wp-content\/uploads\/2018\/05\/IMG_6912-e1526992846719-800x600.jpg 800w, https:\/\/graphito-prevention.fr\/wp-content\/uploads\/2018\/05\/IMG_6912-e1526992846719-1024x768.jpg 1024w, https:\/\/graphito-prevention.fr\/wp-content\/uploads\/2018\/05\/IMG_6912-e1526992846719-1200x900.jpg 1200w, https:\/\/graphito-prevention.fr\/wp-content\/uploads\/2018\/05\/IMG_6912-e1526992846719.jpg 3264w\" data-sizes=\"auto\" \/><\/div><\/div><\/li><li class=\"fusion-carousel-item\"><div class=\"fusion-carousel-item-wrapper\"><div class=\"fusion-image-wrapper hover-type-none\"><img width=\"3264\" height=\"2448\" src=\"https:\/\/graphito-prevention.fr\/wp-content\/uploads\/2018\/05\/IMG_7282-e1526992950294.jpg\" class=\"attachment-full size-full lazyload\" alt=\"Fabrice Reboullet en reprensentation lors d&#039;une conference pour le groupe La Poste\" decoding=\"async\" loading=\"lazy\" srcset=\"data:image\/svg+xml,%3Csvg%20xmlns%3D%27http%3A%2F%2Fwww.w3.org%2F2000%2Fsvg%27%20width%3D%273264%27%20height%3D%272448%27%20viewBox%3D%270%200%203264%202448%27%3E%3Crect%20width%3D%273264%27%20height%3D%2732448%27%20fill-opacity%3D%220%22%2F%3E%3C%2Fsvg%3E\" data-orig-src=\"https:\/\/graphito-prevention.fr\/wp-content\/uploads\/2018\/05\/IMG_7282-e1526992950294.jpg\" data-srcset=\"https:\/\/graphito-prevention.fr\/wp-content\/uploads\/2018\/05\/IMG_7282-e1526992950294-200x150.jpg 200w, https:\/\/graphito-prevention.fr\/wp-content\/uploads\/2018\/05\/IMG_7282-e1526992950294-300x225.jpg 300w, https:\/\/graphito-prevention.fr\/wp-content\/uploads\/2018\/05\/IMG_7282-e1526992950294-400x300.jpg 400w, https:\/\/graphito-prevention.fr\/wp-content\/uploads\/2018\/05\/IMG_7282-e1526992950294-600x450.jpg 600w, https:\/\/graphito-prevention.fr\/wp-content\/uploads\/2018\/05\/IMG_7282-e1526992950294-768x576.jpg 768w, https:\/\/graphito-prevention.fr\/wp-content\/uploads\/2018\/05\/IMG_7282-e1526992950294-800x600.jpg 800w, https:\/\/graphito-prevention.fr\/wp-content\/uploads\/2018\/05\/IMG_7282-e1526992950294-1024x768.jpg 1024w, https:\/\/graphito-prevention.fr\/wp-content\/uploads\/2018\/05\/IMG_7282-e1526992950294-1200x900.jpg 1200w, https:\/\/graphito-prevention.fr\/wp-content\/uploads\/2018\/05\/IMG_7282-e1526992950294.jpg 3264w\" data-sizes=\"auto\" \/><\/div><\/div><\/li><li class=\"fusion-carousel-item\"><div class=\"fusion-carousel-item-wrapper\"><div class=\"fusion-image-wrapper hover-type-none\"><img width=\"3264\" height=\"2448\" src=\"https:\/\/graphito-prevention.fr\/wp-content\/uploads\/2018\/05\/IMG_6909.jpg\" class=\"attachment-full size-full lazyload\" alt=\"participez aux conferences Graphito Prevention\" decoding=\"async\" loading=\"lazy\" srcset=\"data:image\/svg+xml,%3Csvg%20xmlns%3D%27http%3A%2F%2Fwww.w3.org%2F2000%2Fsvg%27%20width%3D%273264%27%20height%3D%272448%27%20viewBox%3D%270%200%203264%202448%27%3E%3Crect%20width%3D%273264%27%20height%3D%2732448%27%20fill-opacity%3D%220%22%2F%3E%3C%2Fsvg%3E\" data-orig-src=\"https:\/\/graphito-prevention.fr\/wp-content\/uploads\/2018\/05\/IMG_6909.jpg\" data-srcset=\"https:\/\/graphito-prevention.fr\/wp-content\/uploads\/2018\/05\/IMG_6909-200x150.jpg 200w, https:\/\/graphito-prevention.fr\/wp-content\/uploads\/2018\/05\/IMG_6909-300x225.jpg 300w, https:\/\/graphito-prevention.fr\/wp-content\/uploads\/2018\/05\/IMG_6909-400x300.jpg 400w, https:\/\/graphito-prevention.fr\/wp-content\/uploads\/2018\/05\/IMG_6909-600x450.jpg 600w, https:\/\/graphito-prevention.fr\/wp-content\/uploads\/2018\/05\/IMG_6909-768x576.jpg 768w, https:\/\/graphito-prevention.fr\/wp-content\/uploads\/2018\/05\/IMG_6909-800x600.jpg 800w, https:\/\/graphito-prevention.fr\/wp-content\/uploads\/2018\/05\/IMG_6909-1024x768.jpg 1024w, https:\/\/graphito-prevention.fr\/wp-content\/uploads\/2018\/05\/IMG_6909-1200x900.jpg 1200w, https:\/\/graphito-prevention.fr\/wp-content\/uploads\/2018\/05\/IMG_6909.jpg 3264w\" data-sizes=\"auto\" \/><\/div><\/div><\/li><\/ul><div class=\"fusion-carousel-nav\"><span class=\"fusion-nav-prev\"><\/span><span class=\"fusion-nav-next\"><\/span><\/div><\/div><\/div><\/div><div class=\"fusion-clearfix\"><\/div>\n\n\t\t\t\t\t<\/div>\n\t\t\t\t<\/div><\/div><\/div><div class=\"fusion-fullwidth fullwidth-box fusion-builder-row-9 fusion-parallax-none nonhundred-percent-fullwidth non-hundred-percent-height-scrolling lazyload\"  style='background-color: rgba(255,255,255,0);background-position: left bottom;background-repeat: repeat-x;padding-top:0px;padding-right:0px;padding-bottom:0px;padding-left:0px;' data-bg=\"http:\/\/graphito-prevention.fr\/wp-content\/uploads\/2018\/05\/creneau.jpg\"><div class=\"fusion-builder-row fusion-row \"><div  class=\"fusion-layout-column fusion_builder_column fusion_builder_column_1_1 fusion-builder-column-11 fusion-one-full fusion-column-first fusion-column-last 1_1\"  style='margin-top:0px;margin-bottom:20px;'>\n\t\t\t\t\t<div class=\"fusion-column-wrapper\" style=\"padding: 0px 0px 0px 0px;background-position:left top;background-repeat:no-repeat;-webkit-background-size:cover;-moz-background-size:cover;-o-background-size:cover;background-size:cover;\"   data-bg-url=\"\">\n\t\t\t\t\t\t<div class=\"fusion-clearfix\"><\/div>\n\n\t\t\t\t\t<\/div>\n\t\t\t\t<\/div><\/div><\/div><\/p>","protected":false},"excerpt":{"rendered":"","protected":false},"author":1,"featured_media":0,"parent":13151,"menu_order":0,"comment_status":"closed","ping_status":"closed","template":"100-width.php","meta":{"_monsterinsights_skip_tracking":false,"_monsterinsights_sitenote_active":false,"_monsterinsights_sitenote_note":"","_monsterinsights_sitenote_category":0},"yoast_head":"<!-- This site is optimized with the Yoast SEO plugin v20.1 - https:\/\/yoast.com\/wordpress\/plugins\/seo\/ -->\n<title>Conf\u00e9rences actives - Graphito Prevention<\/title>\n<meta name=\"description\" content=\"Mettrez vos collaborateurs en action lors des conf\u00e9rences actives de Graphito Pr\u00e9vention accessibles pour tous types de collaborateurs.\" \/>\n<meta name=\"robots\" content=\"index, follow, max-snippet:-1, max-image-preview:large, max-video-preview:-1\" \/>\n<link rel=\"canonical\" href=\"https:\/\/graphito-prevention.fr\/safety-day\/conferences-actives\/\" \/>\n<meta property=\"og:locale\" content=\"en_US\" \/>\n<meta property=\"og:type\" content=\"article\" \/>\n<meta property=\"og:title\" content=\"Conf\u00e9rences actives - Graphito Prevention\" \/>\n<meta property=\"og:description\" content=\"Mettrez vos collaborateurs en action lors des conf\u00e9rences actives de Graphito Pr\u00e9vention accessibles pour tous types de collaborateurs.\" \/>\n<meta property=\"og:url\" content=\"https:\/\/graphito-prevention.fr\/safety-day\/conferences-actives\/\" \/>\n<meta property=\"og:site_name\" content=\"Graphito Prevention\" \/>\n<meta property=\"article:publisher\" content=\"https:\/\/www.facebook.com\/GraphitoPrevention\/\" \/>\n<meta property=\"article:modified_time\" content=\"2023-10-10T10:03:09+00:00\" \/>\n<meta name=\"twitter:card\" content=\"summary_large_image\" \/>\n<meta name=\"twitter:site\" content=\"@GraphitoPrev\" \/>\n<meta name=\"twitter:label1\" content=\"Est. reading time\" \/>\n\t<meta name=\"twitter:data1\" content=\"16 minutes\" \/>\n<script type=\"application\/ld+json\" class=\"yoast-schema-graph\">{\"@context\":\"https:\/\/schema.org\",\"@graph\":[{\"@type\":\"WebPage\",\"@id\":\"https:\/\/graphito-prevention.fr\/safety-day\/conferences-actives\/\",\"url\":\"https:\/\/graphito-prevention.fr\/safety-day\/conferences-actives\/\",\"name\":\"Conf\u00e9rences actives - Graphito Prevention\",\"isPartOf\":{\"@id\":\"https:\/\/graphito-prevention.fr\/#website\"},\"datePublished\":\"2018-03-05T14:12:02+00:00\",\"dateModified\":\"2023-10-10T10:03:09+00:00\",\"description\":\"Mettrez vos collaborateurs en action lors des conf\u00e9rences actives de Graphito Pr\u00e9vention accessibles pour tous types de collaborateurs.\",\"breadcrumb\":{\"@id\":\"https:\/\/graphito-prevention.fr\/safety-day\/conferences-actives\/#breadcrumb\"},\"inLanguage\":\"en-US\",\"potentialAction\":[{\"@type\":\"ReadAction\",\"target\":[\"https:\/\/graphito-prevention.fr\/safety-day\/conferences-actives\/\"]}]},{\"@type\":\"BreadcrumbList\",\"@id\":\"https:\/\/graphito-prevention.fr\/safety-day\/conferences-actives\/#breadcrumb\",\"itemListElement\":[{\"@type\":\"ListItem\",\"position\":1,\"name\":\"Accueil\",\"item\":\"https:\/\/graphito-prevention.fr\/\"},{\"@type\":\"ListItem\",\"position\":2,\"name\":\"Safety day\",\"item\":\"https:\/\/graphito-prevention.fr\/safety-day\/\"},{\"@type\":\"ListItem\",\"position\":3,\"name\":\"Conf\u00e9rences\"}]},{\"@type\":\"WebSite\",\"@id\":\"https:\/\/graphito-prevention.fr\/#website\",\"url\":\"https:\/\/graphito-prevention.fr\/\",\"name\":\"Graphito Prevention\",\"description\":\"Conseil et communication en pr\u00e9vention\",\"publisher\":{\"@id\":\"https:\/\/graphito-prevention.fr\/#organization\"},\"potentialAction\":[{\"@type\":\"SearchAction\",\"target\":{\"@type\":\"EntryPoint\",\"urlTemplate\":\"https:\/\/graphito-prevention.fr\/?s={search_term_string}\"},\"query-input\":\"required name=search_term_string\"}],\"inLanguage\":\"en-US\"},{\"@type\":\"Organization\",\"@id\":\"https:\/\/graphito-prevention.fr\/#organization\",\"name\":\"Graphito Cr\u00e9ation\",\"url\":\"https:\/\/graphito-prevention.fr\/\",\"logo\":{\"@type\":\"ImageObject\",\"inLanguage\":\"en-US\",\"@id\":\"https:\/\/graphito-prevention.fr\/#\/schema\/logo\/image\/\",\"url\":\"https:\/\/graphito-prevention.fr\/wp-content\/uploads\/2018\/03\/graphito-small.png\",\"contentUrl\":\"https:\/\/graphito-prevention.fr\/wp-content\/uploads\/2018\/03\/graphito-small.png\",\"width\":128,\"height\":54,\"caption\":\"Graphito Cr\u00e9ation\"},\"image\":{\"@id\":\"https:\/\/graphito-prevention.fr\/#\/schema\/logo\/image\/\"},\"sameAs\":[\"https:\/\/www.facebook.com\/GraphitoPrevention\/\",\"https:\/\/twitter.com\/GraphitoPrev\",\"https:\/\/www.linkedin.com\/company\/10174627\/\",\"https:\/\/www.youtube.com\/channel\/UCe0xe-hQZvvYjrWHIcfcPHA\"]}]}<\/script>\n<!-- \/ Yoast SEO plugin. -->","yoast_head_json":{"title":"Conf\u00e9rences actives - Graphito Prevention","description":"Mettrez vos collaborateurs en action lors des conf\u00e9rences actives de Graphito Pr\u00e9vention accessibles pour tous types de collaborateurs.","robots":{"index":"index","follow":"follow","max-snippet":"max-snippet:-1","max-image-preview":"max-image-preview:large","max-video-preview":"max-video-preview:-1"},"canonical":"https:\/\/graphito-prevention.fr\/safety-day\/conferences-actives\/","og_locale":"en_US","og_type":"article","og_title":"Conf\u00e9rences actives - Graphito Prevention","og_description":"Mettrez vos collaborateurs en action lors des conf\u00e9rences actives de Graphito Pr\u00e9vention accessibles pour tous types de collaborateurs.","og_url":"https:\/\/graphito-prevention.fr\/safety-day\/conferences-actives\/","og_site_name":"Graphito Prevention","article_publisher":"https:\/\/www.facebook.com\/GraphitoPrevention\/","article_modified_time":"2023-10-10T10:03:09+00:00","twitter_card":"summary_large_image","twitter_site":"@GraphitoPrev","twitter_misc":{"Est. reading time":"16 minutes"},"schema":{"@context":"https:\/\/schema.org","@graph":[{"@type":"WebPage","@id":"https:\/\/graphito-prevention.fr\/safety-day\/conferences-actives\/","url":"https:\/\/graphito-prevention.fr\/safety-day\/conferences-actives\/","name":"Conf\u00e9rences actives - Graphito Prevention","isPartOf":{"@id":"https:\/\/graphito-prevention.fr\/#website"},"datePublished":"2018-03-05T14:12:02+00:00","dateModified":"2023-10-10T10:03:09+00:00","description":"Mettrez vos collaborateurs en action lors des conf\u00e9rences actives de Graphito Pr\u00e9vention accessibles pour tous types de collaborateurs.","breadcrumb":{"@id":"https:\/\/graphito-prevention.fr\/safety-day\/conferences-actives\/#breadcrumb"},"inLanguage":"en-US","potentialAction":[{"@type":"ReadAction","target":["https:\/\/graphito-prevention.fr\/safety-day\/conferences-actives\/"]}]},{"@type":"BreadcrumbList","@id":"https:\/\/graphito-prevention.fr\/safety-day\/conferences-actives\/#breadcrumb","itemListElement":[{"@type":"ListItem","position":1,"name":"Accueil","item":"https:\/\/graphito-prevention.fr\/"},{"@type":"ListItem","position":2,"name":"Safety day","item":"https:\/\/graphito-prevention.fr\/safety-day\/"},{"@type":"ListItem","position":3,"name":"Conf\u00e9rences"}]},{"@type":"WebSite","@id":"https:\/\/graphito-prevention.fr\/#website","url":"https:\/\/graphito-prevention.fr\/","name":"Graphito Prevention","description":"Conseil et communication en pr\u00e9vention","publisher":{"@id":"https:\/\/graphito-prevention.fr\/#organization"},"potentialAction":[{"@type":"SearchAction","target":{"@type":"EntryPoint","urlTemplate":"https:\/\/graphito-prevention.fr\/?s={search_term_string}"},"query-input":"required name=search_term_string"}],"inLanguage":"en-US"},{"@type":"Organization","@id":"https:\/\/graphito-prevention.fr\/#organization","name":"Graphito Cr\u00e9ation","url":"https:\/\/graphito-prevention.fr\/","logo":{"@type":"ImageObject","inLanguage":"en-US","@id":"https:\/\/graphito-prevention.fr\/#\/schema\/logo\/image\/","url":"https:\/\/graphito-prevention.fr\/wp-content\/uploads\/2018\/03\/graphito-small.png","contentUrl":"https:\/\/graphito-prevention.fr\/wp-content\/uploads\/2018\/03\/graphito-small.png","width":128,"height":54,"caption":"Graphito Cr\u00e9ation"},"image":{"@id":"https:\/\/graphito-prevention.fr\/#\/schema\/logo\/image\/"},"sameAs":["https:\/\/www.facebook.com\/GraphitoPrevention\/","https:\/\/twitter.com\/GraphitoPrev","https:\/\/www.linkedin.com\/company\/10174627\/","https:\/\/www.youtube.com\/channel\/UCe0xe-hQZvvYjrWHIcfcPHA"]}]}},"_links":{"self":[{"href":"https:\/\/graphito-prevention.fr\/en\/wp-json\/wp\/v2\/pages\/13157"}],"collection":[{"href":"https:\/\/graphito-prevention.fr\/en\/wp-json\/wp\/v2\/pages"}],"about":[{"href":"https:\/\/graphito-prevention.fr\/en\/wp-json\/wp\/v2\/types\/page"}],"author":[{"embeddable":true,"href":"https:\/\/graphito-prevention.fr\/en\/wp-json\/wp\/v2\/users\/1"}],"replies":[{"embeddable":true,"href":"https:\/\/graphito-prevention.fr\/en\/wp-json\/wp\/v2\/comments?post=13157"}],"version-history":[{"count":92,"href":"https:\/\/graphito-prevention.fr\/en\/wp-json\/wp\/v2\/pages\/13157\/revisions"}],"predecessor-version":[{"id":19741,"href":"https:\/\/graphito-prevention.fr\/en\/wp-json\/wp\/v2\/pages\/13157\/revisions\/19741"}],"up":[{"embeddable":true,"href":"https:\/\/graphito-prevention.fr\/en\/wp-json\/wp\/v2\/pages\/13151"}],"wp:attachment":[{"href":"https:\/\/graphito-prevention.fr\/en\/wp-json\/wp\/v2\/media?parent=13157"}],"curies":[{"name":"wp","href":"https:\/\/api.w.org\/{rel}","templated":true}]}}