{"id":13649,"date":"2018-04-13T16:55:06","date_gmt":"2018-04-13T14:55:06","guid":{"rendered":"http:\/\/graphito-prevention.fr\/?page_id=13649"},"modified":"2023-02-28T09:58:07","modified_gmt":"2023-02-28T08:58:07","slug":"outils-individuels","status":"publish","type":"page","link":"https:\/\/graphito-prevention.fr\/en\/outils-supports\/outils-individuels\/","title":{"rendered":"Outils individuels"},"content":{"rendered":"<p><div class=\"fusion-fullwidth fullwidth-box fusion-builder-row-4 nonhundred-percent-fullwidth non-hundred-percent-height-scrolling\"  style='background-color: rgba(255,255,255,0);background-position: center center;background-repeat: no-repeat;padding-top:0px;padding-right:0px;padding-bottom:0px;padding-left:0px;'><div class=\"fusion-builder-row fusion-row \"><div  class=\"fusion-layout-column fusion_builder_column fusion_builder_column_1_1 fusion-builder-column-8 fusion-one-full fusion-column-first fusion-column-last 1_1\"  style='margin-top:0px;margin-bottom:20px;'>\n\t\t\t\t\t<div class=\"fusion-column-wrapper\" style=\"padding: 0px 0px 0px 0px;background-position:left top;background-repeat:no-repeat;-webkit-background-size:cover;-moz-background-size:cover;-o-background-size:cover;background-size:cover;\"   data-bg-url=\"\">\n\t\t\t\t\t\t<div class=\"fusion-text title-page\"><h1 style=\"text-align: center;\">OUTILS INDIVIDUELS<\/h1>\n<\/div><span class=\"fusion-imageframe imageframe-none imageframe-6 hover-type-none\"><img decoding=\"async\" loading=\"lazy\" src=\"https:\/\/graphito-prevention.fr\/wp-content\/uploads\/2018\/06\/bar_titile.jpg\" data-orig-src=\"http:\/\/graphito-prevention.fr\/wp-content\/uploads\/2018\/06\/bar_titile.jpg\" width=\"1100\" height=\"6\" alt=\"\" title=\"bar_titile\" class=\"lazyload img-responsive wp-image-14674\" srcset=\"data:image\/svg+xml,%3Csvg%20xmlns%3D%27http%3A%2F%2Fwww.w3.org%2F2000%2Fsvg%27%20width%3D%271100%27%20height%3D%276%27%20viewBox%3D%270%200%201100%206%27%3E%3Crect%20width%3D%271100%27%20height%3D%2736%27%20fill-opacity%3D%220%22%2F%3E%3C%2Fsvg%3E\" data-srcset=\"https:\/\/graphito-prevention.fr\/wp-content\/uploads\/2018\/06\/bar_titile-200x1.jpg 200w, https:\/\/graphito-prevention.fr\/wp-content\/uploads\/2018\/06\/bar_titile-400x2.jpg 400w, https:\/\/graphito-prevention.fr\/wp-content\/uploads\/2018\/06\/bar_titile-600x3.jpg 600w, https:\/\/graphito-prevention.fr\/wp-content\/uploads\/2018\/06\/bar_titile-800x4.jpg 800w, https:\/\/graphito-prevention.fr\/wp-content\/uploads\/2018\/06\/bar_titile.jpg 1100w\" data-sizes=\"auto\" data-orig-sizes=\"(max-width: 800px) 100vw, 1100px\" \/><\/span><div class=\"fusion-clearfix\"><\/div>\n\n\t\t\t\t\t<\/div>\n\t\t\t\t<\/div><\/div><\/div><div class=\"fusion-fullwidth fullwidth-box fusion-builder-row-5 nonhundred-percent-fullwidth non-hundred-percent-height-scrolling\"  style='background-color: rgba(255,255,255,0);background-position: center center;background-repeat: no-repeat;padding-top:0px;padding-right:0px;padding-bottom:0px;padding-left:0px;'><div class=\"fusion-builder-row fusion-row \"><div  class=\"fusion-layout-column fusion_builder_column fusion_builder_column_1_1 fusion-builder-column-9 fusion-one-full fusion-column-first fusion-column-last 1_1\"  style='margin-top:0px;margin-bottom:20px;'>\n\t\t\t\t\t<div class=\"fusion-column-wrapper\" style=\"padding: 0px 0px 0px 0px;background-position:left top;background-repeat:no-repeat;-webkit-background-size:cover;-moz-background-size:cover;-o-background-size:cover;background-size:cover;\"   data-bg-url=\"\">\n\t\t\t\t\t\t<div class=\"fusion-text\"><h2>L\u2019association d\u2019un outil individuel et d\u2019un outil collectif permet de <strong>renforcer l\u2019impact<\/strong> du message pr\u00e9vention aupr\u00e8s des collaborateurs.<\/h2>\n<h2>Graphito Pr\u00e9vention propose divers formats d&#8217;outils individuel. N&#8217;h\u00e9sitez pas \u00e0 contacter nos conseillers en strat\u00e9gie pr\u00e9vention pour toute demande de personnalisation ou de <span style=\"color: #ec7c63;\"><strong>cr\u00e9ation sur-mesure.<\/strong><\/span><\/h2>\n<\/div><div class=\"fusion-clearfix\"><\/div>\n\n\t\t\t\t\t<\/div>\n\t\t\t\t<\/div><div  class=\"fusion-layout-column fusion_builder_column fusion_builder_column_1_2 fusion-builder-column-10 fusion-one-half fusion-column-first 1_2\"  style='margin-top:0px;margin-bottom:20px;width:50%;width:calc(50% - ( ( 4% ) * 0.5 ) );margin-right: 4%;'>\n\t\t\t\t\t<div class=\"fusion-column-wrapper\" style=\"padding: 0px 0px 0px 0px;background-position:left top;background-repeat:no-repeat;-webkit-background-size:cover;-moz-background-size:cover;-o-background-size:cover;background-size:cover;\"   data-bg-url=\"\">\n\t\t\t\t\t\t<style type=\"text\/css\"><\/style><div class=\"fusion-title title fusion-title-5 fusion-title-text fusion-title-size-one title-page\" style=\"margin-top:0px;margin-bottom:31px;\"><h1 class=\"title-heading-left\" style=\"margin:0;\"><h1 style=\"text-align: center;\">D\u00c9PLIANTS<\/h1><\/h1><div class=\"title-sep-container\"><div class=\"title-sep sep-double sep-solid\" style=\"border-color:#e0dede;\"><\/div><\/div><\/div><div class=\"fusion-text\"><p>D\u00e9couvrez l&#8217;ensemble des th\u00e9matiques abord\u00e9es au travers de nos d\u00e9pliants : ergonomie, plain-pied, incendie, risque routier, risques psychosociaux (RPS), etc.<br \/>\nContactez-nous pour cr\u00e9er votre d\u00e9pliant <span style=\"color: #ec7c63;\"><strong>sur-mesure<\/strong><\/span>.<\/p>\n<\/div><span class=\"fusion-imageframe imageframe-none imageframe-7 hover-type-none margin-bottom-10\"><img decoding=\"async\" loading=\"lazy\" src=\"https:\/\/graphito-prevention.fr\/wp-content\/uploads\/2018\/05\/vignette-depliants.jpg\" data-orig-src=\"http:\/\/graphito-prevention.fr\/wp-content\/uploads\/2018\/05\/vignette-depliants-300x247.jpg\" width=\"300\" height=\"247\" alt=\"\" title=\"vignette depliants\" class=\"lazyload img-responsive wp-image-14270\" srcset=\"data:image\/svg+xml,%3Csvg%20xmlns%3D%27http%3A%2F%2Fwww.w3.org%2F2000%2Fsvg%27%20width%3D%27510%27%20height%3D%27420%27%20viewBox%3D%270%200%20510%20420%27%3E%3Crect%20width%3D%27510%27%20height%3D%273420%27%20fill-opacity%3D%220%22%2F%3E%3C%2Fsvg%3E\" data-srcset=\"https:\/\/graphito-prevention.fr\/wp-content\/uploads\/2018\/05\/vignette-depliants-200x165.jpg 200w, https:\/\/graphito-prevention.fr\/wp-content\/uploads\/2018\/05\/vignette-depliants-400x329.jpg 400w, https:\/\/graphito-prevention.fr\/wp-content\/uploads\/2018\/05\/vignette-depliants.jpg 510w\" data-sizes=\"auto\" data-orig-sizes=\"(max-width: 800px) 100vw, 300px\" \/><\/span><div class=\"fusion-button-wrapper fusion-alignleft\"><style type=\"text\/css\">.fusion-button.button-5 {border-radius:1px;}<\/style><a class=\"fusion-button button-flat fusion-button-default-size button-default button-5 fusion-button-default-span fusion-button-default-type padding-left-right-15\" target=\"_self\" href=\"http:\/\/boutique-graphito-prevention.fr\/35-depliants\"><span class=\"fusion-button-text\">D\u00e9couvrez nos d\u00e9pliants existants<\/span><\/a><\/div><div class=\"fusion-clearfix\"><\/div>\n\n\t\t\t\t\t<\/div>\n\t\t\t\t<\/div><div  class=\"fusion-layout-column fusion_builder_column fusion_builder_column_1_2 fusion-builder-column-11 fusion-one-half fusion-column-last 1_2\"  style='margin-top:0px;margin-bottom:20px;width:50%;width:calc(50% - ( ( 4% ) * 0.5 ) );'>\n\t\t\t\t\t<div class=\"fusion-column-wrapper\" style=\"padding: 0px 0px 0px 0px;background-position:left top;background-repeat:no-repeat;-webkit-background-size:cover;-moz-background-size:cover;-o-background-size:cover;background-size:cover;\"   data-bg-url=\"\">\n\t\t\t\t\t\t<style type=\"text\/css\"><\/style><div class=\"fusion-title title fusion-title-6 fusion-title-text fusion-title-size-one title-page\" style=\"margin-top:0px;margin-bottom:31px;\"><h1 class=\"title-heading-left\" style=\"margin:0;\"><h1 style=\"text-align: center;\">R\u00c9GLETTES<\/h1><\/h1><div class=\"title-sep-container\"><div class=\"title-sep sep-double sep-solid\" style=\"border-color:#e0dede;\"><\/div><\/div><\/div><div class=\"fusion-text\"><p>D\u00e9couvrez nos r\u00e9glettes s\u00e9curit\u00e9 abordant diff\u00e9rentes th\u00e9matiques telles que le plain-pied, le routier, les premiers secours, l&#8217;environnement, la vitesse, l&#8217;alcool&#8230;.<br \/>\nPour r\u00e9aliser votre <strong><span style=\"color: #ec7c63;\">r\u00e9glette sur-mesure<\/span><\/strong>, contactez nos conseillers en strat\u00e9gie pr\u00e9vention.<\/p>\n<\/div><span class=\"fusion-imageframe imageframe-none imageframe-8 hover-type-none margin-bottom-10\"><img decoding=\"async\" loading=\"lazy\" src=\"https:\/\/graphito-prevention.fr\/wp-content\/uploads\/2018\/05\/im-categorie-produit-reglettes.jpg\" data-orig-src=\"http:\/\/graphito-prevention.fr\/wp-content\/uploads\/2018\/05\/im-categorie-produit-reglettes-300x247.jpg\" width=\"300\" height=\"247\" alt=\"\" title=\"im-categorie-produit-reglettes\" class=\"lazyload img-responsive wp-image-14271\" srcset=\"data:image\/svg+xml,%3Csvg%20xmlns%3D%27http%3A%2F%2Fwww.w3.org%2F2000%2Fsvg%27%20width%3D%27510%27%20height%3D%27420%27%20viewBox%3D%270%200%20510%20420%27%3E%3Crect%20width%3D%27510%27%20height%3D%273420%27%20fill-opacity%3D%220%22%2F%3E%3C%2Fsvg%3E\" data-srcset=\"https:\/\/graphito-prevention.fr\/wp-content\/uploads\/2018\/05\/im-categorie-produit-reglettes-200x165.jpg 200w, https:\/\/graphito-prevention.fr\/wp-content\/uploads\/2018\/05\/im-categorie-produit-reglettes-400x329.jpg 400w, https:\/\/graphito-prevention.fr\/wp-content\/uploads\/2018\/05\/im-categorie-produit-reglettes.jpg 510w\" data-sizes=\"auto\" data-orig-sizes=\"(max-width: 800px) 100vw, 300px\" \/><\/span><div class=\"fusion-button-wrapper fusion-alignleft\"><style type=\"text\/css\">.fusion-button.button-6 {border-radius:1px;}<\/style><a class=\"fusion-button button-flat fusion-button-default-size button-default button-6 fusion-button-default-span fusion-button-default-type padding-left-right-15\" target=\"_self\" href=\"http:\/\/boutique-graphito-prevention.fr\/41-reglettes\"><span class=\"fusion-button-text\">D\u00e9couvrez nos r\u00e9glettes existantes<\/span><\/a><\/div><div class=\"fusion-clearfix\"><\/div>\n\n\t\t\t\t\t<\/div>\n\t\t\t\t<\/div><div  class=\"fusion-layout-column fusion_builder_column fusion_builder_column_1_2 fusion-builder-column-12 fusion-one-half fusion-column-first 1_2\"  style='margin-top:0px;margin-bottom:20px;width:50%;width:calc(50% - ( ( 4% ) * 0.5 ) );margin-right: 4%;'>\n\t\t\t\t\t<div class=\"fusion-column-wrapper\" style=\"padding: 0px 0px 0px 0px;background-position:left top;background-repeat:no-repeat;-webkit-background-size:cover;-moz-background-size:cover;-o-background-size:cover;background-size:cover;\"   data-bg-url=\"\">\n\t\t\t\t\t\t<style type=\"text\/css\"><\/style><div class=\"fusion-title title fusion-title-7 fusion-title-text fusion-title-size-one title-page\" style=\"margin-top:0px;margin-bottom:31px;\"><h1 class=\"title-heading-left\" style=\"margin:0;\"><h1 style=\"text-align: center;\">LIVRETS<\/h1><\/h1><div class=\"title-sep-container\"><div class=\"title-sep sep-double sep-solid\" style=\"border-color:#e0dede;\"><\/div><\/div><\/div><div class=\"fusion-text\"><p>Graphito aborde diverses th\u00e9matiques gr\u00e2ce \u00e0 ses livrets d\u00e9di\u00e9s : l&#8217;accueil s\u00e9curit\u00e9, les risques sp\u00e9cifiques comme l&#8217;amiante, la conduite d&#8217;engins, l&#8217;ergonomie au poste de travail. Trouvez les principaux risques regroup\u00e9s par secteurs d&#8217;activit\u00e9s : agroalimentaire, industrie, b\u00e2timent, travaux publics, transport , etc.<br \/>\nPour un livret <span style=\"color: #ec7c63;\"><strong>sur-mesure<\/strong><\/span>, contactez nos conseillers.<\/p>\n<\/div><span class=\"fusion-imageframe imageframe-none imageframe-9 hover-type-none margin-bottom-10\"><img decoding=\"async\" loading=\"lazy\" src=\"https:\/\/graphito-prevention.fr\/wp-content\/uploads\/2018\/07\/vignette-livret.jpg\" data-orig-src=\"http:\/\/graphito-prevention.fr\/wp-content\/uploads\/2018\/07\/vignette-livret-300x247.jpg\" width=\"300\" height=\"247\" alt=\"\" title=\"vignette-livret\" class=\"lazyload img-responsive wp-image-15354\" srcset=\"data:image\/svg+xml,%3Csvg%20xmlns%3D%27http%3A%2F%2Fwww.w3.org%2F2000%2Fsvg%27%20width%3D%27510%27%20height%3D%27420%27%20viewBox%3D%270%200%20510%20420%27%3E%3Crect%20width%3D%27510%27%20height%3D%273420%27%20fill-opacity%3D%220%22%2F%3E%3C%2Fsvg%3E\" data-srcset=\"https:\/\/graphito-prevention.fr\/wp-content\/uploads\/2018\/07\/vignette-livret-200x165.jpg 200w, https:\/\/graphito-prevention.fr\/wp-content\/uploads\/2018\/07\/vignette-livret-400x329.jpg 400w, https:\/\/graphito-prevention.fr\/wp-content\/uploads\/2018\/07\/vignette-livret.jpg 510w\" data-sizes=\"auto\" data-orig-sizes=\"(max-width: 800px) 100vw, 300px\" \/><\/span><div class=\"fusion-button-wrapper fusion-alignleft\"><style type=\"text\/css\">.fusion-button.button-7 {border-radius:1px;}<\/style><a class=\"fusion-button button-flat fusion-button-default-size button-default button-7 fusion-button-default-span fusion-button-default-type\" target=\"_self\" href=\"http:\/\/boutique-graphito-prevention.fr\/38-livrets\"><span class=\"fusion-button-text\">D\u00e9couvrez nos livrets existants<\/span><\/a><\/div><div class=\"fusion-clearfix\"><\/div>\n\n\t\t\t\t\t<\/div>\n\t\t\t\t<\/div><div  class=\"fusion-layout-column fusion_builder_column fusion_builder_column_1_2 fusion-builder-column-13 fusion-one-half fusion-column-last 1_2\"  style='margin-top:0px;margin-bottom:20px;width:50%;width:calc(50% - ( ( 4% ) * 0.5 ) );'>\n\t\t\t\t\t<div class=\"fusion-column-wrapper\" style=\"padding: 0px 0px 0px 0px;background-position:left top;background-repeat:no-repeat;-webkit-background-size:cover;-moz-background-size:cover;-o-background-size:cover;background-size:cover;\"   data-bg-url=\"\">\n\t\t\t\t\t\t<style type=\"text\/css\"><\/style><div class=\"fusion-title title fusion-title-8 fusion-title-text fusion-title-size-one title-page\" style=\"margin-top:0px;margin-bottom:31px;\"><h1 class=\"title-heading-left\" style=\"margin:0;\"><h1 style=\"text-align: center;\">QUIZ S\u00c9CURIT\u00c9<\/h1><\/h1><div class=\"title-sep-container\"><div class=\"title-sep sep-double sep-solid\" style=\"border-color:#e0dede;\"><\/div><\/div><\/div><div class=\"fusion-text\"><p>Testez vos collaborateurs avec nos quiz s\u00e9curit\u00e9. Ces quiz sont disponibles sur diff\u00e9rentes th\u00e9matiques :<\/p>\n<p>Environnement, risque sonore, risque plain-pied, le port des EPI, etc.<\/p>\n<\/div><span class=\"fusion-imageframe imageframe-none imageframe-10 hover-type-none margin-bottom-10\"><img decoding=\"async\" loading=\"lazy\" src=\"https:\/\/graphito-prevention.fr\/wp-content\/uploads\/2018\/07\/vignette-quiz.jpg\" data-orig-src=\"http:\/\/graphito-prevention.fr\/wp-content\/uploads\/2018\/07\/vignette-quiz-300x247.jpg\" width=\"300\" height=\"247\" alt=\"\" title=\"vignette-quiz\" class=\"lazyload img-responsive wp-image-15355\" srcset=\"data:image\/svg+xml,%3Csvg%20xmlns%3D%27http%3A%2F%2Fwww.w3.org%2F2000%2Fsvg%27%20width%3D%27510%27%20height%3D%27420%27%20viewBox%3D%270%200%20510%20420%27%3E%3Crect%20width%3D%27510%27%20height%3D%273420%27%20fill-opacity%3D%220%22%2F%3E%3C%2Fsvg%3E\" data-srcset=\"https:\/\/graphito-prevention.fr\/wp-content\/uploads\/2018\/07\/vignette-quiz-200x165.jpg 200w, https:\/\/graphito-prevention.fr\/wp-content\/uploads\/2018\/07\/vignette-quiz-400x329.jpg 400w, https:\/\/graphito-prevention.fr\/wp-content\/uploads\/2018\/07\/vignette-quiz.jpg 510w\" data-sizes=\"auto\" data-orig-sizes=\"(max-width: 800px) 100vw, 300px\" \/><\/span><div class=\"fusion-sep-clear\"><\/div><div class=\"fusion-separator fusion-full-width-sep sep-none\" style=\"margin-left: auto;margin-right: auto;margin-top:5px;margin-bottom:5px;\"><\/div><div class=\"fusion-button-wrapper fusion-alignleft\"><style type=\"text\/css\">.fusion-button.button-8 {border-radius:1px;}<\/style><a class=\"fusion-button button-flat fusion-button-default-size button-default button-8 fusion-button-default-span fusion-button-default-type\" target=\"_self\" href=\"http:\/\/boutique-graphito-prevention.fr\/40-quiz-securite\"><span class=\"fusion-button-text\">D\u00e9couvrez nos quiz s\u00e9curit\u00e9<\/span><\/a><\/div><div class=\"fusion-clearfix\"><\/div>\n\n\t\t\t\t\t<\/div>\n\t\t\t\t<\/div><\/div><\/div><div class=\"fusion-fullwidth fullwidth-box fusion-builder-row-6 fusion-parallax-none nonhundred-percent-fullwidth non-hundred-percent-height-scrolling lazyload\"  style='background-color: rgba(255,255,255,0);background-position: left bottom;background-repeat: repeat-x;padding-top:0px;padding-right:0px;padding-bottom:0px;padding-left:0px;' data-bg=\"http:\/\/graphito-prevention.fr\/wp-content\/uploads\/2018\/05\/creneau.jpg\"><div class=\"fusion-builder-row fusion-row \"><div  class=\"fusion-layout-column fusion_builder_column fusion_builder_column_1_1 fusion-builder-column-14 fusion-one-full fusion-column-first fusion-column-last 1_1\"  style='margin-top:0px;margin-bottom:20px;'>\n\t\t\t\t\t<div class=\"fusion-column-wrapper\" style=\"padding: 0px 0px 0px 0px;background-position:left top;background-repeat:no-repeat;-webkit-background-size:cover;-moz-background-size:cover;-o-background-size:cover;background-size:cover;\"   data-bg-url=\"\">\n\t\t\t\t\t\t<div class=\"fusion-clearfix\"><\/div>\n\n\t\t\t\t\t<\/div>\n\t\t\t\t<\/div><\/div><\/div><\/p>","protected":false},"excerpt":{"rendered":"","protected":false},"author":5,"featured_media":0,"parent":13159,"menu_order":0,"comment_status":"closed","ping_status":"closed","template":"100-width.php","meta":{"_monsterinsights_skip_tracking":false,"_monsterinsights_sitenote_active":false,"_monsterinsights_sitenote_note":"","_monsterinsights_sitenote_category":0},"yoast_head":"<!-- This site is optimized with the Yoast SEO plugin v20.1 - https:\/\/yoast.com\/wordpress\/plugins\/seo\/ -->\n<title>Outils individuels - Graphito Prevention<\/title>\n<meta name=\"robots\" content=\"index, follow, max-snippet:-1, max-image-preview:large, max-video-preview:-1\" \/>\n<link rel=\"canonical\" href=\"https:\/\/graphito-prevention.fr\/outils-supports\/outils-individuels\/\" \/>\n<meta property=\"og:locale\" content=\"en_US\" \/>\n<meta property=\"og:type\" content=\"article\" \/>\n<meta property=\"og:title\" content=\"Outils individuels - Graphito Prevention\" \/>\n<meta property=\"og:url\" content=\"https:\/\/graphito-prevention.fr\/outils-supports\/outils-individuels\/\" \/>\n<meta property=\"og:site_name\" content=\"Graphito Prevention\" \/>\n<meta property=\"article:publisher\" content=\"https:\/\/www.facebook.com\/GraphitoPrevention\/\" \/>\n<meta property=\"article:modified_time\" content=\"2023-02-28T08:58:07+00:00\" \/>\n<meta name=\"twitter:card\" content=\"summary_large_image\" \/>\n<meta name=\"twitter:site\" content=\"@GraphitoPrev\" \/>\n<meta name=\"twitter:label1\" content=\"Est. reading time\" \/>\n\t<meta name=\"twitter:data1\" content=\"5 minutes\" \/>\n<script type=\"application\/ld+json\" class=\"yoast-schema-graph\">{\"@context\":\"https:\/\/schema.org\",\"@graph\":[{\"@type\":\"WebPage\",\"@id\":\"https:\/\/graphito-prevention.fr\/outils-supports\/outils-individuels\/\",\"url\":\"https:\/\/graphito-prevention.fr\/outils-supports\/outils-individuels\/\",\"name\":\"Outils individuels - Graphito Prevention\",\"isPartOf\":{\"@id\":\"https:\/\/graphito-prevention.fr\/#website\"},\"datePublished\":\"2018-04-13T14:55:06+00:00\",\"dateModified\":\"2023-02-28T08:58:07+00:00\",\"breadcrumb\":{\"@id\":\"https:\/\/graphito-prevention.fr\/outils-supports\/outils-individuels\/#breadcrumb\"},\"inLanguage\":\"en-US\",\"potentialAction\":[{\"@type\":\"ReadAction\",\"target\":[\"https:\/\/graphito-prevention.fr\/outils-supports\/outils-individuels\/\"]}]},{\"@type\":\"BreadcrumbList\",\"@id\":\"https:\/\/graphito-prevention.fr\/outils-supports\/outils-individuels\/#breadcrumb\",\"itemListElement\":[{\"@type\":\"ListItem\",\"position\":1,\"name\":\"Accueil\",\"item\":\"https:\/\/graphito-prevention.fr\/\"},{\"@type\":\"ListItem\",\"position\":2,\"name\":\"Outils et supports\",\"item\":\"https:\/\/graphito-prevention.fr\/outils-supports\/\"},{\"@type\":\"ListItem\",\"position\":3,\"name\":\"Outils individuels\"}]},{\"@type\":\"WebSite\",\"@id\":\"https:\/\/graphito-prevention.fr\/#website\",\"url\":\"https:\/\/graphito-prevention.fr\/\",\"name\":\"Graphito Prevention\",\"description\":\"Conseil et communication en pr\u00e9vention\",\"publisher\":{\"@id\":\"https:\/\/graphito-prevention.fr\/#organization\"},\"potentialAction\":[{\"@type\":\"SearchAction\",\"target\":{\"@type\":\"EntryPoint\",\"urlTemplate\":\"https:\/\/graphito-prevention.fr\/?s={search_term_string}\"},\"query-input\":\"required name=search_term_string\"}],\"inLanguage\":\"en-US\"},{\"@type\":\"Organization\",\"@id\":\"https:\/\/graphito-prevention.fr\/#organization\",\"name\":\"Graphito Cr\u00e9ation\",\"url\":\"https:\/\/graphito-prevention.fr\/\",\"logo\":{\"@type\":\"ImageObject\",\"inLanguage\":\"en-US\",\"@id\":\"https:\/\/graphito-prevention.fr\/#\/schema\/logo\/image\/\",\"url\":\"https:\/\/graphito-prevention.fr\/wp-content\/uploads\/2018\/03\/graphito-small.png\",\"contentUrl\":\"https:\/\/graphito-prevention.fr\/wp-content\/uploads\/2018\/03\/graphito-small.png\",\"width\":128,\"height\":54,\"caption\":\"Graphito Cr\u00e9ation\"},\"image\":{\"@id\":\"https:\/\/graphito-prevention.fr\/#\/schema\/logo\/image\/\"},\"sameAs\":[\"https:\/\/www.facebook.com\/GraphitoPrevention\/\",\"https:\/\/twitter.com\/GraphitoPrev\",\"https:\/\/www.linkedin.com\/company\/10174627\/\",\"https:\/\/www.youtube.com\/channel\/UCe0xe-hQZvvYjrWHIcfcPHA\"]}]}<\/script>\n<!-- \/ Yoast SEO plugin. -->","yoast_head_json":{"title":"Outils individuels - Graphito Prevention","robots":{"index":"index","follow":"follow","max-snippet":"max-snippet:-1","max-image-preview":"max-image-preview:large","max-video-preview":"max-video-preview:-1"},"canonical":"https:\/\/graphito-prevention.fr\/outils-supports\/outils-individuels\/","og_locale":"en_US","og_type":"article","og_title":"Outils individuels - Graphito Prevention","og_url":"https:\/\/graphito-prevention.fr\/outils-supports\/outils-individuels\/","og_site_name":"Graphito Prevention","article_publisher":"https:\/\/www.facebook.com\/GraphitoPrevention\/","article_modified_time":"2023-02-28T08:58:07+00:00","twitter_card":"summary_large_image","twitter_site":"@GraphitoPrev","twitter_misc":{"Est. reading time":"5 minutes"},"schema":{"@context":"https:\/\/schema.org","@graph":[{"@type":"WebPage","@id":"https:\/\/graphito-prevention.fr\/outils-supports\/outils-individuels\/","url":"https:\/\/graphito-prevention.fr\/outils-supports\/outils-individuels\/","name":"Outils individuels - Graphito Prevention","isPartOf":{"@id":"https:\/\/graphito-prevention.fr\/#website"},"datePublished":"2018-04-13T14:55:06+00:00","dateModified":"2023-02-28T08:58:07+00:00","breadcrumb":{"@id":"https:\/\/graphito-prevention.fr\/outils-supports\/outils-individuels\/#breadcrumb"},"inLanguage":"en-US","potentialAction":[{"@type":"ReadAction","target":["https:\/\/graphito-prevention.fr\/outils-supports\/outils-individuels\/"]}]},{"@type":"BreadcrumbList","@id":"https:\/\/graphito-prevention.fr\/outils-supports\/outils-individuels\/#breadcrumb","itemListElement":[{"@type":"ListItem","position":1,"name":"Accueil","item":"https:\/\/graphito-prevention.fr\/"},{"@type":"ListItem","position":2,"name":"Outils et supports","item":"https:\/\/graphito-prevention.fr\/outils-supports\/"},{"@type":"ListItem","position":3,"name":"Outils individuels"}]},{"@type":"WebSite","@id":"https:\/\/graphito-prevention.fr\/#website","url":"https:\/\/graphito-prevention.fr\/","name":"Graphito Prevention","description":"Conseil et communication en pr\u00e9vention","publisher":{"@id":"https:\/\/graphito-prevention.fr\/#organization"},"potentialAction":[{"@type":"SearchAction","target":{"@type":"EntryPoint","urlTemplate":"https:\/\/graphito-prevention.fr\/?s={search_term_string}"},"query-input":"required name=search_term_string"}],"inLanguage":"en-US"},{"@type":"Organization","@id":"https:\/\/graphito-prevention.fr\/#organization","name":"Graphito Cr\u00e9ation","url":"https:\/\/graphito-prevention.fr\/","logo":{"@type":"ImageObject","inLanguage":"en-US","@id":"https:\/\/graphito-prevention.fr\/#\/schema\/logo\/image\/","url":"https:\/\/graphito-prevention.fr\/wp-content\/uploads\/2018\/03\/graphito-small.png","contentUrl":"https:\/\/graphito-prevention.fr\/wp-content\/uploads\/2018\/03\/graphito-small.png","width":128,"height":54,"caption":"Graphito Cr\u00e9ation"},"image":{"@id":"https:\/\/graphito-prevention.fr\/#\/schema\/logo\/image\/"},"sameAs":["https:\/\/www.facebook.com\/GraphitoPrevention\/","https:\/\/twitter.com\/GraphitoPrev","https:\/\/www.linkedin.com\/company\/10174627\/","https:\/\/www.youtube.com\/channel\/UCe0xe-hQZvvYjrWHIcfcPHA"]}]}},"_links":{"self":[{"href":"https:\/\/graphito-prevention.fr\/en\/wp-json\/wp\/v2\/pages\/13649"}],"collection":[{"href":"https:\/\/graphito-prevention.fr\/en\/wp-json\/wp\/v2\/pages"}],"about":[{"href":"https:\/\/graphito-prevention.fr\/en\/wp-json\/wp\/v2\/types\/page"}],"author":[{"embeddable":true,"href":"https:\/\/graphito-prevention.fr\/en\/wp-json\/wp\/v2\/users\/5"}],"replies":[{"embeddable":true,"href":"https:\/\/graphito-prevention.fr\/en\/wp-json\/wp\/v2\/comments?post=13649"}],"version-history":[{"count":33,"href":"https:\/\/graphito-prevention.fr\/en\/wp-json\/wp\/v2\/pages\/13649\/revisions"}],"predecessor-version":[{"id":19699,"href":"https:\/\/graphito-prevention.fr\/en\/wp-json\/wp\/v2\/pages\/13649\/revisions\/19699"}],"up":[{"embeddable":true,"href":"https:\/\/graphito-prevention.fr\/en\/wp-json\/wp\/v2\/pages\/13159"}],"wp:attachment":[{"href":"https:\/\/graphito-prevention.fr\/en\/wp-json\/wp\/v2\/media?parent=13649"}],"curies":[{"name":"wp","href":"https:\/\/api.w.org\/{rel}","templated":true}]}}